{"id":4064,"date":"2021-07-09T13:30:18","date_gmt":"2021-07-09T17:30:20","guid":{"rendered":"https:\/\/www.pianoheritage.com\/?post_type=product&#038;p=4064"},"modified":"2021-09-05T16:48:05","modified_gmt":"2021-09-05T20:48:05","slug":"yamaha-apxt2","status":"publish","type":"product","link":"https:\/\/www.pianoheritage.com\/fr\/shop\/guitares\/guitares-acoustiques\/yamaha-apxt2\/","title":{"rendered":"Yamaha APXT2"},"content":{"rendered":"<div id=\"d282575\" class=\"product-lineup-full-width\">\n<div class=\"container-fluid\">\n<div class=\"row\">\n<div class=\"col-xs-12 col-sm-8\">\n<p>Le premier mod\u00e8le de la s\u00e9rie APX Travel a \u00e9t\u00e9 lanc\u00e9 en D\u00e9cembre 1994. Le mod\u00e8le APXT1 a connu un succ\u00e8s retentiant et c\u2019est impos\u00e9 comme la r\u00e9f\u00e9rence des mod\u00e8les \u00ab compacts \u00bb. La guitare \u00e9lectro-acoustique APXT2 est le mod\u00e8le de guitare \u00abcompacte\u00bb s\u2019inspirant des caract\u00e9ristiques de notre fameuse s\u00e9rie APX. Sa caisse compacte offre un son acoustique compl\u00e9t\u00e9 par un syst\u00e8me de pr\u00e9amplification simple et performant. Instrument de tous vos voyages, l\u2019APXT2 va vite se rendre indispensable pour vos soir\u00e9es autour d\u2019un feu de chemin\u00e9e. Propos\u00e9e en 4 finitions, l\u2019APXT2 est livr\u00e9e en housse pour toujours l\u2019avoir \u00e0 port\u00e9e de main.<\/p>\n<ul>\n<li>Forme de caisse Yamaha APX avec diapason r\u00e9duit<\/li>\n<li>Table en \u00e9pic\u00e9a<\/li>\n<li>Capteur A.R.T. pour une restitution naturelle une fois branch\u00e9e<\/li>\n<li>Housse de transport inclus<\/li>\n<\/ul>\n<\/div>\n<\/div>\n<\/div>\n<\/div>\n","protected":false},"excerpt":{"rendered":"<p>Le corps en ligne mince d\u2019APX allie confort, acc\u00e8s facile et un son clair et \u00e9quilibr\u00e9 parfaitement adapt\u00e9 \u00e0 l\u2019utilisation sur sc\u00e8ne. Le contreventement de type X sp\u00e9cialement con\u00e7u permet au haut de la guitare de chanter et maximise la r\u00e9sonance de la forme unique du corps pour un ton complet et naturel.<\/p>\n","protected":false},"featured_media":4074,"comment_status":"open","ping_status":"closed","template":"","meta":{"jetpack_publicize_message":"","jetpack_publicize_feature_enabled":true,"jetpack_social_post_already_shared":true,"jetpack_social_options":{"image_generator_settings":{"template":"highway","default_image_id":0,"font":"","enabled":false},"version":2}},"product_brand":[],"product_cat":[62],"product_tag":[866],"class_list":{"0":"post-4064","1":"product","2":"type-product","3":"status-publish","4":"has-post-thumbnail","6":"product_cat-guitares-acoustiques","7":"product_tag-apxt2-fr","9":"first","10":"instock","11":"taxable","12":"shipping-taxable","13":"purchasable","14":"product-type-variable"},"jetpack_publicize_connections":[],"jetpack_sharing_enabled":true,"_links":{"self":[{"href":"https:\/\/www.pianoheritage.com\/fr\/wp-json\/wp\/v2\/product\/4064","targetHints":{"allow":["GET"]}}],"collection":[{"href":"https:\/\/www.pianoheritage.com\/fr\/wp-json\/wp\/v2\/product"}],"about":[{"href":"https:\/\/www.pianoheritage.com\/fr\/wp-json\/wp\/v2\/types\/product"}],"replies":[{"embeddable":true,"href":"https:\/\/www.pianoheritage.com\/fr\/wp-json\/wp\/v2\/comments?post=4064"}],"wp:featuredmedia":[{"embeddable":true,"href":"https:\/\/www.pianoheritage.com\/fr\/wp-json\/wp\/v2\/media\/4074"}],"wp:attachment":[{"href":"https:\/\/www.pianoheritage.com\/fr\/wp-json\/wp\/v2\/media?parent=4064"}],"wp:term":[{"taxonomy":"product_brand","embeddable":true,"href":"https:\/\/www.pianoheritage.com\/fr\/wp-json\/wp\/v2\/product_brand?post=4064"},{"taxonomy":"product_cat","embeddable":true,"href":"https:\/\/www.pianoheritage.com\/fr\/wp-json\/wp\/v2\/product_cat?post=4064"},{"taxonomy":"product_tag","embeddable":true,"href":"https:\/\/www.pianoheritage.com\/fr\/wp-json\/wp\/v2\/product_tag?post=4064"}],"curies":[{"name":"wp","href":"https:\/\/api.w.org\/{rel}","templated":true}]}}