{"id":3868,"date":"2021-06-27T13:46:25","date_gmt":"2021-06-27T17:46:25","guid":{"rendered":"https:\/\/www.pianoheritage.com\/?post_type=product&#038;p=3868"},"modified":"2024-08-08T11:42:54","modified_gmt":"2024-08-08T15:42:54","slug":"yamaha-yus5-sh3","status":"publish","type":"product","link":"https:\/\/www.pianoheritage.com\/fr\/shop\/pianos-yamaha\/pianos-acoustiques-droits\/yamaha-yus5-sh3\/","title":{"rendered":"Yamaha YUS5 SH3"},"content":{"rendered":"<p>Fabriqu\u00e9 avec les meilleurs mat\u00e9riaux, le YUS5 offre le raffinement d&rsquo;un look \u00e9l\u00e9gant combin\u00e9 \u00e0 un contr\u00f4le tr\u00e8s expressif du clavier, ainsi qu&rsquo;un son superbe. Le clavier exclusif en ivorite procure une sensation de toucher tr\u00e8s naturelle.<\/p>\n<p class=\"video-container\">\n","protected":false},"excerpt":{"rendered":"<p>Fabriqu\u00e9 avec les meilleurs mat\u00e9riaux, le YUS5 offre le raffinement d&rsquo;un look \u00e9l\u00e9gant combin\u00e9 \u00e0 un contr\u00f4le tr\u00e8s expressif du clavier, ainsi qu&rsquo;un son superbe. Le clavier exclusif en ivorite procure une sensation de toucher tr\u00e8s naturelle.<\/p>\n","protected":false},"featured_media":3871,"comment_status":"open","ping_status":"closed","template":"","meta":{"jetpack_publicize_message":"","jetpack_publicize_feature_enabled":true,"jetpack_social_post_already_shared":true,"jetpack_social_options":{"image_generator_settings":{"template":"highway","default_image_id":0,"font":"","enabled":false},"version":2}},"product_brand":[],"product_cat":[67],"product_tag":[],"class_list":{"0":"post-3868","1":"product","2":"type-product","3":"status-publish","4":"has-post-thumbnail","6":"product_cat-pianos-acoustiques-droits","8":"first","9":"instock","10":"taxable","11":"shipping-taxable","12":"product-type-simple"},"jetpack_publicize_connections":[],"jetpack_sharing_enabled":true,"_links":{"self":[{"href":"https:\/\/www.pianoheritage.com\/fr\/wp-json\/wp\/v2\/product\/3868","targetHints":{"allow":["GET"]}}],"collection":[{"href":"https:\/\/www.pianoheritage.com\/fr\/wp-json\/wp\/v2\/product"}],"about":[{"href":"https:\/\/www.pianoheritage.com\/fr\/wp-json\/wp\/v2\/types\/product"}],"replies":[{"embeddable":true,"href":"https:\/\/www.pianoheritage.com\/fr\/wp-json\/wp\/v2\/comments?post=3868"}],"wp:featuredmedia":[{"embeddable":true,"href":"https:\/\/www.pianoheritage.com\/fr\/wp-json\/wp\/v2\/media\/3871"}],"wp:attachment":[{"href":"https:\/\/www.pianoheritage.com\/fr\/wp-json\/wp\/v2\/media?parent=3868"}],"wp:term":[{"taxonomy":"product_brand","embeddable":true,"href":"https:\/\/www.pianoheritage.com\/fr\/wp-json\/wp\/v2\/product_brand?post=3868"},{"taxonomy":"product_cat","embeddable":true,"href":"https:\/\/www.pianoheritage.com\/fr\/wp-json\/wp\/v2\/product_cat?post=3868"},{"taxonomy":"product_tag","embeddable":true,"href":"https:\/\/www.pianoheritage.com\/fr\/wp-json\/wp\/v2\/product_tag?post=3868"}],"curies":[{"name":"wp","href":"https:\/\/api.w.org\/{rel}","templated":true}]}}