{"id":3859,"date":"2021-06-27T13:29:26","date_gmt":"2021-06-27T17:29:26","guid":{"rendered":"https:\/\/www.pianoheritage.com\/?post_type=product&#038;p=3859"},"modified":"2024-08-08T12:08:05","modified_gmt":"2024-08-08T16:08:05","slug":"yamaha-yus5-ta3","status":"publish","type":"product","link":"https:\/\/www.pianoheritage.com\/fr\/shop\/pianos-yamaha\/pianos-acoustiques-droits\/yamaha-yus5-ta3\/","title":{"rendered":"Yamaha YUS5 TA3"},"content":{"rendered":"<p>Fabriqu\u00e9 avec les meilleurs mat\u00e9riaux, le YUS5 offre le raffinement d&rsquo;un look \u00e9l\u00e9gant combin\u00e9 \u00e0 un contr\u00f4le tr\u00e8s expressif du clavier, ainsi qu&rsquo;un son superbe. Le clavier exclusif en ivorite procure une sensation de toucher tr\u00e8s naturelle.<\/p>\n<p class=\"description\">Il arrive parfois que jouer du piano provoque aupr\u00e8s de son entourage ou de son voisinage une certaine g\u00eane acoustique. Pour ces situations, l&rsquo;activation de la fonction TransAcoustic\u2122 va emp\u00eacher les marteaux de frapper les cordes. Un syst\u00e8me de capteurs plac\u00e9s sous chaque touche va alors s&rsquo;activer et enregistrer pr\u00e9cis\u00e9ment le jeu du pianiste &#8211; profondeur d&rsquo;enfoncement, v\u00e9locit\u00e9, rythme &#8211; et envoyer l&rsquo;ensemble de ces informations \u00e0 un g\u00e9n\u00e9rateur de sons. Il suffit alors d&rsquo;ajuster le volume et de profiter d&rsquo;un son \u00e9chantillonn\u00e9 diffus\u00e9 au travers de la table d&rsquo;harmonie du piano.<\/p>\n<p>Le piano TransAcoustic\u2122 inclut \u00e9galement le syst\u00e8me Silent SH, reconnu pour ses performances lors d&rsquo;une utilisation au casque. Le piano TransAcoustic\u2122 dispose \u00e9galement du syst\u00e8me d&rsquo;\u00e9chantillonnage binaural a permis de capter le son du piano grand concert Yamaha CFX de mani\u00e8re ultra r\u00e9aliste et procure un confort d&rsquo;\u00e9coute et de rendu incomparable pour le pianiste. Pouvoir jouer sans d\u00e9ranger ou sans \u00eatre d\u00e9rang\u00e9.<\/p>\n<p class=\"video-container\">\n","protected":false},"excerpt":{"rendered":"<p>Fabriqu\u00e9 avec les meilleurs mat\u00e9riaux, le YUS5 offre le raffinement d&rsquo;un look \u00e9l\u00e9gant combin\u00e9 \u00e0 un contr\u00f4le tr\u00e8s expressif du clavier, ainsi qu&rsquo;un son superbe. Le clavier exclusif en ivorite procure une sensation de toucher tr\u00e8s naturelle.<\/p>\n","protected":false},"featured_media":3861,"comment_status":"open","ping_status":"closed","template":"","meta":{"jetpack_publicize_message":"","jetpack_publicize_feature_enabled":true,"jetpack_social_post_already_shared":true,"jetpack_social_options":{"image_generator_settings":{"template":"highway","default_image_id":0,"font":"","enabled":false},"version":2}},"product_brand":[],"product_cat":[67],"product_tag":[],"class_list":{"0":"post-3859","1":"product","2":"type-product","3":"status-publish","4":"has-post-thumbnail","6":"product_cat-pianos-acoustiques-droits","8":"first","9":"instock","10":"taxable","11":"shipping-taxable","12":"product-type-simple"},"jetpack_publicize_connections":[],"jetpack_sharing_enabled":true,"_links":{"self":[{"href":"https:\/\/www.pianoheritage.com\/fr\/wp-json\/wp\/v2\/product\/3859","targetHints":{"allow":["GET"]}}],"collection":[{"href":"https:\/\/www.pianoheritage.com\/fr\/wp-json\/wp\/v2\/product"}],"about":[{"href":"https:\/\/www.pianoheritage.com\/fr\/wp-json\/wp\/v2\/types\/product"}],"replies":[{"embeddable":true,"href":"https:\/\/www.pianoheritage.com\/fr\/wp-json\/wp\/v2\/comments?post=3859"}],"wp:featuredmedia":[{"embeddable":true,"href":"https:\/\/www.pianoheritage.com\/fr\/wp-json\/wp\/v2\/media\/3861"}],"wp:attachment":[{"href":"https:\/\/www.pianoheritage.com\/fr\/wp-json\/wp\/v2\/media?parent=3859"}],"wp:term":[{"taxonomy":"product_brand","embeddable":true,"href":"https:\/\/www.pianoheritage.com\/fr\/wp-json\/wp\/v2\/product_brand?post=3859"},{"taxonomy":"product_cat","embeddable":true,"href":"https:\/\/www.pianoheritage.com\/fr\/wp-json\/wp\/v2\/product_cat?post=3859"},{"taxonomy":"product_tag","embeddable":true,"href":"https:\/\/www.pianoheritage.com\/fr\/wp-json\/wp\/v2\/product_tag?post=3859"}],"curies":[{"name":"wp","href":"https:\/\/api.w.org\/{rel}","templated":true}]}}