{"id":3769,"date":"2021-04-18T09:12:19","date_gmt":"2021-04-18T13:12:19","guid":{"rendered":"https:\/\/www.pianoheritage.com\/shop\/non%20class\u00e9\/yamaha-cvp-809-gp\/"},"modified":"2021-09-05T16:49:42","modified_gmt":"2021-09-05T20:49:42","slug":"yamaha-cvp-809-gp","status":"publish","type":"product","link":"https:\/\/www.pianoheritage.com\/fr\/shop\/pianos-yamaha\/pianos-numeriques\/yamaha-cvp-809-gp\/","title":{"rendered":"Yamaha CVP-809 GP"},"content":{"rendered":"<p>Reprenant toutes les caract\u00e9ristiques du CVP-809, le CVP-809GP magnifie votre int\u00e9rieur de sa pr\u00e9sence.<\/p>\n<ul>\n<li>Sonorit\u00e9s de piano CFX et B\u00f6sendorfer Imperial, \u00e9chantillonnage binaural du CFX<\/li>\n<li>Clavier GrandTouch avec contrepoids et un poids unique pour chaque touche du clavier<\/li>\n<li>GP Response Damper Pedal<\/li>\n<li>1,605 Sonorit\u00e9s + 58 Kits Drum\/SFX + 480 Sonorit\u00e9s XG<\/li>\n<li>675 Styles<\/li>\n<li>2 x (40W + 30W + 20W) + 80W<\/li>\n<li>Haut-parleurs 2 x (16cm + 5cm + 2.5cm (d\u00f4me)) + 20cm, Spruce Cone Speaker, Twisted Flare Port<\/li>\n<li>\u00c9cran TFT couleur LCD (tactile), 9.0 pouces 800 x 480 points<\/li>\n<li>Bluetooth\u00ae audio int\u00e9gr\u00e9<\/li>\n<li>Compatible avec l&rsquo;application iOS \u201cSmart Pianist\u201d (Fonctions pour les morceaux uniquement)<\/li>\n<\/ul>\n","protected":false},"excerpt":{"rendered":"<p>Reprenant toutes les caract\u00e9ristiques du CVP-809, le CVP-809GP magnifie votre int\u00e9rieur de sa pr\u00e9sence.<\/p>\n<p class=\"description\">\n","protected":false},"featured_media":3589,"comment_status":"open","ping_status":"closed","template":"","meta":{"jetpack_publicize_message":"","jetpack_publicize_feature_enabled":true,"jetpack_social_post_already_shared":true,"jetpack_social_options":{"image_generator_settings":{"template":"highway","default_image_id":0,"font":"","enabled":false},"version":2}},"product_brand":[],"product_cat":[68,66,64],"product_tag":[],"class_list":{"0":"post-3769","1":"product","2":"type-product","3":"status-publish","4":"has-post-thumbnail","6":"product_cat-pianos-a-queue","7":"product_cat-pianos-numeriques","8":"product_cat-pianos-yamaha","10":"first","11":"outofstock","12":"taxable","13":"shipping-taxable","14":"purchasable","15":"product-type-variable"},"jetpack_publicize_connections":[],"jetpack_sharing_enabled":true,"_links":{"self":[{"href":"https:\/\/www.pianoheritage.com\/fr\/wp-json\/wp\/v2\/product\/3769","targetHints":{"allow":["GET"]}}],"collection":[{"href":"https:\/\/www.pianoheritage.com\/fr\/wp-json\/wp\/v2\/product"}],"about":[{"href":"https:\/\/www.pianoheritage.com\/fr\/wp-json\/wp\/v2\/types\/product"}],"replies":[{"embeddable":true,"href":"https:\/\/www.pianoheritage.com\/fr\/wp-json\/wp\/v2\/comments?post=3769"}],"wp:featuredmedia":[{"embeddable":true,"href":"https:\/\/www.pianoheritage.com\/fr\/wp-json\/wp\/v2\/media\/3589"}],"wp:attachment":[{"href":"https:\/\/www.pianoheritage.com\/fr\/wp-json\/wp\/v2\/media?parent=3769"}],"wp:term":[{"taxonomy":"product_brand","embeddable":true,"href":"https:\/\/www.pianoheritage.com\/fr\/wp-json\/wp\/v2\/product_brand?post=3769"},{"taxonomy":"product_cat","embeddable":true,"href":"https:\/\/www.pianoheritage.com\/fr\/wp-json\/wp\/v2\/product_cat?post=3769"},{"taxonomy":"product_tag","embeddable":true,"href":"https:\/\/www.pianoheritage.com\/fr\/wp-json\/wp\/v2\/product_tag?post=3769"}],"curies":[{"name":"wp","href":"https:\/\/api.w.org\/{rel}","templated":true}]}}