{"id":3760,"date":"2021-04-18T09:07:59","date_gmt":"2021-04-18T13:07:59","guid":{"rendered":"https:\/\/www.pianoheritage.com\/shop\/non%20class\u00e9\/yamaha-cvp-809\/"},"modified":"2021-09-05T16:49:39","modified_gmt":"2021-09-05T20:49:39","slug":"yamaha-cvp-809","status":"publish","type":"product","link":"https:\/\/www.pianoheritage.com\/fr\/shop\/pianos-yamaha\/pianos-numeriques\/yamaha-cvp-809\/","title":{"rendered":"Yamaha CVP-809"},"content":{"rendered":"<p>Le mod\u00e8le phare de la s\u00e9rie CVP, avec l&rsquo;expressivit\u00e9 d&rsquo;un piano \u00e0 queue combin\u00e9e \u00e0 des centaines de sonorit\u00e9s et accompagnements extraordinaires.<\/p>\n<ul>\n<li>Sonorit\u00e9s de piano CFX et B\u00f6sendorfer Imperial, \u00e9chantillonnage binaural du CFX<\/li>\n<li>Clavier GrandTouch avec contrepoids et un poids unique pour chaque touche du clavier<\/li>\n<li>GP Response Damper Pedal<\/li>\n<li>1,605 Sonorit\u00e9s + 58 Kits Drum\/SFX + 480 Sonorit\u00e9s XG<\/li>\n<li>675 Styles<\/li>\n<li>2 x (40W + 30W + 20W) + 80W<\/li>\n<li>Haut-parleurs 2x(16cm + 5cm + 2.5cm (d\u00f4me)) + 20cm, Spruce Cone Speaker, Twisted Flare Port<\/li>\n<li>\u00c9cran TFT couleur LCD (tactile), 9.0 pouces 800 x 480 points<\/li>\n<li>Bluetooth\u00ae audio int\u00e9gr\u00e9<\/li>\n<li>Compatible avec l&rsquo;application iOS \u201cSmart Pianist\u201d (Fonctions pour les morceaux uniquement)<\/li>\n<\/ul>\n","protected":false},"excerpt":{"rendered":"<p>Le mod\u00e8le phare de la s\u00e9rie CVP, avec l&rsquo;expressivit\u00e9 d&rsquo;un piano \u00e0 queue combin\u00e9e \u00e0 des centaines de sonorit\u00e9s et accompagnements extraordinaires.<\/p>\n<p class=\"description\">\n","protected":false},"featured_media":3584,"comment_status":"open","ping_status":"closed","template":"","meta":{"jetpack_publicize_message":"","jetpack_publicize_feature_enabled":true,"jetpack_social_post_already_shared":true,"jetpack_social_options":{"image_generator_settings":{"template":"highway","default_image_id":0,"font":"","enabled":false},"version":2}},"product_brand":[],"product_cat":[66,64],"product_tag":[],"class_list":{"0":"post-3760","1":"product","2":"type-product","3":"status-publish","4":"has-post-thumbnail","6":"product_cat-pianos-numeriques","7":"product_cat-pianos-yamaha","9":"first","10":"instock","11":"taxable","12":"shipping-taxable","13":"purchasable","14":"product-type-variable"},"jetpack_publicize_connections":[],"jetpack_sharing_enabled":true,"_links":{"self":[{"href":"https:\/\/www.pianoheritage.com\/fr\/wp-json\/wp\/v2\/product\/3760","targetHints":{"allow":["GET"]}}],"collection":[{"href":"https:\/\/www.pianoheritage.com\/fr\/wp-json\/wp\/v2\/product"}],"about":[{"href":"https:\/\/www.pianoheritage.com\/fr\/wp-json\/wp\/v2\/types\/product"}],"replies":[{"embeddable":true,"href":"https:\/\/www.pianoheritage.com\/fr\/wp-json\/wp\/v2\/comments?post=3760"}],"wp:featuredmedia":[{"embeddable":true,"href":"https:\/\/www.pianoheritage.com\/fr\/wp-json\/wp\/v2\/media\/3584"}],"wp:attachment":[{"href":"https:\/\/www.pianoheritage.com\/fr\/wp-json\/wp\/v2\/media?parent=3760"}],"wp:term":[{"taxonomy":"product_brand","embeddable":true,"href":"https:\/\/www.pianoheritage.com\/fr\/wp-json\/wp\/v2\/product_brand?post=3760"},{"taxonomy":"product_cat","embeddable":true,"href":"https:\/\/www.pianoheritage.com\/fr\/wp-json\/wp\/v2\/product_cat?post=3760"},{"taxonomy":"product_tag","embeddable":true,"href":"https:\/\/www.pianoheritage.com\/fr\/wp-json\/wp\/v2\/product_tag?post=3760"}],"curies":[{"name":"wp","href":"https:\/\/api.w.org\/{rel}","templated":true}]}}