{"id":3695,"date":"2021-06-22T11:47:30","date_gmt":"2021-06-22T15:47:30","guid":{"rendered":"https:\/\/www.pianoheritage.com\/?post_type=product&#038;p=3695"},"modified":"2021-09-05T16:52:04","modified_gmt":"2021-09-05T20:52:04","slug":"yamaha-jr2s","status":"publish","type":"product","link":"https:\/\/www.pianoheritage.com\/fr\/shop\/guitares\/guitares-acoustiques\/yamaha-jr2s\/","title":{"rendered":"Yamaha JR2S"},"content":{"rendered":"<p>La nouvelle guitare folk JR2S est le nouveau mod\u00e8le de guitare \u00ab\u00a0compacte\u00a0\u00bb s&rsquo;inspirant des caract\u00e9ristiques de notre fameuse s\u00e9rie FG. Sa table en \u00e9pic\u00e9a massif, son dos et ses \u00e9clisses finition acajou offrent une tr\u00e8s belle projection et un son acoustique r\u00e9solument authentique. Instrument de tous vos voyages, la nouvelle JR2S, livr\u00e9e en housse, va vite se rendre indispensable.<\/p>\n<ul>\n<li>3\/4 Size FG Body<\/li>\n<li>Solid Spruce Top<\/li>\n<li>Mahogany UTF (Ultra Thin Film) That Offers Beautiful Looks<\/li>\n<li>Original Gigbag Included<\/li>\n<\/ul>\n","protected":false},"excerpt":{"rendered":"<p>La nouvelle guitare folk JR2S est le nouveau mod\u00e8le de guitare \u00ab\u00a0compacte\u00a0\u00bb s&rsquo;inspirant des caract\u00e9ristiques de notre fameuse s\u00e9rie FG.<\/p>\n","protected":false},"featured_media":3697,"comment_status":"open","ping_status":"closed","template":"","meta":{"jetpack_publicize_message":"","jetpack_publicize_feature_enabled":true,"jetpack_social_post_already_shared":true,"jetpack_social_options":{"image_generator_settings":{"template":"highway","default_image_id":0,"font":"","enabled":false},"version":2}},"product_brand":[],"product_cat":[61,62],"product_tag":[],"class_list":{"0":"post-3695","1":"product","2":"type-product","3":"status-publish","4":"has-post-thumbnail","6":"product_cat-guitares","7":"product_cat-guitares-acoustiques","9":"first","10":"instock","11":"taxable","12":"shipping-taxable","13":"purchasable","14":"product-type-variable"},"jetpack_publicize_connections":[],"jetpack_sharing_enabled":true,"_links":{"self":[{"href":"https:\/\/www.pianoheritage.com\/fr\/wp-json\/wp\/v2\/product\/3695","targetHints":{"allow":["GET"]}}],"collection":[{"href":"https:\/\/www.pianoheritage.com\/fr\/wp-json\/wp\/v2\/product"}],"about":[{"href":"https:\/\/www.pianoheritage.com\/fr\/wp-json\/wp\/v2\/types\/product"}],"replies":[{"embeddable":true,"href":"https:\/\/www.pianoheritage.com\/fr\/wp-json\/wp\/v2\/comments?post=3695"}],"wp:featuredmedia":[{"embeddable":true,"href":"https:\/\/www.pianoheritage.com\/fr\/wp-json\/wp\/v2\/media\/3697"}],"wp:attachment":[{"href":"https:\/\/www.pianoheritage.com\/fr\/wp-json\/wp\/v2\/media?parent=3695"}],"wp:term":[{"taxonomy":"product_brand","embeddable":true,"href":"https:\/\/www.pianoheritage.com\/fr\/wp-json\/wp\/v2\/product_brand?post=3695"},{"taxonomy":"product_cat","embeddable":true,"href":"https:\/\/www.pianoheritage.com\/fr\/wp-json\/wp\/v2\/product_cat?post=3695"},{"taxonomy":"product_tag","embeddable":true,"href":"https:\/\/www.pianoheritage.com\/fr\/wp-json\/wp\/v2\/product_tag?post=3695"}],"curies":[{"name":"wp","href":"https:\/\/api.w.org\/{rel}","templated":true}]}}