{"id":3683,"date":"2021-06-22T11:24:02","date_gmt":"2021-06-22T15:24:02","guid":{"rendered":"https:\/\/www.pianoheritage.com\/?post_type=product&#038;p=3683"},"modified":"2021-09-05T16:48:38","modified_gmt":"2021-09-05T20:48:38","slug":"yamaha-cg122ms","status":"publish","type":"product","link":"https:\/\/www.pianoheritage.com\/fr\/shop\/guitares\/guitares-acoustiques\/yamaha-cg122ms\/","title":{"rendered":"Yamaha CG122MS"},"content":{"rendered":"<p>Ce mod\u00e8le d\u2019entr\u00e9e offre un haut solide \u00e0 un prix abordable. C\u2019est le seul mod\u00e8le avec un fini mat de la s\u00e9rie et sa qualit\u00e9 sonore se distingue s\u00fbrement dans cette gamme de prix. Il y a deux variantes disponibles, le dessus en c\u00e8dre solide et le dessus solide d\u2019\u00e9pinette.<\/p>\n<p><b>SPECIFICATIONS<\/b><\/p>\n<p>\u2022 Top: Solid Engelmann Spruce<br \/>\n\u2022 Back: Nato<br \/>\n\u2022 Sides: Nato<br \/>\n\u2022 Neck: Nato<br \/>\n\u2022 Fingerboard: Rosewood<br \/>\n\u2022 Bridge: Rosewood<br \/>\n\u2022 Body Depth: 3.7-3.94&Prime; (94-100mm)<br \/>\n\u2022 Nut Width: 2.05&Prime; (52mm)<br \/>\n\u2022 String Length: 25.6&Prime; (650mm)<br \/>\n\u2022 Finish: Matte<\/p>\n","protected":false},"excerpt":{"rendered":"<p>The CG122MS is an entry model that offers a solid top at an affordable price.<\/p>\n","protected":false},"featured_media":3685,"comment_status":"open","ping_status":"closed","template":"","meta":{"jetpack_publicize_message":"","jetpack_publicize_feature_enabled":true,"jetpack_social_post_already_shared":true,"jetpack_social_options":{"image_generator_settings":{"template":"highway","default_image_id":0,"font":"","enabled":false},"version":2}},"product_brand":[],"product_cat":[61,62],"product_tag":[],"class_list":{"0":"post-3683","1":"product","2":"type-product","3":"status-publish","4":"has-post-thumbnail","6":"product_cat-guitares","7":"product_cat-guitares-acoustiques","9":"first","10":"instock","11":"taxable","12":"shipping-taxable","13":"purchasable","14":"product-type-simple"},"jetpack_publicize_connections":[],"jetpack_sharing_enabled":true,"_links":{"self":[{"href":"https:\/\/www.pianoheritage.com\/fr\/wp-json\/wp\/v2\/product\/3683","targetHints":{"allow":["GET"]}}],"collection":[{"href":"https:\/\/www.pianoheritage.com\/fr\/wp-json\/wp\/v2\/product"}],"about":[{"href":"https:\/\/www.pianoheritage.com\/fr\/wp-json\/wp\/v2\/types\/product"}],"replies":[{"embeddable":true,"href":"https:\/\/www.pianoheritage.com\/fr\/wp-json\/wp\/v2\/comments?post=3683"}],"wp:featuredmedia":[{"embeddable":true,"href":"https:\/\/www.pianoheritage.com\/fr\/wp-json\/wp\/v2\/media\/3685"}],"wp:attachment":[{"href":"https:\/\/www.pianoheritage.com\/fr\/wp-json\/wp\/v2\/media?parent=3683"}],"wp:term":[{"taxonomy":"product_brand","embeddable":true,"href":"https:\/\/www.pianoheritage.com\/fr\/wp-json\/wp\/v2\/product_brand?post=3683"},{"taxonomy":"product_cat","embeddable":true,"href":"https:\/\/www.pianoheritage.com\/fr\/wp-json\/wp\/v2\/product_cat?post=3683"},{"taxonomy":"product_tag","embeddable":true,"href":"https:\/\/www.pianoheritage.com\/fr\/wp-json\/wp\/v2\/product_tag?post=3683"}],"curies":[{"name":"wp","href":"https:\/\/api.w.org\/{rel}","templated":true}]}}