{"id":3661,"date":"2021-06-13T12:39:03","date_gmt":"2021-06-13T16:39:03","guid":{"rendered":"https:\/\/www.pianoheritage.com\/?post_type=product&#038;p=3661"},"modified":"2021-09-05T16:53:15","modified_gmt":"2021-09-05T20:53:15","slug":"yamaha-pacifica-pac112vm","status":"publish","type":"product","link":"https:\/\/www.pianoheritage.com\/fr\/shop\/guitares\/guitares-electriques\/yamaha-pacifica-pac112vm\/","title":{"rendered":"Yamaha Pacifica PAC112VM"},"content":{"rendered":"<p>D\u00e9clinaison de la PA112V avec une magnifique touche en \u00e9rable. La PA112VM se caract\u00e9rise par des micros Alnico plus tranchants, un pickgard modifi\u00e9 et un push\/pull pour une palette sonore large et polyvalente. Yamaha offre \u00e0 chaque nouvel acqu\u00e9reur d&rsquo;une Pacifica 112V une le\u00e7on gratuite en ligne avec un professeur des \u00e9coles Yamaha Music School. Depuis plus de 50 ans Yamaha cr\u00e9e et d\u00e9veloppe des techniques d\u2019enseignement et des cours de musique innovants.<\/p>\n<ul>\n<li>Une le\u00e7on gratuite en ligne avec un professeur des \u00e9coles Yamaha Music School<\/li>\n<li>Corps en Aulne<\/li>\n<li>Manche en Erable<\/li>\n<li>Touche en Erable<\/li>\n<li>Configuration HSS<\/li>\n<li>Micro aimants ALNICO V<\/li>\n<li>Interrupteur Push-Pull<\/li>\n<\/ul>\n","protected":false},"excerpt":{"rendered":"<p>D\u00e9clinaison de la PA112V avec une magnifique touche en \u00e9rable.<\/p>\n","protected":false},"featured_media":3838,"comment_status":"open","ping_status":"closed","template":"","meta":{"jetpack_publicize_message":"","jetpack_publicize_feature_enabled":true,"jetpack_social_post_already_shared":true,"jetpack_social_options":{"image_generator_settings":{"template":"highway","default_image_id":0,"font":"","enabled":false},"version":2}},"product_brand":[],"product_cat":[55],"product_tag":[],"class_list":{"0":"post-3661","1":"product","2":"type-product","3":"status-publish","4":"has-post-thumbnail","6":"product_cat-guitares-electriques","8":"first","9":"instock","10":"taxable","11":"shipping-taxable","12":"purchasable","13":"product-type-variable"},"jetpack_publicize_connections":[],"jetpack_sharing_enabled":true,"_links":{"self":[{"href":"https:\/\/www.pianoheritage.com\/fr\/wp-json\/wp\/v2\/product\/3661","targetHints":{"allow":["GET"]}}],"collection":[{"href":"https:\/\/www.pianoheritage.com\/fr\/wp-json\/wp\/v2\/product"}],"about":[{"href":"https:\/\/www.pianoheritage.com\/fr\/wp-json\/wp\/v2\/types\/product"}],"replies":[{"embeddable":true,"href":"https:\/\/www.pianoheritage.com\/fr\/wp-json\/wp\/v2\/comments?post=3661"}],"wp:featuredmedia":[{"embeddable":true,"href":"https:\/\/www.pianoheritage.com\/fr\/wp-json\/wp\/v2\/media\/3838"}],"wp:attachment":[{"href":"https:\/\/www.pianoheritage.com\/fr\/wp-json\/wp\/v2\/media?parent=3661"}],"wp:term":[{"taxonomy":"product_brand","embeddable":true,"href":"https:\/\/www.pianoheritage.com\/fr\/wp-json\/wp\/v2\/product_brand?post=3661"},{"taxonomy":"product_cat","embeddable":true,"href":"https:\/\/www.pianoheritage.com\/fr\/wp-json\/wp\/v2\/product_cat?post=3661"},{"taxonomy":"product_tag","embeddable":true,"href":"https:\/\/www.pianoheritage.com\/fr\/wp-json\/wp\/v2\/product_tag?post=3661"}],"curies":[{"name":"wp","href":"https:\/\/api.w.org\/{rel}","templated":true}]}}