{"id":3301,"date":"2020-11-19T17:23:31","date_gmt":"2020-11-19T21:23:33","guid":{"rendered":"https:\/\/www.pianoheritage.com\/?post_type=product&#038;p=3301"},"modified":"2021-09-05T16:51:19","modified_gmt":"2021-09-05T20:51:19","slug":"yamaha-hph-100-ecouteurs","status":"publish","type":"product","link":"https:\/\/www.pianoheritage.com\/fr\/shop\/accessoires\/ecouteurs\/yamaha-hph-100-ecouteurs\/","title":{"rendered":"Yamaha HPH-100 \u00e9couteurs"},"content":{"rendered":"<p>Casque ferm\u00e9 confortable avec une qualit\u00e9 sonore agr\u00e9able, offrant un son puissant et un son riche.<\/p>\n<p>Le casque HPH-100 offre un \u00e9quilibre parfait entre les basses et les aigus, que ce soit lors de l\u2019\u00e9coute d\u2019un enregistrement ou lors d\u2019une interpr\u00e9tation musicale sur un piano num\u00e9rique. De plus, pour un confort d&rsquo;utilisation accru, il est muni d\u2019un c\u00e2ble unilat\u00e9ral qui \u00e9vite toute g\u00eane pour l\u2019utilisateur.<\/p>\n","protected":false},"excerpt":{"rendered":"<p>Casque ferm\u00e9 confortable avec une qualit\u00e9 sonore agr\u00e9able, offrant un son puissant et un son riche<\/p>\n","protected":false},"featured_media":3307,"comment_status":"open","ping_status":"closed","template":"","meta":{"jetpack_publicize_message":"","jetpack_publicize_feature_enabled":true,"jetpack_social_post_already_shared":true,"jetpack_social_options":{"image_generator_settings":{"template":"highway","default_image_id":0,"font":"","enabled":false},"version":2}},"product_brand":[],"product_cat":[103],"product_tag":[],"class_list":{"0":"post-3301","1":"product","2":"type-product","3":"status-publish","4":"has-post-thumbnail","6":"product_cat-ecouteurs","8":"first","9":"instock","10":"taxable","11":"shipping-taxable","12":"purchasable","13":"product-type-variable"},"jetpack_publicize_connections":[],"jetpack_sharing_enabled":true,"_links":{"self":[{"href":"https:\/\/www.pianoheritage.com\/fr\/wp-json\/wp\/v2\/product\/3301","targetHints":{"allow":["GET"]}}],"collection":[{"href":"https:\/\/www.pianoheritage.com\/fr\/wp-json\/wp\/v2\/product"}],"about":[{"href":"https:\/\/www.pianoheritage.com\/fr\/wp-json\/wp\/v2\/types\/product"}],"replies":[{"embeddable":true,"href":"https:\/\/www.pianoheritage.com\/fr\/wp-json\/wp\/v2\/comments?post=3301"}],"wp:featuredmedia":[{"embeddable":true,"href":"https:\/\/www.pianoheritage.com\/fr\/wp-json\/wp\/v2\/media\/3307"}],"wp:attachment":[{"href":"https:\/\/www.pianoheritage.com\/fr\/wp-json\/wp\/v2\/media?parent=3301"}],"wp:term":[{"taxonomy":"product_brand","embeddable":true,"href":"https:\/\/www.pianoheritage.com\/fr\/wp-json\/wp\/v2\/product_brand?post=3301"},{"taxonomy":"product_cat","embeddable":true,"href":"https:\/\/www.pianoheritage.com\/fr\/wp-json\/wp\/v2\/product_cat?post=3301"},{"taxonomy":"product_tag","embeddable":true,"href":"https:\/\/www.pianoheritage.com\/fr\/wp-json\/wp\/v2\/product_tag?post=3301"}],"curies":[{"name":"wp","href":"https:\/\/api.w.org\/{rel}","templated":true}]}}