{"id":3243,"date":"2020-11-09T16:38:53","date_gmt":"2020-11-09T21:38:53","guid":{"rendered":"https:\/\/www.pianoheritage.com\/?post_type=product&#038;p=3243"},"modified":"2021-09-05T16:54:41","modified_gmt":"2021-09-05T20:54:41","slug":"yamaha-thr5","status":"publish","type":"product","link":"https:\/\/www.pianoheritage.com\/fr\/shop\/denceintes-et-son\/amplificateurs\/yamaha-thr5\/","title":{"rendered":"Yamaha THR5"},"content":{"rendered":"<p>Petit fr\u00e8re du THR10, le THR5 offre la qualit\u00e9 sonore du THR10 sous une forme plus portable, le rendant parfait pour une utilisation \u00e0 la maison ou en voyage.<\/p>\n<p>Simulations d&rsquo;amplis: CLEAN, CRUNCH, LEAD, BRIT HI, MODERN<br \/>\nEffets: CHORUS, FLANGER, PHASER, TREMOLO, DELAY, DLY \/ REV, SPRING, HALL<br \/>\nEQ: TONE<br \/>\nHaut-parleurs: gamme compl\u00e8te de 8 cm x 2<br \/>\nSortie nominale: 10W (5W + 5W)<\/p>\n","protected":false},"excerpt":{"rendered":"<p>Petit fr\u00e8re du THR10, le THR5 offre la qualit\u00e9 sonore du THR10 sous une forme plus portable.<\/p>\n","protected":false},"featured_media":3240,"comment_status":"open","ping_status":"closed","template":"","meta":{"jetpack_publicize_message":"","jetpack_publicize_feature_enabled":true,"jetpack_social_post_already_shared":true,"jetpack_social_options":{"image_generator_settings":{"template":"highway","default_image_id":0,"font":"","enabled":false},"version":2}},"product_brand":[],"product_cat":[69],"product_tag":[],"class_list":{"0":"post-3243","1":"product","2":"type-product","3":"status-publish","4":"has-post-thumbnail","6":"product_cat-amplificateurs","8":"first","9":"instock","10":"sale","11":"taxable","12":"shipping-taxable","13":"purchasable","14":"product-type-simple"},"jetpack_publicize_connections":[],"jetpack_sharing_enabled":true,"_links":{"self":[{"href":"https:\/\/www.pianoheritage.com\/fr\/wp-json\/wp\/v2\/product\/3243","targetHints":{"allow":["GET"]}}],"collection":[{"href":"https:\/\/www.pianoheritage.com\/fr\/wp-json\/wp\/v2\/product"}],"about":[{"href":"https:\/\/www.pianoheritage.com\/fr\/wp-json\/wp\/v2\/types\/product"}],"replies":[{"embeddable":true,"href":"https:\/\/www.pianoheritage.com\/fr\/wp-json\/wp\/v2\/comments?post=3243"}],"wp:featuredmedia":[{"embeddable":true,"href":"https:\/\/www.pianoheritage.com\/fr\/wp-json\/wp\/v2\/media\/3240"}],"wp:attachment":[{"href":"https:\/\/www.pianoheritage.com\/fr\/wp-json\/wp\/v2\/media?parent=3243"}],"wp:term":[{"taxonomy":"product_brand","embeddable":true,"href":"https:\/\/www.pianoheritage.com\/fr\/wp-json\/wp\/v2\/product_brand?post=3243"},{"taxonomy":"product_cat","embeddable":true,"href":"https:\/\/www.pianoheritage.com\/fr\/wp-json\/wp\/v2\/product_cat?post=3243"},{"taxonomy":"product_tag","embeddable":true,"href":"https:\/\/www.pianoheritage.com\/fr\/wp-json\/wp\/v2\/product_tag?post=3243"}],"curies":[{"name":"wp","href":"https:\/\/api.w.org\/{rel}","templated":true}]}}