{"id":3213,"date":"2020-10-25T16:48:17","date_gmt":"2020-10-25T20:52:31","guid":{"rendered":"https:\/\/www.pianoheritage.com\/?post_type=product&#038;p=3213"},"modified":"2021-09-05T16:49:15","modified_gmt":"2021-09-05T20:49:15","slug":"yamaha-cp-73","status":"publish","type":"product","link":"https:\/\/www.pianoheritage.com\/fr\/shop\/pianos-yamaha\/claviers\/yamaha-cp-73\/","title":{"rendered":"Yamaha CP-73"},"content":{"rendered":"<p class=\"description\">Les CP73 et 88 recr\u00e9ent trois pianos \u00e0 queue de concert haut de gamme: le Yamaha CFX, le Yamaha S700 et le B\u00f6sendorfer Imperial 290. Ces pianos offrent une tr\u00e8s grande expression dynamique et de magnifiques nuances gr\u00e2ce \u00e0 un enregistrement et une \u00e9dition m\u00e9ticuleux.<\/p>\n","protected":false},"excerpt":{"rendered":"<p class=\"description\">Les CP73 et 88 recr\u00e9ent trois pianos \u00e0 queue de concert haut de gamme: le Yamaha CFX, le Yamaha S700 et le B\u00f6sendorfer Imperial 290. Ces pianos offrent une tr\u00e8s grande expression dynamique et de magnifiques nuances gr\u00e2ce \u00e0 un enregistrement et une \u00e9dition m\u00e9ticuleux.<\/p>\n","protected":false},"featured_media":3212,"comment_status":"open","ping_status":"closed","template":"","meta":{"jetpack_publicize_message":"","jetpack_publicize_feature_enabled":true,"jetpack_social_post_already_shared":true,"jetpack_social_options":{"image_generator_settings":{"template":"highway","default_image_id":0,"font":"","enabled":false},"version":2}},"product_brand":[],"product_cat":[65],"product_tag":[],"class_list":{"0":"post-3213","1":"product","2":"type-product","3":"status-publish","4":"has-post-thumbnail","6":"product_cat-claviers","8":"first","9":"instock","10":"taxable","11":"shipping-taxable","12":"purchasable","13":"product-type-simple"},"jetpack_publicize_connections":[],"jetpack_sharing_enabled":true,"_links":{"self":[{"href":"https:\/\/www.pianoheritage.com\/fr\/wp-json\/wp\/v2\/product\/3213","targetHints":{"allow":["GET"]}}],"collection":[{"href":"https:\/\/www.pianoheritage.com\/fr\/wp-json\/wp\/v2\/product"}],"about":[{"href":"https:\/\/www.pianoheritage.com\/fr\/wp-json\/wp\/v2\/types\/product"}],"replies":[{"embeddable":true,"href":"https:\/\/www.pianoheritage.com\/fr\/wp-json\/wp\/v2\/comments?post=3213"}],"wp:featuredmedia":[{"embeddable":true,"href":"https:\/\/www.pianoheritage.com\/fr\/wp-json\/wp\/v2\/media\/3212"}],"wp:attachment":[{"href":"https:\/\/www.pianoheritage.com\/fr\/wp-json\/wp\/v2\/media?parent=3213"}],"wp:term":[{"taxonomy":"product_brand","embeddable":true,"href":"https:\/\/www.pianoheritage.com\/fr\/wp-json\/wp\/v2\/product_brand?post=3213"},{"taxonomy":"product_cat","embeddable":true,"href":"https:\/\/www.pianoheritage.com\/fr\/wp-json\/wp\/v2\/product_cat?post=3213"},{"taxonomy":"product_tag","embeddable":true,"href":"https:\/\/www.pianoheritage.com\/fr\/wp-json\/wp\/v2\/product_tag?post=3213"}],"curies":[{"name":"wp","href":"https:\/\/api.w.org\/{rel}","templated":true}]}}