{"id":3098,"date":"2020-09-27T10:39:48","date_gmt":"2020-09-27T14:39:48","guid":{"rendered":"https:\/\/www.pianoheritage.com\/?post_type=product&#038;p=3098"},"modified":"2021-09-05T16:48:45","modified_gmt":"2021-09-05T20:48:45","slug":"yamaha-clp-785","status":"publish","type":"product","link":"https:\/\/www.pianoheritage.com\/fr\/shop\/pianos-yamaha\/pianos-numeriques\/yamaha-clp-785\/","title":{"rendered":"Yamaha CLP-785"},"content":{"rendered":"<p>Le mod\u00e8le phare de la s\u00e9rie Clavinova CLP, dot\u00e9 d&rsquo;un clavier GrandTouch avec contrepoids et d&rsquo;un syst\u00e8me d&rsquo;amplification exceptionnel.<\/p>\n<ul>\n<li>Nouvelles sonorit\u00e9s Yamaha CFX et B\u00f6sendorfer Imperial, \u00c9chantillonnage binaural CFX et B\u00f6sendorfer Imperial<\/li>\n<li>53 sonorit\u00e9s + 14 Kits Drum\/SFX + 480 sonorit\u00e9s XG voices, dont 4 sonorit\u00e9s pianoforte (Scarlatti Piano\/Mozart Piano\/Beethoven Piano\/Chopin Piano)<\/li>\n<li>Technologie VRM (Virtual Resonance Modeling) optimis\u00e9e<\/li>\n<li>Grand Expression Modeling<\/li>\n<li>Clavier GrandTouchTM avec Contrepoids et graduation lin\u00e9aire 88 notes<\/li>\n<li>GP Response Damper Pedal<\/li>\n<li>Amplification 2 x (50 W + 50 W + 50 W)<\/li>\n<li>Grand Acoustic Imaging<\/li>\n<li>Haut-parleurs 2 x (16 cm + 8 cm + 2.5 cm (dome) + transducer), membranes de haut-parleurs en Spruce<\/li>\n<li>Enregistreur audio USB (lecture\/enregistrement : WAV)<\/li>\n<li>20 rhythmes<\/li>\n<li>R\u00e9cepteur audio Bluetooth\u00ae<\/li>\n<li>Connexion sans fil avec l&rsquo;application Smart Pianist via Bluetooth\u00ae MIDI<\/li>\n<li>Touches de contr\u00f4le sensitives<\/li>\n<li>Disponible \u00e0 partir d&rsquo;Octobre 2020<\/li>\n<\/ul>\n","protected":false},"excerpt":{"rendered":"<p>Une sonorit\u00e9 puissante et un clavier en bois, pour offrir une polyvalence et une qualit\u00e9 exceptionnelle \u00e0 des pianistes de tout niveau.<\/p>\n","protected":false},"featured_media":3069,"comment_status":"open","ping_status":"closed","template":"","meta":{"jetpack_publicize_message":"","jetpack_publicize_feature_enabled":true,"jetpack_social_post_already_shared":true,"jetpack_social_options":{"image_generator_settings":{"template":"highway","default_image_id":0,"font":"","enabled":false},"version":2}},"product_brand":[],"product_cat":[66],"product_tag":[],"class_list":{"0":"post-3098","1":"product","2":"type-product","3":"status-publish","4":"has-post-thumbnail","6":"product_cat-pianos-numeriques","8":"first","9":"instock","10":"sale","11":"taxable","12":"shipping-taxable","13":"purchasable","14":"product-type-variable","15":"has-default-attributes"},"jetpack_publicize_connections":[],"jetpack_sharing_enabled":true,"_links":{"self":[{"href":"https:\/\/www.pianoheritage.com\/fr\/wp-json\/wp\/v2\/product\/3098","targetHints":{"allow":["GET"]}}],"collection":[{"href":"https:\/\/www.pianoheritage.com\/fr\/wp-json\/wp\/v2\/product"}],"about":[{"href":"https:\/\/www.pianoheritage.com\/fr\/wp-json\/wp\/v2\/types\/product"}],"replies":[{"embeddable":true,"href":"https:\/\/www.pianoheritage.com\/fr\/wp-json\/wp\/v2\/comments?post=3098"}],"wp:featuredmedia":[{"embeddable":true,"href":"https:\/\/www.pianoheritage.com\/fr\/wp-json\/wp\/v2\/media\/3069"}],"wp:attachment":[{"href":"https:\/\/www.pianoheritage.com\/fr\/wp-json\/wp\/v2\/media?parent=3098"}],"wp:term":[{"taxonomy":"product_brand","embeddable":true,"href":"https:\/\/www.pianoheritage.com\/fr\/wp-json\/wp\/v2\/product_brand?post=3098"},{"taxonomy":"product_cat","embeddable":true,"href":"https:\/\/www.pianoheritage.com\/fr\/wp-json\/wp\/v2\/product_cat?post=3098"},{"taxonomy":"product_tag","embeddable":true,"href":"https:\/\/www.pianoheritage.com\/fr\/wp-json\/wp\/v2\/product_tag?post=3098"}],"curies":[{"name":"wp","href":"https:\/\/api.w.org\/{rel}","templated":true}]}}