{"id":2914,"date":"2020-07-30T14:02:05","date_gmt":"2020-07-30T18:02:07","guid":{"rendered":"https:\/\/www.pianoheritage.com\/?post_type=product&#038;p=2914"},"modified":"2021-09-05T16:53:38","modified_gmt":"2021-09-05T20:53:38","slug":"quik-lok-ql-623","status":"publish","type":"product","link":"https:\/\/www.pianoheritage.com\/fr\/shop\/accessoires\/quik-lok-ql-623\/","title":{"rendered":"Quik Lok QL-623"},"content":{"rendered":"<div class=\"overview\" data-id=\"d1190772\">\n<div class=\"container-fluid\">\n<div class=\"clearfix\">\n<p>Le QL-623 est un poids lourd, double-accolade \u00abX\u00bb avec une hauteur, angle inclinaison r\u00e9glable deuxi\u00e8me et troisi\u00e8me niveau. Construits \u00e0 l\u2019aide d\u2019un tube en acier double de 30\u00d730 mm robuste pour un soutien suppl\u00e9mentaire et un soutien structurel, les stands de la s\u00e9rie \u00ab NEMEN \u00bb sont capables de tenir les claviers les plus lourds en toute s\u00e9curit\u00e9. Solution parfaite pour home studio et performances en direct en raison de leur adaptabilit\u00e9, fonctionnalit\u00e9, force et fiabilit\u00e9, les stands de la \u00ab ity PERFORMER \u00bb offrent une option id\u00e9ale pour les applications d\u2019affichage en magasin ainsi.<\/p>\n<\/div>\n<\/div>\n<\/div>\n","protected":false},"excerpt":{"rendered":"<p>Le QL-623 est un poids lourd, double-accolade \u00abX\u00bb avec une hauteur, angle inclinaison r\u00e9glable deuxi\u00e8me et troisi\u00e8me niveau.<\/p>\n","protected":false},"featured_media":2918,"comment_status":"open","ping_status":"closed","template":"","meta":{"jetpack_publicize_message":"","jetpack_publicize_feature_enabled":true,"jetpack_social_post_already_shared":true,"jetpack_social_options":{"image_generator_settings":{"template":"highway","default_image_id":0,"font":"","enabled":false},"version":2}},"product_brand":[],"product_cat":[71,101],"product_tag":[],"class_list":{"0":"post-2914","1":"product","2":"type-product","3":"status-publish","4":"has-post-thumbnail","6":"product_cat-accessoires","7":"product_cat-pieds","9":"first","10":"instock","11":"taxable","12":"shipping-taxable","13":"purchasable","14":"product-type-simple"},"jetpack_publicize_connections":[],"jetpack_sharing_enabled":true,"_links":{"self":[{"href":"https:\/\/www.pianoheritage.com\/fr\/wp-json\/wp\/v2\/product\/2914","targetHints":{"allow":["GET"]}}],"collection":[{"href":"https:\/\/www.pianoheritage.com\/fr\/wp-json\/wp\/v2\/product"}],"about":[{"href":"https:\/\/www.pianoheritage.com\/fr\/wp-json\/wp\/v2\/types\/product"}],"replies":[{"embeddable":true,"href":"https:\/\/www.pianoheritage.com\/fr\/wp-json\/wp\/v2\/comments?post=2914"}],"wp:featuredmedia":[{"embeddable":true,"href":"https:\/\/www.pianoheritage.com\/fr\/wp-json\/wp\/v2\/media\/2918"}],"wp:attachment":[{"href":"https:\/\/www.pianoheritage.com\/fr\/wp-json\/wp\/v2\/media?parent=2914"}],"wp:term":[{"taxonomy":"product_brand","embeddable":true,"href":"https:\/\/www.pianoheritage.com\/fr\/wp-json\/wp\/v2\/product_brand?post=2914"},{"taxonomy":"product_cat","embeddable":true,"href":"https:\/\/www.pianoheritage.com\/fr\/wp-json\/wp\/v2\/product_cat?post=2914"},{"taxonomy":"product_tag","embeddable":true,"href":"https:\/\/www.pianoheritage.com\/fr\/wp-json\/wp\/v2\/product_tag?post=2914"}],"curies":[{"name":"wp","href":"https:\/\/api.w.org\/{rel}","templated":true}]}}