{"id":2726,"date":"2020-07-05T13:51:49","date_gmt":"2020-07-05T17:51:51","guid":{"rendered":"https:\/\/www.pianoheritage.com\/?post_type=product&#038;p=2726"},"modified":"2021-09-05T16:50:19","modified_gmt":"2021-09-05T20:50:19","slug":"yamaha-fg800","status":"publish","type":"product","link":"https:\/\/www.pianoheritage.com\/fr\/shop\/guitares\/guitares-acoustiques\/yamaha-fg800\/","title":{"rendered":"Yamaha FG800"},"content":{"rendered":"<div id=\"d723462\" class=\"product-lineup-full-width\">\n<div class=\"container-fluid\">\n<div class=\"row\">\n<div class=\"col-xs-12 col-sm-8\">\n<p>Le mod\u00e8le acoustique standard de Yamaha, avec des looks simples et traditionnels et une qualit\u00e9 exceptionnelle, \u00e0 un prix abordable. Une guitare \u00e0 toit solide avec un son authentique qui est bien \u00e9quilibr\u00e9 sans sacrifier sa force robuste, gr\u00e2ce \u00e0 la conception de contreventement festonn\u00e9 nouvellement d\u00e9velopp\u00e9. Peut \u00eatre recommand\u00e9 en toute confiance \u00e0 tous les guitaristes d\u00e9butants.<\/p>\n<ul>\n<li>Corps occidental traditionnel<\/li>\n<li>Haut d\u2019\u00e9pinette solide<\/li>\n<li>Dos et \u00e9clisses Nato \/ Okume<\/li>\n<li>Contreventement festonn\u00e9 nouvellement d\u00e9velopp\u00e9<\/li>\n<li>Forme traditionnel et qualit\u00e9 exceptionnelle<\/li>\n<\/ul>\n<\/div>\n<\/div>\n<\/div>\n<\/div>\n<div id=\"d723615\" class=\"product-lineup-full-width\">\n<div class=\"container-fluid\"><\/div>\n<\/div>\n","protected":false},"excerpt":{"rendered":"<p>Le mod\u00e8le acoustique standard de Yamaha, avec des looks simples et traditionnels et une qualit\u00e9 exceptionnelle, \u00e0 un prix abordable.<\/p>\n","protected":false},"featured_media":2737,"comment_status":"open","ping_status":"closed","template":"","meta":{"jetpack_publicize_message":"","jetpack_publicize_feature_enabled":true,"jetpack_social_post_already_shared":true,"jetpack_social_options":{"image_generator_settings":{"template":"highway","default_image_id":0,"font":"","enabled":false},"version":2}},"product_brand":[],"product_cat":[62],"product_tag":[],"class_list":{"0":"post-2726","1":"product","2":"type-product","3":"status-publish","4":"has-post-thumbnail","6":"product_cat-guitares-acoustiques","8":"first","9":"instock","10":"taxable","11":"shipping-taxable","12":"purchasable","13":"product-type-variable"},"jetpack_publicize_connections":[],"jetpack_sharing_enabled":true,"_links":{"self":[{"href":"https:\/\/www.pianoheritage.com\/fr\/wp-json\/wp\/v2\/product\/2726","targetHints":{"allow":["GET"]}}],"collection":[{"href":"https:\/\/www.pianoheritage.com\/fr\/wp-json\/wp\/v2\/product"}],"about":[{"href":"https:\/\/www.pianoheritage.com\/fr\/wp-json\/wp\/v2\/types\/product"}],"replies":[{"embeddable":true,"href":"https:\/\/www.pianoheritage.com\/fr\/wp-json\/wp\/v2\/comments?post=2726"}],"wp:featuredmedia":[{"embeddable":true,"href":"https:\/\/www.pianoheritage.com\/fr\/wp-json\/wp\/v2\/media\/2737"}],"wp:attachment":[{"href":"https:\/\/www.pianoheritage.com\/fr\/wp-json\/wp\/v2\/media?parent=2726"}],"wp:term":[{"taxonomy":"product_brand","embeddable":true,"href":"https:\/\/www.pianoheritage.com\/fr\/wp-json\/wp\/v2\/product_brand?post=2726"},{"taxonomy":"product_cat","embeddable":true,"href":"https:\/\/www.pianoheritage.com\/fr\/wp-json\/wp\/v2\/product_cat?post=2726"},{"taxonomy":"product_tag","embeddable":true,"href":"https:\/\/www.pianoheritage.com\/fr\/wp-json\/wp\/v2\/product_tag?post=2726"}],"curies":[{"name":"wp","href":"https:\/\/api.w.org\/{rel}","templated":true}]}}