{"id":2671,"date":"2020-07-03T19:28:57","date_gmt":"2020-07-03T23:28:57","guid":{"rendered":"https:\/\/www.pianoheritage.com\/?post_type=product&#038;p=2671"},"modified":"2021-09-05T16:50:42","modified_gmt":"2021-09-05T20:50:42","slug":"yamaha-fgx800c-guitare-acoustique","status":"publish","type":"product","link":"https:\/\/www.pianoheritage.com\/fr\/shop\/guitares\/guitares-acoustiques\/yamaha-fgx800c-guitare-acoustique\/","title":{"rendered":"Yamaha FGX800C Guitare acoustique"},"content":{"rendered":"<p>Gr\u00e2ce \u00e0 une technologie d\u2019analyse acoustique de pointe d\u00e9velopp\u00e9e par la division R&amp;D Yamaha, la nouvelle guitare FG est plus forte. Les ing\u00e9nieurs de Yamaha ont atteint ce son en utilisant l\u2019analyse et la simulation pour arriver \u00e0 la meilleure conception. Cette analyse a conduit au d\u00e9veloppement du nouveau mod\u00e8le d\u2019armature festonn\u00e9, une structure acoustique nouvelle et id\u00e9ale qui maintient sa durabilit\u00e9 de la planche sup\u00e9rieure tout en faisant ressortir le plus de sons de la Yamaha FG a \u00e0 offrir.<\/p>\n<ul>\n<li>Corps occidental traditionnel<\/li>\n<li>Haut d\u2019\u00e9pinette solide<\/li>\n<li>Dos et \u00e9clisses Nato \/ Okume<\/li>\n<li>Contreventement festonn\u00e9 nouvellement d\u00e9velopp\u00e9<\/li>\n<li>Forme traditionnel et qualit\u00e9 exceptionnelle<\/li>\n<\/ul>\n","protected":false},"excerpt":{"rendered":"<p>Le premier choix dans l\u2019exp\u00e9rience de la musique acoustique-\u00e9lectrique.<\/p>\n","protected":false},"featured_media":2699,"comment_status":"open","ping_status":"closed","template":"","meta":{"jetpack_publicize_message":"","jetpack_publicize_feature_enabled":true,"jetpack_social_post_already_shared":true,"jetpack_social_options":{"image_generator_settings":{"template":"highway","default_image_id":0,"font":"","enabled":false},"version":2}},"product_brand":[],"product_cat":[62],"product_tag":[742],"class_list":{"0":"post-2671","1":"product","2":"type-product","3":"status-publish","4":"has-post-thumbnail","6":"product_cat-guitares-acoustiques","7":"product_tag-fgx-fr","9":"first","10":"instock","11":"taxable","12":"shipping-taxable","13":"purchasable","14":"product-type-variable"},"jetpack_publicize_connections":[],"jetpack_sharing_enabled":true,"_links":{"self":[{"href":"https:\/\/www.pianoheritage.com\/fr\/wp-json\/wp\/v2\/product\/2671","targetHints":{"allow":["GET"]}}],"collection":[{"href":"https:\/\/www.pianoheritage.com\/fr\/wp-json\/wp\/v2\/product"}],"about":[{"href":"https:\/\/www.pianoheritage.com\/fr\/wp-json\/wp\/v2\/types\/product"}],"replies":[{"embeddable":true,"href":"https:\/\/www.pianoheritage.com\/fr\/wp-json\/wp\/v2\/comments?post=2671"}],"wp:featuredmedia":[{"embeddable":true,"href":"https:\/\/www.pianoheritage.com\/fr\/wp-json\/wp\/v2\/media\/2699"}],"wp:attachment":[{"href":"https:\/\/www.pianoheritage.com\/fr\/wp-json\/wp\/v2\/media?parent=2671"}],"wp:term":[{"taxonomy":"product_brand","embeddable":true,"href":"https:\/\/www.pianoheritage.com\/fr\/wp-json\/wp\/v2\/product_brand?post=2671"},{"taxonomy":"product_cat","embeddable":true,"href":"https:\/\/www.pianoheritage.com\/fr\/wp-json\/wp\/v2\/product_cat?post=2671"},{"taxonomy":"product_tag","embeddable":true,"href":"https:\/\/www.pianoheritage.com\/fr\/wp-json\/wp\/v2\/product_tag?post=2671"}],"curies":[{"name":"wp","href":"https:\/\/api.w.org\/{rel}","templated":true}]}}