{"id":2669,"date":"2020-07-03T19:28:47","date_gmt":"2020-07-03T23:28:47","guid":{"rendered":"https:\/\/www.pianoheritage.com\/?post_type=product&#038;p=2669"},"modified":"2021-09-05T16:48:35","modified_gmt":"2021-09-05T20:48:35","slug":"yamaha-cg122mc","status":"publish","type":"product","link":"https:\/\/www.pianoheritage.com\/fr\/shop\/guitares\/guitares-acoustiques\/yamaha-cg122mc\/","title":{"rendered":"Yamaha CG122MC"},"content":{"rendered":"<p>Ce mod\u00e8le d\u2019entr\u00e9e offre un haut solide \u00e0 un prix abordable. C\u2019est le seul mod\u00e8le avec un fini mat de la s\u00e9rie et sa qualit\u00e9 sonore se distingue s\u00fbrement dans cette gamme de prix.<\/p>\n<ul>\n<li>Haut de c\u00e8dre rouge occidental solide<\/li>\n<li>L\u2019arri\u00e8re et cot\u00e9 en bois Nato<\/li>\n<li>Nato Neck<\/li>\n<li>La touche en bois de rose<\/li>\n<li>Fini mat<\/li>\n<\/ul>\n","protected":false},"excerpt":{"rendered":"<p>Le CG122MC est un mod\u00e8le d\u2019entr\u00e9e qui offre un haut solide \u00e0 un prix abordable.<\/p>\n","protected":false},"featured_media":2708,"comment_status":"open","ping_status":"closed","template":"","meta":{"jetpack_publicize_message":"","jetpack_publicize_feature_enabled":true,"jetpack_social_post_already_shared":true,"jetpack_social_options":{"image_generator_settings":{"template":"highway","default_image_id":0,"font":"","enabled":false},"version":2}},"product_brand":[],"product_cat":[61,62],"product_tag":[],"class_list":{"0":"post-2669","1":"product","2":"type-product","3":"status-publish","4":"has-post-thumbnail","6":"product_cat-guitares","7":"product_cat-guitares-acoustiques","9":"first","10":"instock","11":"taxable","12":"shipping-taxable","13":"purchasable","14":"product-type-simple"},"jetpack_publicize_connections":[],"jetpack_sharing_enabled":true,"_links":{"self":[{"href":"https:\/\/www.pianoheritage.com\/fr\/wp-json\/wp\/v2\/product\/2669","targetHints":{"allow":["GET"]}}],"collection":[{"href":"https:\/\/www.pianoheritage.com\/fr\/wp-json\/wp\/v2\/product"}],"about":[{"href":"https:\/\/www.pianoheritage.com\/fr\/wp-json\/wp\/v2\/types\/product"}],"replies":[{"embeddable":true,"href":"https:\/\/www.pianoheritage.com\/fr\/wp-json\/wp\/v2\/comments?post=2669"}],"wp:featuredmedia":[{"embeddable":true,"href":"https:\/\/www.pianoheritage.com\/fr\/wp-json\/wp\/v2\/media\/2708"}],"wp:attachment":[{"href":"https:\/\/www.pianoheritage.com\/fr\/wp-json\/wp\/v2\/media?parent=2669"}],"wp:term":[{"taxonomy":"product_brand","embeddable":true,"href":"https:\/\/www.pianoheritage.com\/fr\/wp-json\/wp\/v2\/product_brand?post=2669"},{"taxonomy":"product_cat","embeddable":true,"href":"https:\/\/www.pianoheritage.com\/fr\/wp-json\/wp\/v2\/product_cat?post=2669"},{"taxonomy":"product_tag","embeddable":true,"href":"https:\/\/www.pianoheritage.com\/fr\/wp-json\/wp\/v2\/product_tag?post=2669"}],"curies":[{"name":"wp","href":"https:\/\/api.w.org\/{rel}","templated":true}]}}