{"id":2384,"date":"2019-11-11T12:03:41","date_gmt":"2019-11-11T16:04:14","guid":{"rendered":"https:\/\/www.pianoheritage.com\/shop\/non%20class\u00e9\/yamaha-trbx174-bass-guitar\/"},"modified":"2021-09-05T16:54:44","modified_gmt":"2021-09-05T20:54:44","slug":"yamaha-trbx174-bass-guitar","status":"publish","type":"product","link":"https:\/\/www.pianoheritage.com\/fr\/shop\/guitares\/guitares-electriques\/yamaha-trbx174-bass-guitar\/","title":{"rendered":"Yamaha TRBX174 Bass Guitar"},"content":{"rendered":"<div class=\"us-conversion-detail-left band-white\">\n<p class=\"conv-series-position\">La nouvelle TRBX174 est la derni\u00e8re arriv\u00e9e de cette incroyable et innovante s\u00e9rie de basses \u00e9lectriques TRBX.Ce mod\u00e8le id\u00e9al pour d\u00e9buter, offre confort de jeu, \u00e9quillibre et l\u00e9g\u00e8ret\u00e9.<\/p>\n<\/div>\n","protected":false},"excerpt":{"rendered":"<p>La nouvelle TRBX174 est la derni\u00e8re arriv\u00e9e de cette incroyable et innovante s\u00e9rie de basses \u00e9lectriques TRBX.Ce mod\u00e8le id\u00e9al pour d\u00e9buter, offre confort de jeu, \u00e9quillibre et l\u00e9g\u00e8ret\u00e9.<\/p>\n","protected":false},"featured_media":2381,"comment_status":"open","ping_status":"closed","template":"","meta":{"jetpack_publicize_message":"","jetpack_publicize_feature_enabled":true,"jetpack_social_post_already_shared":true,"jetpack_social_options":{"image_generator_settings":{"template":"highway","default_image_id":0,"font":"","enabled":false},"version":2}},"product_brand":[],"product_cat":[55],"product_tag":[],"class_list":{"0":"post-2384","1":"product","2":"type-product","3":"status-publish","4":"has-post-thumbnail","6":"product_cat-guitares-electriques","8":"first","9":"instock","10":"taxable","11":"shipping-taxable","12":"purchasable","13":"product-type-variable"},"jetpack_publicize_connections":[],"jetpack_sharing_enabled":true,"_links":{"self":[{"href":"https:\/\/www.pianoheritage.com\/fr\/wp-json\/wp\/v2\/product\/2384","targetHints":{"allow":["GET"]}}],"collection":[{"href":"https:\/\/www.pianoheritage.com\/fr\/wp-json\/wp\/v2\/product"}],"about":[{"href":"https:\/\/www.pianoheritage.com\/fr\/wp-json\/wp\/v2\/types\/product"}],"replies":[{"embeddable":true,"href":"https:\/\/www.pianoheritage.com\/fr\/wp-json\/wp\/v2\/comments?post=2384"}],"wp:featuredmedia":[{"embeddable":true,"href":"https:\/\/www.pianoheritage.com\/fr\/wp-json\/wp\/v2\/media\/2381"}],"wp:attachment":[{"href":"https:\/\/www.pianoheritage.com\/fr\/wp-json\/wp\/v2\/media?parent=2384"}],"wp:term":[{"taxonomy":"product_brand","embeddable":true,"href":"https:\/\/www.pianoheritage.com\/fr\/wp-json\/wp\/v2\/product_brand?post=2384"},{"taxonomy":"product_cat","embeddable":true,"href":"https:\/\/www.pianoheritage.com\/fr\/wp-json\/wp\/v2\/product_cat?post=2384"},{"taxonomy":"product_tag","embeddable":true,"href":"https:\/\/www.pianoheritage.com\/fr\/wp-json\/wp\/v2\/product_tag?post=2384"}],"curies":[{"name":"wp","href":"https:\/\/api.w.org\/{rel}","templated":true}]}}