{"id":2232,"date":"2019-09-08T15:17:51","date_gmt":"2019-09-08T19:17:51","guid":{"rendered":"https:\/\/www.pianoheritage.com\/?post_type=product&#038;p=2232"},"modified":"2021-09-05T16:50:59","modified_gmt":"2021-09-05T20:50:59","slug":"profile-3-4-tcb10-etui-a-guitare-copy-3","status":"publish","type":"product","link":"https:\/\/www.pianoheritage.com\/fr\/shop\/accessoires\/etuipourinstrumentdemusique\/profile-3-4-tcb10-etui-a-guitare-copy-3\/","title":{"rendered":"Profile G05TX \u00c9tui \u00e0 Guitare"},"content":{"rendered":"<p>L&rsquo;\u00e9tui \u00e0 guitar G05TX de Profile est un \u00e9tui de guitare pour les guitarescomme les s\u00e9ries Revstar ou Pacifica<\/p>\n","protected":false},"excerpt":{"rendered":"<p>L&rsquo;\u00e9tui \u00e0 guitar G05TX de Profile est un \u00e9tui de guitare pour les guitarescomme les s\u00e9ries Revstar ou Pacifica<\/p>\n","protected":false},"featured_media":2234,"comment_status":"open","ping_status":"closed","template":"","meta":{"jetpack_publicize_message":"","jetpack_publicize_feature_enabled":true,"jetpack_social_post_already_shared":true,"jetpack_social_options":{"image_generator_settings":{"template":"highway","default_image_id":0,"font":"","enabled":false},"version":2}},"product_brand":[],"product_cat":[105,104],"product_tag":[],"class_list":{"0":"post-2232","1":"product","2":"type-product","3":"status-publish","4":"has-post-thumbnail","6":"product_cat-div","7":"product_cat-etuipourinstrumentdemusique","9":"first","10":"instock","11":"taxable","12":"shipping-taxable","13":"purchasable","14":"product-type-simple"},"jetpack_publicize_connections":[],"jetpack_sharing_enabled":true,"_links":{"self":[{"href":"https:\/\/www.pianoheritage.com\/fr\/wp-json\/wp\/v2\/product\/2232","targetHints":{"allow":["GET"]}}],"collection":[{"href":"https:\/\/www.pianoheritage.com\/fr\/wp-json\/wp\/v2\/product"}],"about":[{"href":"https:\/\/www.pianoheritage.com\/fr\/wp-json\/wp\/v2\/types\/product"}],"replies":[{"embeddable":true,"href":"https:\/\/www.pianoheritage.com\/fr\/wp-json\/wp\/v2\/comments?post=2232"}],"wp:featuredmedia":[{"embeddable":true,"href":"https:\/\/www.pianoheritage.com\/fr\/wp-json\/wp\/v2\/media\/2234"}],"wp:attachment":[{"href":"https:\/\/www.pianoheritage.com\/fr\/wp-json\/wp\/v2\/media?parent=2232"}],"wp:term":[{"taxonomy":"product_brand","embeddable":true,"href":"https:\/\/www.pianoheritage.com\/fr\/wp-json\/wp\/v2\/product_brand?post=2232"},{"taxonomy":"product_cat","embeddable":true,"href":"https:\/\/www.pianoheritage.com\/fr\/wp-json\/wp\/v2\/product_cat?post=2232"},{"taxonomy":"product_tag","embeddable":true,"href":"https:\/\/www.pianoheritage.com\/fr\/wp-json\/wp\/v2\/product_tag?post=2232"}],"curies":[{"name":"wp","href":"https:\/\/api.w.org\/{rel}","templated":true}]}}