{"id":2212,"date":"2019-09-08T14:11:46","date_gmt":"2019-09-08T18:17:02","guid":{"rendered":"https:\/\/www.pianoheritage.com\/?post_type=product&#038;p=2212"},"modified":"2021-09-05T16:54:35","modified_gmt":"2021-09-05T20:54:35","slug":"profile-3-4-tcb10-etui-a-guitare","status":"publish","type":"product","link":"https:\/\/www.pianoheritage.com\/fr\/shop\/accessoires\/div\/profile-3-4-tcb10-etui-a-guitare\/","title":{"rendered":"Profile 3\/4 TCB10 \u00c9tui \u00e0 Guitare"},"content":{"rendered":"<p>L&rsquo;\u00e9tui \u00e0 guitar TCB10 de Profile est un \u00e9tui doux 3\/4 pour les petites guitares comme le Yamaha CS40 ou d&rsquo;autre petites guitares.<\/p>\n","protected":false},"excerpt":{"rendered":"<p>L&rsquo;\u00e9tui \u00e0 guitar TCB10 de Profile est un \u00e9tui doux 3\/4 pour les petites guitares comme le Yamaha CS40 ou d&rsquo;autre petites guitares.<\/p>\n","protected":false},"featured_media":2211,"comment_status":"open","ping_status":"closed","template":"","meta":{"jetpack_publicize_message":"","jetpack_publicize_feature_enabled":true,"jetpack_social_post_already_shared":true,"jetpack_social_options":{"image_generator_settings":{"template":"highway","default_image_id":0,"font":"","enabled":false},"version":2}},"product_brand":[],"product_cat":[105,104],"product_tag":[],"class_list":{"0":"post-2212","1":"product","2":"type-product","3":"status-publish","4":"has-post-thumbnail","6":"product_cat-div","7":"product_cat-etuipourinstrumentdemusique","9":"first","10":"instock","11":"taxable","12":"shipping-taxable","13":"purchasable","14":"product-type-simple"},"jetpack_publicize_connections":[],"jetpack_sharing_enabled":true,"_links":{"self":[{"href":"https:\/\/www.pianoheritage.com\/fr\/wp-json\/wp\/v2\/product\/2212","targetHints":{"allow":["GET"]}}],"collection":[{"href":"https:\/\/www.pianoheritage.com\/fr\/wp-json\/wp\/v2\/product"}],"about":[{"href":"https:\/\/www.pianoheritage.com\/fr\/wp-json\/wp\/v2\/types\/product"}],"replies":[{"embeddable":true,"href":"https:\/\/www.pianoheritage.com\/fr\/wp-json\/wp\/v2\/comments?post=2212"}],"wp:featuredmedia":[{"embeddable":true,"href":"https:\/\/www.pianoheritage.com\/fr\/wp-json\/wp\/v2\/media\/2211"}],"wp:attachment":[{"href":"https:\/\/www.pianoheritage.com\/fr\/wp-json\/wp\/v2\/media?parent=2212"}],"wp:term":[{"taxonomy":"product_brand","embeddable":true,"href":"https:\/\/www.pianoheritage.com\/fr\/wp-json\/wp\/v2\/product_brand?post=2212"},{"taxonomy":"product_cat","embeddable":true,"href":"https:\/\/www.pianoheritage.com\/fr\/wp-json\/wp\/v2\/product_cat?post=2212"},{"taxonomy":"product_tag","embeddable":true,"href":"https:\/\/www.pianoheritage.com\/fr\/wp-json\/wp\/v2\/product_tag?post=2212"}],"curies":[{"name":"wp","href":"https:\/\/api.w.org\/{rel}","templated":true}]}}