{"id":2161,"date":"2019-06-16T14:50:20","date_gmt":"2019-08-24T18:40:58","guid":{"rendered":"https:\/\/www.pianoheritage.com\/shop\/non%20class\u00e9\/yamaha-sc-reface-bag\/"},"modified":"2021-09-05T16:53:42","modified_gmt":"2021-09-05T20:53:42","slug":"yamaha-reface-bag","status":"publish","type":"product","link":"https:\/\/www.pianoheritage.com\/fr\/shop\/accessoires\/etuipourinstrumentdemusique\/yamaha-reface-bag\/","title":{"rendered":"Yamaha SC-REFACE"},"content":{"rendered":"<p>The Yamaha SC-REFACE features a lightweight padded design and fits CS, DX, YC, and CP models. Inclut une poign\u00e9e et une bandouli\u00e8re pour le transport.<\/p>\n<ul class=\"a-unordered-list a-vertical a-spacing-none\">\n<li><span class=\"a-list-item\">Design matelass\u00e9 l\u00e9ger<\/span><\/li>\n<li><span class=\"a-list-item\">Convient aux mod\u00e8les Reface: CS, DX, YC, et CP<\/span><\/li>\n<li><span class=\"a-list-item\">Transportez votre Reface et cr\u00e9ez de la musique partout et en tout temps<\/span><\/li>\n<\/ul>\n","protected":false},"excerpt":{"rendered":"<p>Le SC-REFACE de Yamaha offre un \u00e9tui matelass\u00e9 l\u00e9ger convenant aux mod\u00e8les CS, DX, YC et CP qui inclut \u00e9galement une poign\u00e9e et une bandouli\u00e8re pour le transport.<\/p>\n","protected":false},"featured_media":2028,"comment_status":"open","ping_status":"closed","template":"","meta":{"jetpack_publicize_message":"","jetpack_publicize_feature_enabled":true,"jetpack_social_post_already_shared":true,"jetpack_social_options":{"image_generator_settings":{"template":"highway","default_image_id":0,"font":"","enabled":false},"version":2}},"product_brand":[],"product_cat":[104],"product_tag":[],"class_list":{"0":"post-2161","1":"product","2":"type-product","3":"status-publish","4":"has-post-thumbnail","6":"product_cat-etuipourinstrumentdemusique","8":"first","9":"instock","10":"taxable","11":"shipping-taxable","12":"purchasable","13":"product-type-simple"},"jetpack_publicize_connections":[],"jetpack_sharing_enabled":true,"_links":{"self":[{"href":"https:\/\/www.pianoheritage.com\/fr\/wp-json\/wp\/v2\/product\/2161","targetHints":{"allow":["GET"]}}],"collection":[{"href":"https:\/\/www.pianoheritage.com\/fr\/wp-json\/wp\/v2\/product"}],"about":[{"href":"https:\/\/www.pianoheritage.com\/fr\/wp-json\/wp\/v2\/types\/product"}],"replies":[{"embeddable":true,"href":"https:\/\/www.pianoheritage.com\/fr\/wp-json\/wp\/v2\/comments?post=2161"}],"wp:featuredmedia":[{"embeddable":true,"href":"https:\/\/www.pianoheritage.com\/fr\/wp-json\/wp\/v2\/media\/2028"}],"wp:attachment":[{"href":"https:\/\/www.pianoheritage.com\/fr\/wp-json\/wp\/v2\/media?parent=2161"}],"wp:term":[{"taxonomy":"product_brand","embeddable":true,"href":"https:\/\/www.pianoheritage.com\/fr\/wp-json\/wp\/v2\/product_brand?post=2161"},{"taxonomy":"product_cat","embeddable":true,"href":"https:\/\/www.pianoheritage.com\/fr\/wp-json\/wp\/v2\/product_cat?post=2161"},{"taxonomy":"product_tag","embeddable":true,"href":"https:\/\/www.pianoheritage.com\/fr\/wp-json\/wp\/v2\/product_tag?post=2161"}],"curies":[{"name":"wp","href":"https:\/\/api.w.org\/{rel}","templated":true}]}}