{"id":2034,"date":"2019-06-12T20:11:47","date_gmt":"2019-06-19T17:25:50","guid":{"rendered":"https:\/\/www.pianoheritage.com\/shop\/non%20class\u00e9\/yamaha-reface-cs\/"},"modified":"2021-09-05T16:53:41","modified_gmt":"2021-09-05T20:53:41","slug":"yamaha-reface-cs-2","status":"publish","type":"product","link":"https:\/\/www.pianoheritage.com\/fr\/shop\/pianos-yamaha\/claviers\/yamaha-reface-cs-2\/","title":{"rendered":"Yamaha Reface CS"},"content":{"rendered":"<p>S\u2019inspirant du l\u00e9gendaire synth\u00e9tiseur analogique polyphonique CS-80, le mini clavier CS Reface mobile de Yamaha \u00e9voque l\u2019essence m\u00eame du synth\u00e9tiseur classique. Fort de cinq types de synth\u00e8se et d\u2019effets sonores int\u00e9gr\u00e9s, le CS Reface reproduit une vari\u00e9t\u00e9 de sons en passant par des sons onctueux \u00e0 des basses riches jusqu\u2019\u00e0 des solos enlevants.<\/p>\n<p>Le CS Reface poss\u00e8de polyvalence et adaptabilit\u00e9, qualit\u00e9s qui ont plac\u00e9 la s\u00e9rie CS dans une classe \u00e0 part depuis des d\u00e9cennies avec des registres de modes et de textures qui transforment des types d\u2019oscillation simple en douce ambiance sonore ou en effets sonores m\u00e9talliques en passant par tous les registres interm\u00e9diaires.<\/p>\n<p>Avec ses possibilit\u00e9s de bouclage et d\u2019effets int\u00e9gr\u00e9es, le mini clavier CS Reface mobile de Yamaha est un outil musical polyvalent que vous pouvez transporter partout avec vous!<\/p>\n","protected":false},"excerpt":{"rendered":"<p>S\u2019inspirant du l\u00e9gendaire synth\u00e9tiseur analogique polyphonique CS-80, le mini clavier CS Reface mobile de Yamaha \u00e9voque l\u2019essence m\u00eame du synth\u00e9tiseur classique.<\/p>\n","protected":false},"featured_media":2014,"comment_status":"open","ping_status":"closed","template":"","meta":{"jetpack_publicize_message":"","jetpack_publicize_feature_enabled":true,"jetpack_social_post_already_shared":true,"jetpack_social_options":{"image_generator_settings":{"template":"highway","default_image_id":0,"font":"","enabled":false},"version":2}},"product_brand":[],"product_cat":[65],"product_tag":[],"class_list":{"0":"post-2034","1":"product","2":"type-product","3":"status-publish","4":"has-post-thumbnail","6":"product_cat-claviers","8":"first","9":"instock","10":"taxable","11":"shipping-taxable","12":"purchasable","13":"product-type-simple"},"jetpack_publicize_connections":[],"jetpack_sharing_enabled":true,"_links":{"self":[{"href":"https:\/\/www.pianoheritage.com\/fr\/wp-json\/wp\/v2\/product\/2034","targetHints":{"allow":["GET"]}}],"collection":[{"href":"https:\/\/www.pianoheritage.com\/fr\/wp-json\/wp\/v2\/product"}],"about":[{"href":"https:\/\/www.pianoheritage.com\/fr\/wp-json\/wp\/v2\/types\/product"}],"replies":[{"embeddable":true,"href":"https:\/\/www.pianoheritage.com\/fr\/wp-json\/wp\/v2\/comments?post=2034"}],"wp:featuredmedia":[{"embeddable":true,"href":"https:\/\/www.pianoheritage.com\/fr\/wp-json\/wp\/v2\/media\/2014"}],"wp:attachment":[{"href":"https:\/\/www.pianoheritage.com\/fr\/wp-json\/wp\/v2\/media?parent=2034"}],"wp:term":[{"taxonomy":"product_brand","embeddable":true,"href":"https:\/\/www.pianoheritage.com\/fr\/wp-json\/wp\/v2\/product_brand?post=2034"},{"taxonomy":"product_cat","embeddable":true,"href":"https:\/\/www.pianoheritage.com\/fr\/wp-json\/wp\/v2\/product_cat?post=2034"},{"taxonomy":"product_tag","embeddable":true,"href":"https:\/\/www.pianoheritage.com\/fr\/wp-json\/wp\/v2\/product_tag?post=2034"}],"curies":[{"name":"wp","href":"https:\/\/api.w.org\/{rel}","templated":true}]}}