{"id":2033,"date":"2019-06-12T20:42:48","date_gmt":"2019-06-13T00:42:48","guid":{"rendered":"https:\/\/www.pianoheritage.com\/shop\/non%20class\u00e9\/yamaha-reface-yc\/"},"modified":"2021-09-05T16:53:42","modified_gmt":"2021-09-05T20:53:42","slug":"yamaha-reface-yc-2","status":"publish","type":"product","link":"https:\/\/www.pianoheritage.com\/fr\/shop\/pianos-yamaha\/claviers\/yamaha-reface-yc-2\/","title":{"rendered":"Yamaha Reface YC"},"content":{"rendered":"<p>Le mini clavier YC Reface mobile de Yamaha produit de magnifiques sons d\u2019orgue authentiques que vous pouvez transporter partout avec vous!<\/p>\n<p>Cinq diff\u00e9rents mod\u00e8les d\u2019orgues sont inclus, en partant de la roue de son d\u2019\u00e9poque jusqu\u2019au transistor en passant par les combos classiques YC ainsi qu\u2019un assortiment complet de tirettes, de haut-parleurs rotatifs, de percussion et d\u2019effets sonores pour ajouter de la profondeur et de l\u2019expressivit\u00e9 \u00e0 votre performance.<\/p>\n<p>Le YC Reface simplifie le processus de cr\u00e9ation de sons d\u2019orgue personnalis\u00e9s, r\u00e9alistes et de haute qualit\u00e9. Avec ses tirettes, ses effets de r\u00e9verb et de distorsion, son entr\u00e9e pour une p\u00e9dale d\u2019expression optionnelle, le mini clavier DX Reface de Yamaha est un outil musical polyvalent et facilement transportable!<\/p>\n","protected":false},"excerpt":{"rendered":"<p>Le mini clavier YC Reface mobile de Yamaha produit de magnifiques sons d\u2019orgue authentiques que vous pouvez transporter partout avec vous!<\/p>\n","protected":false},"featured_media":2019,"comment_status":"open","ping_status":"closed","template":"","meta":{"jetpack_publicize_message":"","jetpack_publicize_feature_enabled":true,"jetpack_social_post_already_shared":true,"jetpack_social_options":{"image_generator_settings":{"template":"highway","default_image_id":0,"font":"","enabled":false},"version":2}},"product_brand":[],"product_cat":[65],"product_tag":[859],"class_list":{"0":"post-2033","1":"product","2":"type-product","3":"status-publish","4":"has-post-thumbnail","6":"product_cat-claviers","7":"product_tag-keyboard-fr","9":"first","10":"instock","11":"taxable","12":"shipping-taxable","13":"purchasable","14":"product-type-simple"},"jetpack_publicize_connections":[],"jetpack_sharing_enabled":true,"_links":{"self":[{"href":"https:\/\/www.pianoheritage.com\/fr\/wp-json\/wp\/v2\/product\/2033","targetHints":{"allow":["GET"]}}],"collection":[{"href":"https:\/\/www.pianoheritage.com\/fr\/wp-json\/wp\/v2\/product"}],"about":[{"href":"https:\/\/www.pianoheritage.com\/fr\/wp-json\/wp\/v2\/types\/product"}],"replies":[{"embeddable":true,"href":"https:\/\/www.pianoheritage.com\/fr\/wp-json\/wp\/v2\/comments?post=2033"}],"wp:featuredmedia":[{"embeddable":true,"href":"https:\/\/www.pianoheritage.com\/fr\/wp-json\/wp\/v2\/media\/2019"}],"wp:attachment":[{"href":"https:\/\/www.pianoheritage.com\/fr\/wp-json\/wp\/v2\/media?parent=2033"}],"wp:term":[{"taxonomy":"product_brand","embeddable":true,"href":"https:\/\/www.pianoheritage.com\/fr\/wp-json\/wp\/v2\/product_brand?post=2033"},{"taxonomy":"product_cat","embeddable":true,"href":"https:\/\/www.pianoheritage.com\/fr\/wp-json\/wp\/v2\/product_cat?post=2033"},{"taxonomy":"product_tag","embeddable":true,"href":"https:\/\/www.pianoheritage.com\/fr\/wp-json\/wp\/v2\/product_tag?post=2033"}],"curies":[{"name":"wp","href":"https:\/\/api.w.org\/{rel}","templated":true}]}}