{"id":1455,"date":"2018-04-27T13:54:38","date_gmt":"2018-04-27T13:54:38","guid":{"rendered":"https:\/\/www.pianoheritage.com\/shop\/non%20class\u00e9\/pianos-de-camps\/"},"modified":"2022-05-09T09:38:11","modified_gmt":"2022-05-09T14:38:11","slug":"camp-pianos","status":"publish","type":"product","link":"https:\/\/www.pianoheritage.com\/fr\/shop\/promotions-de-lheure\/camp-pianos\/","title":{"rendered":"Camp Pianos"},"content":{"rendered":"<p><span style=\"color: #999999;\"> Annual Yamaha Camp piano sale!<br \/>\n<\/span><\/p>\n<p style=\"color: #808080; font-family: verdana, helvetica, arial, sans-serif; font-size: 13px; line-height: 17px;\"><span lang=\"FR-CA\">Tous ces pianos neufs sont prot\u00e9g\u00e9s avant et pendant leur s\u00e9jour aux camps de musique pendant\u00a0<\/span><b><span lang=\"FR-CA\">9 semaines<\/span><\/b><span lang=\"FR-CA\">.\u00a0<\/span>Toutes les surfaces sont recouvertes de mat\u00e9riaux de protection et les notes sont les seules parties accessibles des pianos. Ces nouveaux pianos de camp \u00e0 prix r\u00e9duit sont une option parfaite pour tous ceux qui ont besoin d&rsquo;un piano pour la rentr\u00e9e! Veuillez nous contacter pour plus d&rsquo;informations.<\/p>\n<hr \/>\n<p style=\"text-align: center;\"><strong><span style=\"font-family: impact, chicago; font-size: 36pt;\"><span style=\"color: #800000;\">VENTE <\/span><\/span><\/strong><\/p>\n<p class=\"text-center\" style=\"text-align: center;\"><strong> <img decoding=\"async\" class=\"aligncenter size-full wp-image-902\" src=\"https:\/\/www.pianoheritage.com\/wp-content\/uploads\/2018\/04\/u1.jpg\" alt=\"Yamaha U1\" width=\"300\" height=\"300\" srcset=\"https:\/\/www.pianoheritage.com\/wp-content\/uploads\/2018\/04\/u1.jpg 300w, https:\/\/www.pianoheritage.com\/wp-content\/uploads\/2018\/04\/u1-247x247.jpg 247w, https:\/\/www.pianoheritage.com\/wp-content\/uploads\/2018\/04\/u1-100x100.jpg 100w\" sizes=\"(max-width: 300px) 100vw, 300px\" \/><br \/>\n<\/strong><\/p>\n<p>&nbsp;<\/p>\n<p><span lang=\"FR-CA\">Tous ces pianos neufs sont prot\u00e9g\u00e9s avant et pendant leur s\u00e9jour aux camps de musique pendant\u00a0<\/span><b><span lang=\"FR-CA\">9 semaines<\/span><\/b><span lang=\"FR-CA\">.\u00a0<\/span>Toutes les surfaces sont recouvertes de mat\u00e9riaux de protection et les notes sont les seules parties accessibles des pianos. Ces nouveaux pianos de camp \u00e0 prix r\u00e9duit sont une option parfaite pour tous ceux qui ont besoin d&rsquo;un piano pour la rentr\u00e9e! Veuillez nous contacter pour plus d&rsquo;informations.<\/p>\n","protected":false},"excerpt":{"rendered":"<p><span lang=\"FR-CA\">Tous ces pianos neufs sont prot\u00e9g\u00e9s avant et pendant leur s\u00e9jour aux camps de musique pendant\u00a0<\/span><b><span lang=\"FR-CA\">9 semaines<\/span><\/b><span lang=\"FR-CA\">.\u00a0<\/span>Toutes les surfaces sont recouvertes de mat\u00e9riaux de protection et les notes sont les seules parties accessibles des pianos. Ces nouveaux pianos de camp \u00e0 prix r\u00e9duit sont une option parfaite pour tous ceux qui ont besoin d&rsquo;un piano pour la rentr\u00e9e! Veuillez nous contacter pour plus d&rsquo;informations.<\/p>\n","protected":false},"featured_media":902,"comment_status":"open","ping_status":"closed","template":"","meta":{"jetpack_publicize_message":"","jetpack_publicize_feature_enabled":true,"jetpack_social_post_already_shared":false,"jetpack_social_options":{"image_generator_settings":{"template":"highway","default_image_id":0,"font":"","enabled":false},"version":2}},"product_brand":[],"product_cat":[106],"product_tag":[],"class_list":{"0":"post-1455","1":"product","2":"type-product","3":"status-publish","4":"has-post-thumbnail","6":"product_cat-promotions-de-lheure","8":"first","9":"instock","10":"taxable","11":"shipping-taxable","12":"product-type-simple"},"jetpack_publicize_connections":[],"jetpack_sharing_enabled":true,"_links":{"self":[{"href":"https:\/\/www.pianoheritage.com\/fr\/wp-json\/wp\/v2\/product\/1455","targetHints":{"allow":["GET"]}}],"collection":[{"href":"https:\/\/www.pianoheritage.com\/fr\/wp-json\/wp\/v2\/product"}],"about":[{"href":"https:\/\/www.pianoheritage.com\/fr\/wp-json\/wp\/v2\/types\/product"}],"replies":[{"embeddable":true,"href":"https:\/\/www.pianoheritage.com\/fr\/wp-json\/wp\/v2\/comments?post=1455"}],"wp:featuredmedia":[{"embeddable":true,"href":"https:\/\/www.pianoheritage.com\/fr\/wp-json\/wp\/v2\/media\/902"}],"wp:attachment":[{"href":"https:\/\/www.pianoheritage.com\/fr\/wp-json\/wp\/v2\/media?parent=1455"}],"wp:term":[{"taxonomy":"product_brand","embeddable":true,"href":"https:\/\/www.pianoheritage.com\/fr\/wp-json\/wp\/v2\/product_brand?post=1455"},{"taxonomy":"product_cat","embeddable":true,"href":"https:\/\/www.pianoheritage.com\/fr\/wp-json\/wp\/v2\/product_cat?post=1455"},{"taxonomy":"product_tag","embeddable":true,"href":"https:\/\/www.pianoheritage.com\/fr\/wp-json\/wp\/v2\/product_tag?post=1455"}],"curies":[{"name":"wp","href":"https:\/\/api.w.org\/{rel}","templated":true}]}}