{"id":1217,"date":"2018-04-11T18:38:37","date_gmt":"2018-04-11T18:38:37","guid":{"rendered":"https:\/\/www.pianoheritage.com\/shop\/non%20class\u00e9\/fc-4-yamaha-sustain-pedal\/"},"modified":"2021-09-05T16:50:16","modified_gmt":"2021-09-05T20:50:16","slug":"pedale-yamaha-fc-4a","status":"publish","type":"product","link":"https:\/\/www.pianoheritage.com\/fr\/shop\/accessoires\/pedales\/pedale-yamaha-fc-4a\/","title":{"rendered":"P\u00e9dale Yamaha FC-4A"},"content":{"rendered":"<p>La p\u00e9dale forte du FC-4, plus large, est une alternative plus authentique au FC-5 de Yamaha. La forme et le poids de cette p\u00e9dale ressemblent plus \u00e0 la p\u00e9dale forte d\u2019un piano acoustique.<\/p>\n","protected":false},"excerpt":{"rendered":"<p>La p\u00e9dale forte du FC-4, plus large, est une alternative plus authentique au FC-5 de Yamaha. La forme et le poids de cette p\u00e9dale ressemblent plus \u00e0 la p\u00e9dale forte d\u2019un piano acoustique.<\/p>\n","protected":false},"featured_media":4482,"comment_status":"open","ping_status":"closed","template":"","meta":{"jetpack_publicize_message":"","jetpack_publicize_feature_enabled":true,"jetpack_social_post_already_shared":false,"jetpack_social_options":{"image_generator_settings":{"template":"highway","default_image_id":0,"font":"","enabled":false},"version":2}},"product_brand":[],"product_cat":[70],"product_tag":[77],"class_list":{"0":"post-1217","1":"product","2":"type-product","3":"status-publish","4":"has-post-thumbnail","6":"product_cat-pedales","7":"product_tag-pedals-fr","9":"first","10":"instock","11":"taxable","12":"shipping-taxable","13":"purchasable","14":"product-type-simple"},"jetpack_publicize_connections":[],"jetpack_sharing_enabled":true,"_links":{"self":[{"href":"https:\/\/www.pianoheritage.com\/fr\/wp-json\/wp\/v2\/product\/1217","targetHints":{"allow":["GET"]}}],"collection":[{"href":"https:\/\/www.pianoheritage.com\/fr\/wp-json\/wp\/v2\/product"}],"about":[{"href":"https:\/\/www.pianoheritage.com\/fr\/wp-json\/wp\/v2\/types\/product"}],"replies":[{"embeddable":true,"href":"https:\/\/www.pianoheritage.com\/fr\/wp-json\/wp\/v2\/comments?post=1217"}],"wp:featuredmedia":[{"embeddable":true,"href":"https:\/\/www.pianoheritage.com\/fr\/wp-json\/wp\/v2\/media\/4482"}],"wp:attachment":[{"href":"https:\/\/www.pianoheritage.com\/fr\/wp-json\/wp\/v2\/media?parent=1217"}],"wp:term":[{"taxonomy":"product_brand","embeddable":true,"href":"https:\/\/www.pianoheritage.com\/fr\/wp-json\/wp\/v2\/product_brand?post=1217"},{"taxonomy":"product_cat","embeddable":true,"href":"https:\/\/www.pianoheritage.com\/fr\/wp-json\/wp\/v2\/product_cat?post=1217"},{"taxonomy":"product_tag","embeddable":true,"href":"https:\/\/www.pianoheritage.com\/fr\/wp-json\/wp\/v2\/product_tag?post=1217"}],"curies":[{"name":"wp","href":"https:\/\/api.w.org\/{rel}","templated":true}]}}