{"id":11823,"date":"2026-04-01T11:09:46","date_gmt":"2026-04-01T15:09:46","guid":{"rendered":"https:\/\/www.pianoheritage.com\/?post_type=product&#038;p=11823"},"modified":"2026-04-01T11:14:22","modified_gmt":"2026-04-01T15:14:22","slug":"yamaha-psr-i610-clavier-portable-avec-haut-parleurs-integres","status":"publish","type":"product","link":"https:\/\/www.pianoheritage.com\/fr\/shop\/pianos-yamaha\/yamaha-psr-i610-clavier-portable-avec-haut-parleurs-integres\/","title":{"rendered":"Yamaha PSR-I610 Clavier portable avec haut-parleurs int\u00e9gr\u00e9s"},"content":{"rendered":"<p data-start=\"40\" data-end=\"388\">Le mod\u00e8le phare de la s\u00e9rie PSR-I, le PSR-I610 propose des voix d\u2019instruments indiens authentiques, des styles d\u2019accompagnement automatique et une fonction Riyaz. \u00c9quip\u00e9 de puissants haut-parleurs int\u00e9gr\u00e9s de 12 W, d\u2019une molette de modulation, d\u2019une entr\u00e9e pour p\u00e9dale de contr\u00f4le et d\u2019une entr\u00e9e micro, c\u2019est le mod\u00e8le id\u00e9al pour les performances.<\/p>\n<ul data-start=\"390\" data-end=\"841\">\n<li data-section-id=\"ohtsda\" data-start=\"390\" data-end=\"438\">927 instruments, dont 50 instruments indiens<\/li>\n<li data-section-id=\"nb2bau\" data-start=\"439\" data-end=\"506\">392 styles d\u2019accompagnement automatique, dont 70 styles indiens<\/li>\n<li data-section-id=\"3udl28\" data-start=\"507\" data-end=\"555\">50 motifs Riyaz (Tabla\/Mridangam et Tanpura)<\/li>\n<li data-section-id=\"1tgyihs\" data-start=\"556\" data-end=\"665\">75 morceaux d\u2019apprentissage, dont 35 morceaux traditionnels indiens (Raga, Geetam, Swara Jathi et Korvai)<\/li>\n<li data-section-id=\"1b1gejb\" data-start=\"666\" data-end=\"710\">Haut-parleurs int\u00e9gr\u00e9s puissants de 12 W<\/li>\n<li data-section-id=\"e4x724\" data-start=\"711\" data-end=\"745\">Entr\u00e9e pour p\u00e9dale de contr\u00f4le<\/li>\n<li data-section-id=\"g0e6mo\" data-start=\"746\" data-end=\"796\">Molette de modulation et molette de pitch bend<\/li>\n<li data-section-id=\"1qwg266\" data-start=\"797\" data-end=\"841\">Support de clavier L2-C vendu s\u00e9par\u00e9ment<\/li>\n<\/ul>\n","protected":false},"excerpt":{"rendered":"<p>Le mod\u00e8le phare de la s\u00e9rie PSR-I, le PSR-I610 propose des voix d\u2019instruments indiens authentiques, des styles d\u2019accompagnement automatique et une fonction Riyaz.<\/p>\n","protected":false},"featured_media":11812,"comment_status":"open","ping_status":"closed","template":"","meta":{"jetpack_publicize_message":"","jetpack_publicize_feature_enabled":true,"jetpack_social_post_already_shared":true,"jetpack_social_options":{"image_generator_settings":{"template":"highway","default_image_id":0,"font":"","enabled":false},"version":2}},"product_brand":[],"product_cat":[65,64],"product_tag":[],"class_list":{"0":"post-11823","1":"product","2":"type-product","3":"status-publish","4":"has-post-thumbnail","6":"product_cat-claviers","7":"product_cat-pianos-yamaha","9":"first","10":"instock","11":"taxable","12":"shipping-taxable","13":"purchasable","14":"product-type-simple"},"jetpack_publicize_connections":[],"jetpack_sharing_enabled":true,"_links":{"self":[{"href":"https:\/\/www.pianoheritage.com\/fr\/wp-json\/wp\/v2\/product\/11823","targetHints":{"allow":["GET"]}}],"collection":[{"href":"https:\/\/www.pianoheritage.com\/fr\/wp-json\/wp\/v2\/product"}],"about":[{"href":"https:\/\/www.pianoheritage.com\/fr\/wp-json\/wp\/v2\/types\/product"}],"replies":[{"embeddable":true,"href":"https:\/\/www.pianoheritage.com\/fr\/wp-json\/wp\/v2\/comments?post=11823"}],"wp:featuredmedia":[{"embeddable":true,"href":"https:\/\/www.pianoheritage.com\/fr\/wp-json\/wp\/v2\/media\/11812"}],"wp:attachment":[{"href":"https:\/\/www.pianoheritage.com\/fr\/wp-json\/wp\/v2\/media?parent=11823"}],"wp:term":[{"taxonomy":"product_brand","embeddable":true,"href":"https:\/\/www.pianoheritage.com\/fr\/wp-json\/wp\/v2\/product_brand?post=11823"},{"taxonomy":"product_cat","embeddable":true,"href":"https:\/\/www.pianoheritage.com\/fr\/wp-json\/wp\/v2\/product_cat?post=11823"},{"taxonomy":"product_tag","embeddable":true,"href":"https:\/\/www.pianoheritage.com\/fr\/wp-json\/wp\/v2\/product_tag?post=11823"}],"curies":[{"name":"wp","href":"https:\/\/api.w.org\/{rel}","templated":true}]}}