{"id":1178,"date":"2018-04-11T16:56:10","date_gmt":"2018-04-11T16:56:10","guid":{"rendered":"https:\/\/www.pianoheritage.com\/shop\/non%20class\u00e9\/pb-22-adjustable-bench\/"},"modified":"2021-09-05T16:53:22","modified_gmt":"2021-09-05T20:53:22","slug":"banc-ajustable-pb-22","status":"publish","type":"product","link":"https:\/\/www.pianoheritage.com\/fr\/shop\/accessoires\/bancs-de-piano\/banc-ajustable-pb-22\/","title":{"rendered":"Banc Ajustable PB-22"},"content":{"rendered":"<p>Le PB-22 est un banc ajustable qui occupe tr\u00e8s peu de place. Il peut facilement \u00eatre repli\u00e9 et s\u2019av\u00e8re un accessoire tr\u00e8s utile pour les musiciens qui ont besoin de leur instrument partout o\u00f9 ils vont!<\/p>\n","protected":false},"excerpt":{"rendered":"<p>Le PB-22 est un banc ajustable qui occupe tr\u00e8s peu de place. Il peut facilement \u00eatre repli\u00e9 et s\u2019av\u00e8re un accessoire tr\u00e8s utile pour les musiciens qui ont besoin de leur instrument partout o\u00f9 ils vont!<\/p>\n","protected":false},"featured_media":1176,"comment_status":"open","ping_status":"closed","template":"","meta":{"jetpack_publicize_message":"","jetpack_publicize_feature_enabled":true,"jetpack_social_post_already_shared":false,"jetpack_social_options":{"image_generator_settings":{"template":"highway","default_image_id":0,"font":"","enabled":false},"version":2}},"product_brand":[],"product_cat":[102,106],"product_tag":[],"class_list":{"0":"post-1178","1":"product","2":"type-product","3":"status-publish","4":"has-post-thumbnail","6":"product_cat-bancs-de-piano","7":"product_cat-promotions-de-lheure","9":"first","10":"instock","11":"taxable","12":"shipping-taxable","13":"purchasable","14":"product-type-simple"},"jetpack_publicize_connections":[],"jetpack_sharing_enabled":true,"_links":{"self":[{"href":"https:\/\/www.pianoheritage.com\/fr\/wp-json\/wp\/v2\/product\/1178","targetHints":{"allow":["GET"]}}],"collection":[{"href":"https:\/\/www.pianoheritage.com\/fr\/wp-json\/wp\/v2\/product"}],"about":[{"href":"https:\/\/www.pianoheritage.com\/fr\/wp-json\/wp\/v2\/types\/product"}],"replies":[{"embeddable":true,"href":"https:\/\/www.pianoheritage.com\/fr\/wp-json\/wp\/v2\/comments?post=1178"}],"wp:featuredmedia":[{"embeddable":true,"href":"https:\/\/www.pianoheritage.com\/fr\/wp-json\/wp\/v2\/media\/1176"}],"wp:attachment":[{"href":"https:\/\/www.pianoheritage.com\/fr\/wp-json\/wp\/v2\/media?parent=1178"}],"wp:term":[{"taxonomy":"product_brand","embeddable":true,"href":"https:\/\/www.pianoheritage.com\/fr\/wp-json\/wp\/v2\/product_brand?post=1178"},{"taxonomy":"product_cat","embeddable":true,"href":"https:\/\/www.pianoheritage.com\/fr\/wp-json\/wp\/v2\/product_cat?post=1178"},{"taxonomy":"product_tag","embeddable":true,"href":"https:\/\/www.pianoheritage.com\/fr\/wp-json\/wp\/v2\/product_tag?post=1178"}],"curies":[{"name":"wp","href":"https:\/\/api.w.org\/{rel}","templated":true}]}}