{"id":11768,"date":"2026-03-11T04:08:11","date_gmt":"2026-03-11T08:08:11","guid":{"rendered":"https:\/\/www.pianoheritage.com\/?post_type=product&#038;p=11768"},"modified":"2026-03-11T04:09:01","modified_gmt":"2026-03-11T08:09:01","slug":"guitare-acoustique-takamine-gd20ns","status":"publish","type":"product","link":"https:\/\/www.pianoheritage.com\/fr\/shop\/guitares\/guitare-acoustique-takamine-gd20ns\/","title":{"rendered":"Guitare Acoustique Takamine GD20NS"},"content":{"rendered":"<p data-start=\"1348\" data-end=\"1903\">La Takamine GD20-NS est une guitare acoustique dreadnought \u00e9l\u00e9gante offrant une combinaison de bois unique pour une tonalit\u00e9 chaleureuse et d\u00e9taill\u00e9e. Sa table en c\u00e8dre massif associ\u00e9e \u00e0 un dos et des \u00e9clisses en acajou produit un son riche et \u00e9quilibr\u00e9 adapt\u00e9 \u00e0 de nombreux styles musicaux. Son manche en acajou \u00e0 finition satin\u00e9e et sa touche en ovangkol offrent un excellent confort de jeu, tandis que le chevalet ovangkol sans chevilles avec selle fendue am\u00e9liore l\u2019intonation pour des accords et notes plus pr\u00e9cis.<\/p>\n<ul>\n<li data-start=\"1928\" data-end=\"1986\">Table en c\u00e8dre massif pour un son chaleureux et d\u00e9taill\u00e9<\/li>\n<li data-start=\"1989\" data-end=\"2055\">Dos et \u00e9clisses en acajou pour une r\u00e9sonance riche et \u00e9quilibr\u00e9e<\/li>\n<li data-start=\"2058\" data-end=\"2121\">Corps dreadnought offrant volume puissant et basses profondes<\/li>\n<li data-start=\"2124\" data-end=\"2183\">Manche en acajou finition satin\u00e9e pour un confort optimal<\/li>\n<li data-start=\"2186\" data-end=\"2233\">Touche en ovangkol pour une jouabilit\u00e9 fluide<\/li>\n<li data-start=\"2236\" data-end=\"2318\">Chevalet ovangkol sans chevilles avec selle fendue pour une meilleure intonation<\/li>\n<li data-start=\"2321\" data-end=\"2384\">Sillet et chevalet en os synth\u00e9tique pour un meilleur sustain<\/li>\n<li data-start=\"2387\" data-end=\"2443\">M\u00e9caniques chrom\u00e9es pour un accordage stable et pr\u00e9cis<\/li>\n<li data-start=\"2446\" data-end=\"2484\">Finition satin\u00e9e naturelle \u00e9l\u00e9gante<\/li>\n<\/ul>\n","protected":false},"excerpt":{"rendered":"<p>La Takamine GD20-NS est une guitare acoustique dreadnought \u00e9l\u00e9gante offrant une combinaison de bois unique pour une tonalit\u00e9 chaleureuse et d\u00e9taill\u00e9e. Sa table en c\u00e8dre massif associ\u00e9e \u00e0 un dos et des \u00e9clisses en acajou produit un son riche et \u00e9quilibr\u00e9 adapt\u00e9 \u00e0 de nombreux styles musicaux.<\/p>\n","protected":false},"featured_media":11761,"comment_status":"open","ping_status":"closed","template":"","meta":{"jetpack_publicize_message":"","jetpack_publicize_feature_enabled":true,"jetpack_social_post_already_shared":true,"jetpack_social_options":{"image_generator_settings":{"template":"highway","default_image_id":0,"font":"","enabled":false},"version":2}},"product_brand":[],"product_cat":[61,62],"product_tag":[1038],"class_list":{"0":"post-11768","1":"product","2":"type-product","3":"status-publish","4":"has-post-thumbnail","6":"product_cat-guitares","7":"product_cat-guitares-acoustiques","8":"product_tag-takamine","10":"first","11":"instock","12":"taxable","13":"shipping-taxable","14":"purchasable","15":"product-type-simple"},"jetpack_publicize_connections":[],"jetpack_sharing_enabled":true,"_links":{"self":[{"href":"https:\/\/www.pianoheritage.com\/fr\/wp-json\/wp\/v2\/product\/11768","targetHints":{"allow":["GET"]}}],"collection":[{"href":"https:\/\/www.pianoheritage.com\/fr\/wp-json\/wp\/v2\/product"}],"about":[{"href":"https:\/\/www.pianoheritage.com\/fr\/wp-json\/wp\/v2\/types\/product"}],"replies":[{"embeddable":true,"href":"https:\/\/www.pianoheritage.com\/fr\/wp-json\/wp\/v2\/comments?post=11768"}],"wp:featuredmedia":[{"embeddable":true,"href":"https:\/\/www.pianoheritage.com\/fr\/wp-json\/wp\/v2\/media\/11761"}],"wp:attachment":[{"href":"https:\/\/www.pianoheritage.com\/fr\/wp-json\/wp\/v2\/media?parent=11768"}],"wp:term":[{"taxonomy":"product_brand","embeddable":true,"href":"https:\/\/www.pianoheritage.com\/fr\/wp-json\/wp\/v2\/product_brand?post=11768"},{"taxonomy":"product_cat","embeddable":true,"href":"https:\/\/www.pianoheritage.com\/fr\/wp-json\/wp\/v2\/product_cat?post=11768"},{"taxonomy":"product_tag","embeddable":true,"href":"https:\/\/www.pianoheritage.com\/fr\/wp-json\/wp\/v2\/product_tag?post=11768"}],"curies":[{"name":"wp","href":"https:\/\/api.w.org\/{rel}","templated":true}]}}