{"id":11692,"date":"2026-03-11T03:23:19","date_gmt":"2026-03-11T07:23:19","guid":{"rendered":"https:\/\/www.pianoheritage.com\/?post_type=product&#038;p=11692"},"modified":"2026-03-11T03:24:12","modified_gmt":"2026-03-11T07:24:12","slug":"guitare-acoustique-electrique-takamine-gd20cens","status":"publish","type":"product","link":"https:\/\/www.pianoheritage.com\/fr\/shop\/guitares\/guitares-electriques\/guitare-acoustique-electrique-takamine-gd20cens\/","title":{"rendered":"Guitare Acoustique-\u00c9lectrique Takamine GD20CENS"},"content":{"rendered":"<p data-start=\"1404\" data-end=\"1972\">La Takamine GD20CENS est une guitare acoustique-\u00e9lectrique dreadnought offrant une combinaison unique de bois pour un son riche et expressif. Sa table en c\u00e8dre massif associ\u00e9e \u00e0 un dos et des \u00e9clisses en acajou produit une tonalit\u00e9 chaleureuse et d\u00e9taill\u00e9e adapt\u00e9e \u00e0 de nombreux styles musicaux. Son manche en acajou \u00e0 finition satin\u00e9e et sa touche en ovangkol assurent un excellent confort de jeu, tandis que le pr\u00e9ampli Takamine TP-4TD avec accordeur int\u00e9gr\u00e9 et \u00e9galiseur 3 bandes garantit des performances amplifi\u00e9es de qualit\u00e9.<\/p>\n<ul>\n<li data-start=\"1997\" data-end=\"2055\">Table en c\u00e8dre massif pour un son chaleureux et d\u00e9taill\u00e9<\/li>\n<li data-start=\"2058\" data-end=\"2110\">Dos et \u00e9clisses en acajou pour une r\u00e9sonance riche<\/li>\n<li data-start=\"2113\" data-end=\"2177\">Corps dreadnought offrant puissance sonore et basses profondes<\/li>\n<li data-start=\"2180\" data-end=\"2239\">Manche en acajou finition satin\u00e9e pour un confort optimal<\/li>\n<li data-start=\"2242\" data-end=\"2289\">Touche en ovangkol pour une jouabilit\u00e9 fluide<\/li>\n<li data-start=\"2292\" data-end=\"2356\">Pr\u00e9ampli Takamine TP-4TD avec accordeur int\u00e9gr\u00e9 et EQ 3 bandes<\/li>\n<li data-start=\"2359\" data-end=\"2431\">Sillet en os synth\u00e9tique et chevalet optimis\u00e9 pour un meilleur sustain<\/li>\n<li data-start=\"2434\" data-end=\"2490\">M\u00e9caniques chrom\u00e9es pour un accordage pr\u00e9cis et stable<\/li>\n<li data-start=\"2493\" data-end=\"2531\">Finition satin\u00e9e naturelle \u00e9l\u00e9gante<\/li>\n<\/ul>\n","protected":false},"excerpt":{"rendered":"<p>La Takamine GD20CENS est une guitare acoustique-\u00e9lectrique dreadnought offrant une combinaison unique de bois pour un son riche et expressif. Sa table en c\u00e8dre massif associ\u00e9e \u00e0 un dos et des \u00e9clisses en acajou produit une tonalit\u00e9 chaleureuse et d\u00e9taill\u00e9e adapt\u00e9e \u00e0 de nombreux styles musicaux.<\/p>\n","protected":false},"featured_media":11682,"comment_status":"open","ping_status":"closed","template":"","meta":{"jetpack_publicize_message":"","jetpack_publicize_feature_enabled":true,"jetpack_social_post_already_shared":true,"jetpack_social_options":{"image_generator_settings":{"template":"highway","default_image_id":0,"font":"","enabled":false},"version":2}},"product_brand":[],"product_cat":[61,62,55],"product_tag":[1038],"class_list":{"0":"post-11692","1":"product","2":"type-product","3":"status-publish","4":"has-post-thumbnail","6":"product_cat-guitares","7":"product_cat-guitares-acoustiques","8":"product_cat-guitares-electriques","9":"product_tag-takamine","11":"first","12":"instock","13":"taxable","14":"shipping-taxable","15":"purchasable","16":"product-type-simple"},"jetpack_publicize_connections":[],"jetpack_sharing_enabled":true,"_links":{"self":[{"href":"https:\/\/www.pianoheritage.com\/fr\/wp-json\/wp\/v2\/product\/11692","targetHints":{"allow":["GET"]}}],"collection":[{"href":"https:\/\/www.pianoheritage.com\/fr\/wp-json\/wp\/v2\/product"}],"about":[{"href":"https:\/\/www.pianoheritage.com\/fr\/wp-json\/wp\/v2\/types\/product"}],"replies":[{"embeddable":true,"href":"https:\/\/www.pianoheritage.com\/fr\/wp-json\/wp\/v2\/comments?post=11692"}],"wp:featuredmedia":[{"embeddable":true,"href":"https:\/\/www.pianoheritage.com\/fr\/wp-json\/wp\/v2\/media\/11682"}],"wp:attachment":[{"href":"https:\/\/www.pianoheritage.com\/fr\/wp-json\/wp\/v2\/media?parent=11692"}],"wp:term":[{"taxonomy":"product_brand","embeddable":true,"href":"https:\/\/www.pianoheritage.com\/fr\/wp-json\/wp\/v2\/product_brand?post=11692"},{"taxonomy":"product_cat","embeddable":true,"href":"https:\/\/www.pianoheritage.com\/fr\/wp-json\/wp\/v2\/product_cat?post=11692"},{"taxonomy":"product_tag","embeddable":true,"href":"https:\/\/www.pianoheritage.com\/fr\/wp-json\/wp\/v2\/product_tag?post=11692"}],"curies":[{"name":"wp","href":"https:\/\/api.w.org\/{rel}","templated":true}]}}