{"id":11679,"date":"2026-03-11T03:19:59","date_gmt":"2026-03-11T07:19:59","guid":{"rendered":"https:\/\/www.pianoheritage.com\/?post_type=product&#038;p=11679"},"modified":"2026-03-11T03:20:54","modified_gmt":"2026-03-11T07:20:54","slug":"guitare-acoustique-electrique-takamine-gd30ceblk","status":"publish","type":"product","link":"https:\/\/www.pianoheritage.com\/fr\/shop\/guitares\/guitares-electriques\/guitare-acoustique-electrique-takamine-gd30ceblk\/","title":{"rendered":"Guitare Acoustique-\u00c9lectrique Takamine GD30CEBLK"},"content":{"rendered":"<p data-start=\"1389\" data-end=\"1896\">La Takamine GD30CE BLK est une guitare acoustique-\u00e9lectrique dreadnought con\u00e7ue pour la sc\u00e8ne, offrant puissance sonore et polyvalence. Sa table en \u00e9pic\u00e9a massif associ\u00e9e \u00e0 un dos et des \u00e9clisses en acajou produit une tonalit\u00e9 riche et r\u00e9sonante avec des basses profondes. Le pan coup\u00e9 de style v\u00e9nitien facilite l\u2019acc\u00e8s aux frettes aigu\u00ebs, tandis que le pr\u00e9ampli Takamine TP-4TD avec accordeur int\u00e9gr\u00e9 et \u00e9galiseur 3 bandes garantit une excellente performance amplifi\u00e9e.<\/p>\n<ul>\n<li data-start=\"1921\" data-end=\"1975\">Table en \u00e9pic\u00e9a massif pour un son clair et puissant<\/li>\n<li data-start=\"1978\" data-end=\"2036\">Dos et \u00e9clisses en acajou pour une r\u00e9sonance chaleureuse<\/li>\n<li data-start=\"2039\" data-end=\"2099\">Corps dreadnought offrant volume \u00e9lev\u00e9 et basses profondes<\/li>\n<li data-start=\"2102\" data-end=\"2167\">Pan coup\u00e9 v\u00e9nitien pour un acc\u00e8s facile aux frettes sup\u00e9rieures<\/li>\n<li data-start=\"2170\" data-end=\"2236\">Manche en acajou avec touche ovangkol pour une jouabilit\u00e9 fluide<\/li>\n<li data-start=\"2239\" data-end=\"2303\">Pr\u00e9ampli Takamine TP-4TD avec accordeur int\u00e9gr\u00e9 et EQ 3 bandes<\/li>\n<li data-start=\"2306\" data-end=\"2365\">Chevalet ovangkol sans chevilles pour un meilleur sustain<\/li>\n<li data-start=\"2368\" data-end=\"2429\">M\u00e9caniques chrom\u00e9es \u00e0 bain d\u2019huile pour un accordage pr\u00e9cis<\/li>\n<li data-start=\"2432\" data-end=\"2489\">Finition noire brillante \u00e9l\u00e9gante id\u00e9ale pour la sc\u00e8ne<\/li>\n<\/ul>\n","protected":false},"excerpt":{"rendered":"<p>La Takamine GD30CE BLK est une guitare acoustique-\u00e9lectrique dreadnought con\u00e7ue pour la sc\u00e8ne, offrant puissance sonore et polyvalence. Sa table en \u00e9pic\u00e9a massif associ\u00e9e \u00e0 un dos et des \u00e9clisses en acajou produit une tonalit\u00e9 riche et r\u00e9sonante avec des basses profondes.<\/p>\n","protected":false},"featured_media":11670,"comment_status":"open","ping_status":"closed","template":"","meta":{"jetpack_publicize_message":"","jetpack_publicize_feature_enabled":true,"jetpack_social_post_already_shared":true,"jetpack_social_options":{"image_generator_settings":{"template":"highway","default_image_id":0,"font":"","enabled":false},"version":2}},"product_brand":[],"product_cat":[61,62,55],"product_tag":[1038],"class_list":{"0":"post-11679","1":"product","2":"type-product","3":"status-publish","4":"has-post-thumbnail","6":"product_cat-guitares","7":"product_cat-guitares-acoustiques","8":"product_cat-guitares-electriques","9":"product_tag-takamine","11":"first","12":"instock","13":"taxable","14":"shipping-taxable","15":"purchasable","16":"product-type-simple"},"jetpack_publicize_connections":[],"jetpack_sharing_enabled":true,"_links":{"self":[{"href":"https:\/\/www.pianoheritage.com\/fr\/wp-json\/wp\/v2\/product\/11679","targetHints":{"allow":["GET"]}}],"collection":[{"href":"https:\/\/www.pianoheritage.com\/fr\/wp-json\/wp\/v2\/product"}],"about":[{"href":"https:\/\/www.pianoheritage.com\/fr\/wp-json\/wp\/v2\/types\/product"}],"replies":[{"embeddable":true,"href":"https:\/\/www.pianoheritage.com\/fr\/wp-json\/wp\/v2\/comments?post=11679"}],"wp:featuredmedia":[{"embeddable":true,"href":"https:\/\/www.pianoheritage.com\/fr\/wp-json\/wp\/v2\/media\/11670"}],"wp:attachment":[{"href":"https:\/\/www.pianoheritage.com\/fr\/wp-json\/wp\/v2\/media?parent=11679"}],"wp:term":[{"taxonomy":"product_brand","embeddable":true,"href":"https:\/\/www.pianoheritage.com\/fr\/wp-json\/wp\/v2\/product_brand?post=11679"},{"taxonomy":"product_cat","embeddable":true,"href":"https:\/\/www.pianoheritage.com\/fr\/wp-json\/wp\/v2\/product_cat?post=11679"},{"taxonomy":"product_tag","embeddable":true,"href":"https:\/\/www.pianoheritage.com\/fr\/wp-json\/wp\/v2\/product_tag?post=11679"}],"curies":[{"name":"wp","href":"https:\/\/api.w.org\/{rel}","templated":true}]}}