{"id":11666,"date":"2026-03-11T03:15:45","date_gmt":"2026-03-11T07:15:45","guid":{"rendered":"https:\/\/www.pianoheritage.com\/?post_type=product&#038;p=11666"},"modified":"2026-03-11T03:17:36","modified_gmt":"2026-03-11T07:17:36","slug":"guitare-acoustique-electrique-takamine-gn11mcens","status":"publish","type":"product","link":"https:\/\/www.pianoheritage.com\/fr\/shop\/guitares\/guitares-electriques\/guitare-acoustique-electrique-takamine-gn11mcens\/","title":{"rendered":"Guitare Acoustique-\u00c9lectrique Takamine GN11MCENS"},"content":{"rendered":"<p data-start=\"1208\" data-end=\"1691\">La Takamine GN11MCENS est une guitare acoustique-\u00e9lectrique dot\u00e9e du corps NEX, un design original inspir\u00e9 d\u2019un jumbo r\u00e9duit qui offre un son parfaitement \u00e9quilibr\u00e9. Sa construction en acajou (table, dos et \u00e9clisses) produit une tonalit\u00e9 chaude et riche qui accompagne particuli\u00e8rement bien les voix. \u00c9quip\u00e9e du syst\u00e8me \u00e9lectronique Takamine TP-4T et d\u2019une finition satin\u00e9e naturelle, cette guitare combine confort de jeu et performance amplifi\u00e9e.<\/p>\n<ul>\n<li data-start=\"1716\" data-end=\"1786\">Corps NEX offrant un \u00e9quilibre tonal id\u00e9al pour accompagner le chant<\/li>\n<li data-start=\"1789\" data-end=\"1855\">Table, dos et \u00e9clisses en acajou pour un son chaleureux et riche<\/li>\n<li data-start=\"1858\" data-end=\"1906\">Manche en acajou offrant solidit\u00e9 et stabilit\u00e9<\/li>\n<li data-start=\"1909\" data-end=\"1955\">Touche en laurier pour une jouabilit\u00e9 fluide<\/li>\n<li data-start=\"1958\" data-end=\"2019\">Largeur de sillet de 42,5 mm pour un confort de jeu optimal<\/li>\n<li data-start=\"2022\" data-end=\"2088\">\u00c9lectronique Takamine TP-4T pour amplification et r\u00e9glage du son<\/li>\n<li data-start=\"2091\" data-end=\"2137\">Finition satin\u00e9e naturelle au style \u00e9l\u00e9gant<\/li>\n<\/ul>\n","protected":false},"excerpt":{"rendered":"<p>La Takamine GN11MCENS est une guitare acoustique-\u00e9lectrique dot\u00e9e du corps NEX, un design original inspir\u00e9 d\u2019un jumbo r\u00e9duit qui offre un son parfaitement \u00e9quilibr\u00e9. Sa construction en acajou (table, dos et \u00e9clisses) produit une tonalit\u00e9 chaude et riche qui accompagne particuli\u00e8rement bien les voix.<\/p>\n","protected":false},"featured_media":11657,"comment_status":"open","ping_status":"closed","template":"","meta":{"jetpack_publicize_message":"","jetpack_publicize_feature_enabled":true,"jetpack_social_post_already_shared":true,"jetpack_social_options":{"image_generator_settings":{"template":"highway","default_image_id":0,"font":"","enabled":false},"version":2}},"product_brand":[],"product_cat":[61,62,55],"product_tag":[1038],"class_list":{"0":"post-11666","1":"product","2":"type-product","3":"status-publish","4":"has-post-thumbnail","6":"product_cat-guitares","7":"product_cat-guitares-acoustiques","8":"product_cat-guitares-electriques","9":"product_tag-takamine","11":"first","12":"instock","13":"taxable","14":"shipping-taxable","15":"purchasable","16":"product-type-simple"},"jetpack_publicize_connections":[],"jetpack_sharing_enabled":true,"_links":{"self":[{"href":"https:\/\/www.pianoheritage.com\/fr\/wp-json\/wp\/v2\/product\/11666","targetHints":{"allow":["GET"]}}],"collection":[{"href":"https:\/\/www.pianoheritage.com\/fr\/wp-json\/wp\/v2\/product"}],"about":[{"href":"https:\/\/www.pianoheritage.com\/fr\/wp-json\/wp\/v2\/types\/product"}],"replies":[{"embeddable":true,"href":"https:\/\/www.pianoheritage.com\/fr\/wp-json\/wp\/v2\/comments?post=11666"}],"wp:featuredmedia":[{"embeddable":true,"href":"https:\/\/www.pianoheritage.com\/fr\/wp-json\/wp\/v2\/media\/11657"}],"wp:attachment":[{"href":"https:\/\/www.pianoheritage.com\/fr\/wp-json\/wp\/v2\/media?parent=11666"}],"wp:term":[{"taxonomy":"product_brand","embeddable":true,"href":"https:\/\/www.pianoheritage.com\/fr\/wp-json\/wp\/v2\/product_brand?post=11666"},{"taxonomy":"product_cat","embeddable":true,"href":"https:\/\/www.pianoheritage.com\/fr\/wp-json\/wp\/v2\/product_cat?post=11666"},{"taxonomy":"product_tag","embeddable":true,"href":"https:\/\/www.pianoheritage.com\/fr\/wp-json\/wp\/v2\/product_tag?post=11666"}],"curies":[{"name":"wp","href":"https:\/\/api.w.org\/{rel}","templated":true}]}}