{"id":11654,"date":"2026-03-11T03:12:11","date_gmt":"2026-03-11T07:12:11","guid":{"rendered":"https:\/\/www.pianoheritage.com\/?post_type=product&#038;p=11654"},"modified":"2026-03-11T03:13:29","modified_gmt":"2026-03-11T07:13:29","slug":"guitare-acoustique-electrique-takamine-gy11mens","status":"publish","type":"product","link":"https:\/\/www.pianoheritage.com\/fr\/shop\/guitares\/guitares-electriques\/guitare-acoustique-electrique-takamine-gy11mens\/","title":{"rendered":"Guitare Acoustique-\u00c9lectrique Takamine GY11MENS"},"content":{"rendered":"<p data-start=\"1173\" data-end=\"1631\">La Takamine GY11MENS est une guitare acoustique-\u00e9lectrique compacte avec une forme de corps New Yorker, la plus petite guitare \u00e0 \u00e9chelle compl\u00e8te de la gamme. Sa construction enti\u00e8rement en acajou produit une tonalit\u00e9 chaleureuse, douce et claire qui se distingue facilement dans un mix musical. Gr\u00e2ce au syst\u00e8me \u00e9lectronique Takamine TP-4T, elle est id\u00e9ale pour jouer amplifi\u00e9 tout en offrant un excellent confort de jeu.<\/p>\n<ul>\n<li data-start=\"1656\" data-end=\"1714\">Corps New Yorker compact offrant un grand confort de jeu<\/li>\n<li data-start=\"1717\" data-end=\"1782\">Table, dos et \u00e9clisses en acajou pour un son chaud et \u00e9quilibr\u00e9<\/li>\n<li data-start=\"1785\" data-end=\"1832\">Manche en acajou pour stabilit\u00e9 et durabilit\u00e9<\/li>\n<li data-start=\"1835\" data-end=\"1881\">Touche en laurier pour une jouabilit\u00e9 fluide<\/li>\n<li data-start=\"1884\" data-end=\"1938\">Largeur de sillet de 42,5 mm pour un confort optimal<\/li>\n<li data-start=\"1941\" data-end=\"1999\">\u00c9lectronique Takamine TP-4T pour performances amplifi\u00e9es<\/li>\n<li data-start=\"2002\" data-end=\"2058\">Finition naturelle avec un style acoustique classique<\/li>\n<\/ul>\n","protected":false},"excerpt":{"rendered":"<p>La Takamine GY11MENS est une guitare acoustique-\u00e9lectrique compacte avec une forme de corps New Yorker, la plus petite guitare \u00e0 \u00e9chelle compl\u00e8te de la gamme. Sa construction enti\u00e8rement en acajou produit une tonalit\u00e9 chaleureuse, douce et claire qui se distingue facilement dans un mix musical.<\/p>\n","protected":false},"featured_media":11645,"comment_status":"open","ping_status":"closed","template":"","meta":{"jetpack_publicize_message":"","jetpack_publicize_feature_enabled":true,"jetpack_social_post_already_shared":true,"jetpack_social_options":{"image_generator_settings":{"template":"highway","default_image_id":0,"font":"","enabled":false},"version":2}},"product_brand":[],"product_cat":[61,62,55],"product_tag":[1038],"class_list":{"0":"post-11654","1":"product","2":"type-product","3":"status-publish","4":"has-post-thumbnail","6":"product_cat-guitares","7":"product_cat-guitares-acoustiques","8":"product_cat-guitares-electriques","9":"product_tag-takamine","11":"first","12":"instock","13":"taxable","14":"shipping-taxable","15":"purchasable","16":"product-type-simple"},"jetpack_publicize_connections":[],"jetpack_sharing_enabled":true,"_links":{"self":[{"href":"https:\/\/www.pianoheritage.com\/fr\/wp-json\/wp\/v2\/product\/11654","targetHints":{"allow":["GET"]}}],"collection":[{"href":"https:\/\/www.pianoheritage.com\/fr\/wp-json\/wp\/v2\/product"}],"about":[{"href":"https:\/\/www.pianoheritage.com\/fr\/wp-json\/wp\/v2\/types\/product"}],"replies":[{"embeddable":true,"href":"https:\/\/www.pianoheritage.com\/fr\/wp-json\/wp\/v2\/comments?post=11654"}],"wp:featuredmedia":[{"embeddable":true,"href":"https:\/\/www.pianoheritage.com\/fr\/wp-json\/wp\/v2\/media\/11645"}],"wp:attachment":[{"href":"https:\/\/www.pianoheritage.com\/fr\/wp-json\/wp\/v2\/media?parent=11654"}],"wp:term":[{"taxonomy":"product_brand","embeddable":true,"href":"https:\/\/www.pianoheritage.com\/fr\/wp-json\/wp\/v2\/product_brand?post=11654"},{"taxonomy":"product_cat","embeddable":true,"href":"https:\/\/www.pianoheritage.com\/fr\/wp-json\/wp\/v2\/product_cat?post=11654"},{"taxonomy":"product_tag","embeddable":true,"href":"https:\/\/www.pianoheritage.com\/fr\/wp-json\/wp\/v2\/product_tag?post=11654"}],"curies":[{"name":"wp","href":"https:\/\/api.w.org\/{rel}","templated":true}]}}