{"id":11642,"date":"2026-03-11T03:06:50","date_gmt":"2026-03-11T07:06:50","guid":{"rendered":"https:\/\/www.pianoheritage.com\/?post_type=product&#038;p=11642"},"modified":"2026-03-11T03:09:53","modified_gmt":"2026-03-11T07:09:53","slug":"guitare-acoustique-electrique-takamine-gd11mcens","status":"publish","type":"product","link":"https:\/\/www.pianoheritage.com\/fr\/shop\/guitares\/guitares-electriques\/guitare-acoustique-electrique-takamine-gd11mcens\/","title":{"rendered":"Guitare Acoustique-\u00c9lectrique Takamine GD11MCENS"},"content":{"rendered":"<p data-start=\"1176\" data-end=\"1669\">La Takamine GD11MCENS est une guitare acoustique-\u00e9lectrique de forme dreadnought offrant puissance sonore et tonalit\u00e9 chaleureuse gr\u00e2ce \u00e0 sa construction en acajou. Cette forme de corps tr\u00e8s populaire offre une excellente projection, des basses profondes et un volume puissant, id\u00e9al pour le jeu en accords et l\u2019accompagnement. \u00c9quip\u00e9e du syst\u00e8me \u00e9lectronique Takamine TP-4T, elle est parfaitement adapt\u00e9e aux performances amplifi\u00e9es sur sc\u00e8ne ou en studio.<\/p>\n<ul>\n<li data-start=\"1694\" data-end=\"1761\">Corps dreadnought pour un volume puissant et des basses profondes<\/li>\n<li data-start=\"1764\" data-end=\"1825\">Table, dos et \u00e9clisses en acajou pour un son chaud et riche<\/li>\n<li data-start=\"1828\" data-end=\"1878\">Manche en acajou offrant stabilit\u00e9 et durabilit\u00e9<\/li>\n<li data-start=\"1881\" data-end=\"1927\">Touche en laurier pour une jouabilit\u00e9 fluide<\/li>\n<li data-start=\"1930\" data-end=\"1991\">Largeur de sillet de 42,5 mm pour un confort de jeu optimal<\/li>\n<li data-start=\"1994\" data-end=\"2061\">\u00c9lectronique Takamine TP-4T pour amplification et contr\u00f4le du son<\/li>\n<li data-start=\"2064\" data-end=\"2115\">Finition naturelle au style acoustique classique<\/li>\n<\/ul>\n","protected":false},"excerpt":{"rendered":"<p>La Takamine GD11MCENS est une guitare acoustique-\u00e9lectrique de forme dreadnought offrant puissance sonore et tonalit\u00e9 chaleureuse gr\u00e2ce \u00e0 sa construction en acajou. Cette forme de corps tr\u00e8s populaire offre une excellente projection, des basses profondes et un volume puissant, id\u00e9al pour le jeu en accords et l\u2019accompagnement.<\/p>\n","protected":false},"featured_media":11633,"comment_status":"open","ping_status":"closed","template":"","meta":{"jetpack_publicize_message":"","jetpack_publicize_feature_enabled":true,"jetpack_social_post_already_shared":true,"jetpack_social_options":{"image_generator_settings":{"template":"highway","default_image_id":0,"font":"","enabled":false},"version":2}},"product_brand":[],"product_cat":[61,62,55],"product_tag":[1038],"class_list":{"0":"post-11642","1":"product","2":"type-product","3":"status-publish","4":"has-post-thumbnail","6":"product_cat-guitares","7":"product_cat-guitares-acoustiques","8":"product_cat-guitares-electriques","9":"product_tag-takamine","11":"first","12":"instock","13":"taxable","14":"shipping-taxable","15":"purchasable","16":"product-type-simple"},"jetpack_publicize_connections":[],"jetpack_sharing_enabled":true,"_links":{"self":[{"href":"https:\/\/www.pianoheritage.com\/fr\/wp-json\/wp\/v2\/product\/11642","targetHints":{"allow":["GET"]}}],"collection":[{"href":"https:\/\/www.pianoheritage.com\/fr\/wp-json\/wp\/v2\/product"}],"about":[{"href":"https:\/\/www.pianoheritage.com\/fr\/wp-json\/wp\/v2\/types\/product"}],"replies":[{"embeddable":true,"href":"https:\/\/www.pianoheritage.com\/fr\/wp-json\/wp\/v2\/comments?post=11642"}],"wp:featuredmedia":[{"embeddable":true,"href":"https:\/\/www.pianoheritage.com\/fr\/wp-json\/wp\/v2\/media\/11633"}],"wp:attachment":[{"href":"https:\/\/www.pianoheritage.com\/fr\/wp-json\/wp\/v2\/media?parent=11642"}],"wp:term":[{"taxonomy":"product_brand","embeddable":true,"href":"https:\/\/www.pianoheritage.com\/fr\/wp-json\/wp\/v2\/product_brand?post=11642"},{"taxonomy":"product_cat","embeddable":true,"href":"https:\/\/www.pianoheritage.com\/fr\/wp-json\/wp\/v2\/product_cat?post=11642"},{"taxonomy":"product_tag","embeddable":true,"href":"https:\/\/www.pianoheritage.com\/fr\/wp-json\/wp\/v2\/product_tag?post=11642"}],"curies":[{"name":"wp","href":"https:\/\/api.w.org\/{rel}","templated":true}]}}