{"id":11629,"date":"2026-03-11T02:58:15","date_gmt":"2026-03-11T06:58:15","guid":{"rendered":"https:\/\/www.pianoheritage.com\/?post_type=product&#038;p=11629"},"modified":"2026-03-11T02:59:35","modified_gmt":"2026-03-11T06:59:35","slug":"guitare-acoustique-cort-af510op","status":"publish","type":"product","link":"https:\/\/www.pianoheritage.com\/fr\/shop\/guitares\/guitare-acoustique-cort-af510op\/","title":{"rendered":"Guitare Acoustique Cort AF510OP"},"content":{"rendered":"<p data-start=\"1107\" data-end=\"1585\">La guitare acoustique Cort AF510OP fait partie de la c\u00e9l\u00e8bre s\u00e9rie Standard de Cort, reconnue pour son excellent rapport qualit\u00e9-prix. Son corps de type concert offre un grand confort de jeu, tandis que sa table en \u00e9pic\u00e9a associ\u00e9e \u00e0 un dos et des \u00e9clisses en acajou produit une tonalit\u00e9 claire, \u00e9quilibr\u00e9e et chaleureuse. Avec sa touche en merbau et sa fabrication fiable, la AF510OP est parfaite pour les d\u00e9butants et les musiciens amateurs.<\/p>\n<ul>\n<li data-start=\"1610\" data-end=\"1658\">Table en \u00e9pic\u00e9a pour un son clair et \u00e9quilibr\u00e9<\/li>\n<li data-start=\"1661\" data-end=\"1718\">Dos et \u00e9clisses en acajou pour une tonalit\u00e9 chaleureuse<\/li>\n<li data-start=\"1721\" data-end=\"1771\">Corps concert offrant confort et contr\u00f4le du son<\/li>\n<li data-start=\"1774\" data-end=\"1820\">Touche en merbau durable et agr\u00e9able \u00e0 jouer<\/li>\n<li data-start=\"1823\" data-end=\"1884\">Issue de la s\u00e9rie Standard de Cort reconnue pour sa qualit\u00e9<\/li>\n<li data-start=\"1887\" data-end=\"1943\">Id\u00e9ale pour les d\u00e9butants et les guitaristes amateurs<\/li>\n<\/ul>\n","protected":false},"excerpt":{"rendered":"<p>La guitare acoustique Cort AF510OP fait partie de la c\u00e9l\u00e8bre s\u00e9rie Standard de Cort, reconnue pour son excellent rapport qualit\u00e9-prix. Son corps de type concert offre un grand confort de jeu, tandis que sa table en \u00e9pic\u00e9a associ\u00e9e \u00e0 un dos et des \u00e9clisses en acajou produit une tonalit\u00e9 claire, \u00e9quilibr\u00e9e et chaleureuse.<\/p>\n","protected":false},"featured_media":11612,"comment_status":"open","ping_status":"closed","template":"","meta":{"jetpack_publicize_message":"","jetpack_publicize_feature_enabled":true,"jetpack_social_post_already_shared":true,"jetpack_social_options":{"image_generator_settings":{"template":"highway","default_image_id":0,"font":"","enabled":false},"version":2}},"product_brand":[],"product_cat":[61,62],"product_tag":[1028],"class_list":{"0":"post-11629","1":"product","2":"type-product","3":"status-publish","4":"has-post-thumbnail","6":"product_cat-guitares","7":"product_cat-guitares-acoustiques","8":"product_tag-cort","10":"first","11":"instock","12":"taxable","13":"shipping-taxable","14":"purchasable","15":"product-type-simple"},"jetpack_publicize_connections":[],"jetpack_sharing_enabled":true,"_links":{"self":[{"href":"https:\/\/www.pianoheritage.com\/fr\/wp-json\/wp\/v2\/product\/11629","targetHints":{"allow":["GET"]}}],"collection":[{"href":"https:\/\/www.pianoheritage.com\/fr\/wp-json\/wp\/v2\/product"}],"about":[{"href":"https:\/\/www.pianoheritage.com\/fr\/wp-json\/wp\/v2\/types\/product"}],"replies":[{"embeddable":true,"href":"https:\/\/www.pianoheritage.com\/fr\/wp-json\/wp\/v2\/comments?post=11629"}],"wp:featuredmedia":[{"embeddable":true,"href":"https:\/\/www.pianoheritage.com\/fr\/wp-json\/wp\/v2\/media\/11612"}],"wp:attachment":[{"href":"https:\/\/www.pianoheritage.com\/fr\/wp-json\/wp\/v2\/media?parent=11629"}],"wp:term":[{"taxonomy":"product_brand","embeddable":true,"href":"https:\/\/www.pianoheritage.com\/fr\/wp-json\/wp\/v2\/product_brand?post=11629"},{"taxonomy":"product_cat","embeddable":true,"href":"https:\/\/www.pianoheritage.com\/fr\/wp-json\/wp\/v2\/product_cat?post=11629"},{"taxonomy":"product_tag","embeddable":true,"href":"https:\/\/www.pianoheritage.com\/fr\/wp-json\/wp\/v2\/product_tag?post=11629"}],"curies":[{"name":"wp","href":"https:\/\/api.w.org\/{rel}","templated":true}]}}