{"id":11609,"date":"2026-03-11T02:54:59","date_gmt":"2026-03-11T06:54:59","guid":{"rendered":"https:\/\/www.pianoheritage.com\/?post_type=product&#038;p=11609"},"modified":"2026-03-11T02:55:49","modified_gmt":"2026-03-11T06:55:49","slug":"guitare-acoustique-cort-l60mop","status":"publish","type":"product","link":"https:\/\/www.pianoheritage.com\/fr\/shop\/guitares\/guitare-acoustique-cort-l60mop\/","title":{"rendered":"Guitare Acoustique Cort L60MOP"},"content":{"rendered":"<p data-start=\"1102\" data-end=\"1514\">La guitare acoustique Cort L60MOP poss\u00e8de un corps Orchestra compact qui offre un excellent confort de jeu et un son clair et \u00e9quilibr\u00e9. Sa table en acajou massif produit une tonalit\u00e9 chaleureuse et riche avec une projection remarquable. Gr\u00e2ce au barrage Advanced X, la L60MOP am\u00e9liore la r\u00e9sonance et offre un son acoustique puissant dans un format confortable et polyvalent.<\/p>\n<ul>\n<li data-start=\"1539\" data-end=\"1600\">Corps Orchestra compact pour un confort et un son \u00e9quilibr\u00e9<\/li>\n<li data-start=\"1603\" data-end=\"1671\">Table en acajou massif pour une tonalit\u00e9 chaleureuse et expressive<\/li>\n<li data-start=\"1674\" data-end=\"1735\">Barrage Advanced X am\u00e9liorant la projection et la r\u00e9sonance<\/li>\n<li data-start=\"1738\" data-end=\"1793\">Format id\u00e9al pour le jeu en accords et le fingerstyle<\/li>\n<li data-start=\"1796\" data-end=\"1867\">Excellente jouabilit\u00e9 adapt\u00e9e aux d\u00e9butants et musiciens exp\u00e9riment\u00e9s<\/li>\n<li data-start=\"1870\" data-end=\"1937\">Fabrication de qualit\u00e9 offrant une performance acoustique fiable<\/li>\n<\/ul>\n","protected":false},"excerpt":{"rendered":"<p>La guitare acoustique Cort L60MOP poss\u00e8de un corps Orchestra compact qui offre un excellent confort de jeu et un son clair et \u00e9quilibr\u00e9. Sa table en acajou massif produit une tonalit\u00e9 chaleureuse et riche avec une projection remarquable.<\/p>\n","protected":false},"featured_media":11590,"comment_status":"open","ping_status":"closed","template":"","meta":{"jetpack_publicize_message":"","jetpack_publicize_feature_enabled":true,"jetpack_social_post_already_shared":true,"jetpack_social_options":{"image_generator_settings":{"template":"highway","default_image_id":0,"font":"","enabled":false},"version":2}},"product_brand":[],"product_cat":[61,62],"product_tag":[1028],"class_list":{"0":"post-11609","1":"product","2":"type-product","3":"status-publish","4":"has-post-thumbnail","6":"product_cat-guitares","7":"product_cat-guitares-acoustiques","8":"product_tag-cort","10":"first","11":"instock","12":"taxable","13":"shipping-taxable","14":"purchasable","15":"product-type-simple"},"jetpack_publicize_connections":[],"jetpack_sharing_enabled":true,"_links":{"self":[{"href":"https:\/\/www.pianoheritage.com\/fr\/wp-json\/wp\/v2\/product\/11609","targetHints":{"allow":["GET"]}}],"collection":[{"href":"https:\/\/www.pianoheritage.com\/fr\/wp-json\/wp\/v2\/product"}],"about":[{"href":"https:\/\/www.pianoheritage.com\/fr\/wp-json\/wp\/v2\/types\/product"}],"replies":[{"embeddable":true,"href":"https:\/\/www.pianoheritage.com\/fr\/wp-json\/wp\/v2\/comments?post=11609"}],"wp:featuredmedia":[{"embeddable":true,"href":"https:\/\/www.pianoheritage.com\/fr\/wp-json\/wp\/v2\/media\/11590"}],"wp:attachment":[{"href":"https:\/\/www.pianoheritage.com\/fr\/wp-json\/wp\/v2\/media?parent=11609"}],"wp:term":[{"taxonomy":"product_brand","embeddable":true,"href":"https:\/\/www.pianoheritage.com\/fr\/wp-json\/wp\/v2\/product_brand?post=11609"},{"taxonomy":"product_cat","embeddable":true,"href":"https:\/\/www.pianoheritage.com\/fr\/wp-json\/wp\/v2\/product_cat?post=11609"},{"taxonomy":"product_tag","embeddable":true,"href":"https:\/\/www.pianoheritage.com\/fr\/wp-json\/wp\/v2\/product_tag?post=11609"}],"curies":[{"name":"wp","href":"https:\/\/api.w.org\/{rel}","templated":true}]}}