{"id":11587,"date":"2026-03-11T02:50:35","date_gmt":"2026-03-11T06:50:35","guid":{"rendered":"https:\/\/www.pianoheritage.com\/?post_type=product&#038;p=11587"},"modified":"2026-03-11T02:51:43","modified_gmt":"2026-03-11T06:51:43","slug":"guitares-acoustiques-classique-cort-ac100op","status":"publish","type":"product","link":"https:\/\/www.pianoheritage.com\/fr\/shop\/guitares\/guitares-acoustiques-classique-cort-ac100op\/","title":{"rendered":"Guitares Acoustiques Classique Cort AC100OP"},"content":{"rendered":"<p data-start=\"1149\" data-end=\"1625\">La guitare classique Cort AC100OP est con\u00e7ue pour offrir un son classique authentique avec une meilleure r\u00e9sonance et un grand confort de jeu. Dot\u00e9e d\u2019une table en \u00e9pic\u00e9a et d\u2019un dos et \u00e9clisses en acajou, elle produit une tonalit\u00e9 profonde, chaleureuse et douce id\u00e9ale pour la musique classique et acoustique. Avec sa touche en merbau et ses cordes Savarez\u00ae Cristal, la AC100OP est parfaite pour les \u00e9tudiants et les guitaristes d\u00e9butants.<\/p>\n<ul>\n<li data-start=\"1650\" data-end=\"1698\">Table en \u00e9pic\u00e9a pour un son clair et \u00e9quilibr\u00e9<\/li>\n<li data-start=\"1701\" data-end=\"1770\">Dos et \u00e9clisses en acajou pour une tonalit\u00e9 chaleureuse et profonde<\/li>\n<li data-start=\"1773\" data-end=\"1821\">Touche en merbau offrant confort et durabilit\u00e9<\/li>\n<li data-start=\"1824\" data-end=\"1883\">Cordes Savarez\u00ae Cristal pour un son classique authentique<\/li>\n<li data-start=\"1886\" data-end=\"1937\">Conception adapt\u00e9e aux d\u00e9butants et aux \u00e9tudiants<\/li>\n<li data-start=\"1940\" data-end=\"2005\">Corps repens\u00e9 pour am\u00e9liorer la r\u00e9sonance et la qualit\u00e9 sonore<\/li>\n<\/ul>\n","protected":false},"excerpt":{"rendered":"<p>La guitare classique Cort AC100OP est con\u00e7ue pour offrir un son classique authentique avec une meilleure r\u00e9sonance et un grand confort de jeu. Dot\u00e9e d\u2019une table en \u00e9pic\u00e9a et d\u2019un dos et \u00e9clisses en acajou, elle produit une tonalit\u00e9 profonde, chaleureuse et douce id\u00e9ale pour la musique classique et acoustique.<\/p>\n","protected":false},"featured_media":11570,"comment_status":"open","ping_status":"closed","template":"","meta":{"jetpack_publicize_message":"","jetpack_publicize_feature_enabled":true,"jetpack_social_post_already_shared":true,"jetpack_social_options":{"image_generator_settings":{"template":"highway","default_image_id":0,"font":"","enabled":false},"version":2}},"product_brand":[],"product_cat":[61,62],"product_tag":[1028],"class_list":{"0":"post-11587","1":"product","2":"type-product","3":"status-publish","4":"has-post-thumbnail","6":"product_cat-guitares","7":"product_cat-guitares-acoustiques","8":"product_tag-cort","10":"first","11":"instock","12":"taxable","13":"shipping-taxable","14":"purchasable","15":"product-type-simple"},"jetpack_publicize_connections":[],"jetpack_sharing_enabled":true,"_links":{"self":[{"href":"https:\/\/www.pianoheritage.com\/fr\/wp-json\/wp\/v2\/product\/11587","targetHints":{"allow":["GET"]}}],"collection":[{"href":"https:\/\/www.pianoheritage.com\/fr\/wp-json\/wp\/v2\/product"}],"about":[{"href":"https:\/\/www.pianoheritage.com\/fr\/wp-json\/wp\/v2\/types\/product"}],"replies":[{"embeddable":true,"href":"https:\/\/www.pianoheritage.com\/fr\/wp-json\/wp\/v2\/comments?post=11587"}],"wp:featuredmedia":[{"embeddable":true,"href":"https:\/\/www.pianoheritage.com\/fr\/wp-json\/wp\/v2\/media\/11570"}],"wp:attachment":[{"href":"https:\/\/www.pianoheritage.com\/fr\/wp-json\/wp\/v2\/media?parent=11587"}],"wp:term":[{"taxonomy":"product_brand","embeddable":true,"href":"https:\/\/www.pianoheritage.com\/fr\/wp-json\/wp\/v2\/product_brand?post=11587"},{"taxonomy":"product_cat","embeddable":true,"href":"https:\/\/www.pianoheritage.com\/fr\/wp-json\/wp\/v2\/product_cat?post=11587"},{"taxonomy":"product_tag","embeddable":true,"href":"https:\/\/www.pianoheritage.com\/fr\/wp-json\/wp\/v2\/product_tag?post=11587"}],"curies":[{"name":"wp","href":"https:\/\/api.w.org\/{rel}","templated":true}]}}