{"id":11546,"date":"2026-03-11T02:38:59","date_gmt":"2026-03-11T06:38:59","guid":{"rendered":"https:\/\/www.pianoheritage.com\/?post_type=product&#038;p=11546"},"modified":"2026-03-11T02:40:51","modified_gmt":"2026-03-11T06:40:51","slug":"guitare-acoustique-cort-af510mop","status":"publish","type":"product","link":"https:\/\/www.pianoheritage.com\/fr\/shop\/guitares\/guitare-acoustique-cort-af510mop\/","title":{"rendered":"Guitare Acoustique Cort AF510MOP"},"content":{"rendered":"<p data-start=\"1097\" data-end=\"1514\">La guitare acoustique Cort AF510MOP poss\u00e8de un corps enti\u00e8rement en acajou associ\u00e9 \u00e0 une forme concert confortable. Sa finition naturelle \u00e0 pores ouverts permet au bois de r\u00e9sonner librement et de vieillir naturellement avec le temps. Offrant une tonalit\u00e9 chaude et \u00e9quilibr\u00e9e ainsi qu\u2019un excellent confort de jeu, la AF510M est id\u00e9ale pour les d\u00e9butants et les guitaristes amateurs.<\/p>\n<ul>\n<li data-start=\"1539\" data-end=\"1595\">Corps enti\u00e8rement en acajou pour un son chaud et riche<\/li>\n<li data-start=\"1598\" data-end=\"1658\">Forme de corps concert offrant confort et \u00e9quilibre sonore<\/li>\n<li data-start=\"1661\" data-end=\"1721\">Finition naturelle \u00e0 pores ouverts am\u00e9liorant la r\u00e9sonance<\/li>\n<li data-start=\"1724\" data-end=\"1781\">Jouabilit\u00e9 fluide id\u00e9ale pour les d\u00e9butants et amateurs<\/li>\n<li data-start=\"1784\" data-end=\"1845\">Design l\u00e9ger et confortable pour de longues sessions de jeu<\/li>\n<li data-start=\"1848\" data-end=\"1904\">Fabrication fiable issue de la s\u00e9rie Standard de Cort<\/li>\n<\/ul>\n","protected":false},"excerpt":{"rendered":"<p>La guitare acoustique Cort AF510MOP poss\u00e8de un corps enti\u00e8rement en acajou associ\u00e9 \u00e0 une forme concert confortable. Sa finition naturelle \u00e0 pores ouverts permet au bois de r\u00e9sonner librement et de vieillir naturellement avec le temps.<\/p>\n","protected":false},"featured_media":11529,"comment_status":"open","ping_status":"closed","template":"","meta":{"jetpack_publicize_message":"","jetpack_publicize_feature_enabled":true,"jetpack_social_post_already_shared":true,"jetpack_social_options":{"image_generator_settings":{"template":"highway","default_image_id":0,"font":"","enabled":false},"version":2}},"product_brand":[],"product_cat":[61,62],"product_tag":[1028],"class_list":{"0":"post-11546","1":"product","2":"type-product","3":"status-publish","4":"has-post-thumbnail","6":"product_cat-guitares","7":"product_cat-guitares-acoustiques","8":"product_tag-cort","10":"first","11":"instock","12":"taxable","13":"shipping-taxable","14":"purchasable","15":"product-type-simple"},"jetpack_publicize_connections":[],"jetpack_sharing_enabled":true,"_links":{"self":[{"href":"https:\/\/www.pianoheritage.com\/fr\/wp-json\/wp\/v2\/product\/11546","targetHints":{"allow":["GET"]}}],"collection":[{"href":"https:\/\/www.pianoheritage.com\/fr\/wp-json\/wp\/v2\/product"}],"about":[{"href":"https:\/\/www.pianoheritage.com\/fr\/wp-json\/wp\/v2\/types\/product"}],"replies":[{"embeddable":true,"href":"https:\/\/www.pianoheritage.com\/fr\/wp-json\/wp\/v2\/comments?post=11546"}],"wp:featuredmedia":[{"embeddable":true,"href":"https:\/\/www.pianoheritage.com\/fr\/wp-json\/wp\/v2\/media\/11529"}],"wp:attachment":[{"href":"https:\/\/www.pianoheritage.com\/fr\/wp-json\/wp\/v2\/media?parent=11546"}],"wp:term":[{"taxonomy":"product_brand","embeddable":true,"href":"https:\/\/www.pianoheritage.com\/fr\/wp-json\/wp\/v2\/product_brand?post=11546"},{"taxonomy":"product_cat","embeddable":true,"href":"https:\/\/www.pianoheritage.com\/fr\/wp-json\/wp\/v2\/product_cat?post=11546"},{"taxonomy":"product_tag","embeddable":true,"href":"https:\/\/www.pianoheritage.com\/fr\/wp-json\/wp\/v2\/product_tag?post=11546"}],"curies":[{"name":"wp","href":"https:\/\/api.w.org\/{rel}","templated":true}]}}