{"id":11480,"date":"2026-03-11T02:25:03","date_gmt":"2026-03-11T06:25:03","guid":{"rendered":"https:\/\/www.pianoheritage.com\/?post_type=product&#038;p=11480"},"modified":"2026-03-11T02:26:04","modified_gmt":"2026-03-11T06:26:04","slug":"pack-guitare-acoustique-cort-trailblazer-cap810","status":"publish","type":"product","link":"https:\/\/www.pianoheritage.com\/fr\/shop\/guitares\/pack-guitare-acoustique-cort-trailblazer-cap810\/","title":{"rendered":"Pack Guitare Acoustique Cort Trailblazer CAP810"},"content":{"rendered":"<p data-start=\"1215\" data-end=\"1691\">Le pack Cort Trailblazer CAP810 est une solution compl\u00e8te et abordable pour d\u00e9buter la guitare. Ce kit comprend la guitare acoustique dreadnought AD810 pleine taille de Cort, accompagn\u00e9e d\u2019accessoires essentiels tels qu\u2019une housse de transport, une sangle confortable, des m\u00e9diators et un accordeur \u00e9lectronique. Que ce soit pour commencer \u00e0 jouer ou pour offrir un cadeau \u00e0 un musicien d\u00e9butant, le Trailblazer Pack est un excellent choix.<\/p>\n<ul>\n<li data-start=\"1716\" data-end=\"1767\">Pack complet de guitare acoustique pour d\u00e9butants<\/li>\n<li data-start=\"1770\" data-end=\"1837\">Inclut la guitare acoustique dreadnought Cort AD810 pleine taille<\/li>\n<li data-start=\"1840\" data-end=\"1903\">Housse de transport pour un rangement et un transport faciles<\/li>\n<li data-start=\"1906\" data-end=\"1956\">Sangle confortable pour jouer en toute commodit\u00e9<\/li>\n<li data-start=\"1959\" data-end=\"2014\">M\u00e9diators inclus pour commencer \u00e0 jouer imm\u00e9diatement<\/li>\n<li data-start=\"2017\" data-end=\"2076\">Accordeur \u00e9lectronique pour un accordage rapide et pr\u00e9cis<\/li>\n<li data-start=\"2079\" data-end=\"2138\">Solution \u00e9conomique id\u00e9ale pour les nouveaux guitaristes<\/li>\n<\/ul>\n","protected":false},"excerpt":{"rendered":"<p>Le pack Cort Trailblazer CAP810 est une solution compl\u00e8te et abordable pour d\u00e9buter la guitare. Ce kit comprend la guitare acoustique dreadnought AD810 pleine taille de Cort, accompagn\u00e9e d\u2019accessoires essentiels tels qu\u2019une housse de transport, une sangle confortable, des m\u00e9diators et un accordeur \u00e9lectronique.<\/p>\n","protected":false},"featured_media":11479,"comment_status":"open","ping_status":"closed","template":"","meta":{"jetpack_publicize_message":"","jetpack_publicize_feature_enabled":true,"jetpack_social_post_already_shared":true,"jetpack_social_options":{"image_generator_settings":{"template":"highway","default_image_id":0,"font":"","enabled":false},"version":2}},"product_brand":[],"product_cat":[61,62],"product_tag":[1028],"class_list":{"0":"post-11480","1":"product","2":"type-product","3":"status-publish","4":"has-post-thumbnail","6":"product_cat-guitares","7":"product_cat-guitares-acoustiques","8":"product_tag-cort","10":"first","11":"instock","12":"taxable","13":"shipping-taxable","14":"purchasable","15":"product-type-simple"},"jetpack_publicize_connections":[],"jetpack_sharing_enabled":true,"_links":{"self":[{"href":"https:\/\/www.pianoheritage.com\/fr\/wp-json\/wp\/v2\/product\/11480","targetHints":{"allow":["GET"]}}],"collection":[{"href":"https:\/\/www.pianoheritage.com\/fr\/wp-json\/wp\/v2\/product"}],"about":[{"href":"https:\/\/www.pianoheritage.com\/fr\/wp-json\/wp\/v2\/types\/product"}],"replies":[{"embeddable":true,"href":"https:\/\/www.pianoheritage.com\/fr\/wp-json\/wp\/v2\/comments?post=11480"}],"wp:featuredmedia":[{"embeddable":true,"href":"https:\/\/www.pianoheritage.com\/fr\/wp-json\/wp\/v2\/media\/11479"}],"wp:attachment":[{"href":"https:\/\/www.pianoheritage.com\/fr\/wp-json\/wp\/v2\/media?parent=11480"}],"wp:term":[{"taxonomy":"product_brand","embeddable":true,"href":"https:\/\/www.pianoheritage.com\/fr\/wp-json\/wp\/v2\/product_brand?post=11480"},{"taxonomy":"product_cat","embeddable":true,"href":"https:\/\/www.pianoheritage.com\/fr\/wp-json\/wp\/v2\/product_cat?post=11480"},{"taxonomy":"product_tag","embeddable":true,"href":"https:\/\/www.pianoheritage.com\/fr\/wp-json\/wp\/v2\/product_tag?post=11480"}],"curies":[{"name":"wp","href":"https:\/\/api.w.org\/{rel}","templated":true}]}}