{"id":11449,"date":"2026-03-11T02:13:27","date_gmt":"2026-03-11T06:13:27","guid":{"rendered":"https:\/\/www.pianoheritage.com\/?post_type=product&#038;p=11449"},"modified":"2026-03-11T02:14:24","modified_gmt":"2026-03-11T06:14:24","slug":"guitare-acoustique-cort-l60mceop","status":"publish","type":"product","link":"https:\/\/www.pianoheritage.com\/fr\/shop\/guitares\/guitare-acoustique-cort-l60mceop\/","title":{"rendered":"Guitare Acoustique Cort L60MCEOP"},"content":{"rendered":"<p data-start=\"1184\" data-end=\"1686\">La guitare acoustique-\u00e9lectrique Cort L60MCE OP poss\u00e8de un corps Orchestra compact offrant un excellent confort de jeu et un son pr\u00e9cis et expressif. Sa table en acajou massif produit une tonalit\u00e9 chaleureuse, riche et complexe, id\u00e9ale pour le jeu en accords ou en fingerstyle. Dot\u00e9e d\u2019un syst\u00e8me \u00e9lectronique int\u00e9gr\u00e9 pour les performances amplifi\u00e9es, la L60MCE OP offre une grande polyvalence et un excellent rapport qualit\u00e9-prix pour les musiciens de tous niveaux.<\/p>\n<ul>\n<li data-start=\"1711\" data-end=\"1772\">Corps Orchestra compact pour un confort et un son \u00e9quilibr\u00e9<\/li>\n<li data-start=\"1775\" data-end=\"1838\">Table en acajou massif pour une tonalit\u00e9 chaleureuse et riche<\/li>\n<li data-start=\"1841\" data-end=\"1906\">\u00c9lectronique int\u00e9gr\u00e9e pour jouer branch\u00e9 sur sc\u00e8ne ou en studio<\/li>\n<li data-start=\"1909\" data-end=\"1960\">Parfaite pour le jeu en accords et le fingerstyle<\/li>\n<li data-start=\"1963\" data-end=\"2046\">Guitare acoustique-\u00e9lectrique adapt\u00e9e aux d\u00e9butants et aux musiciens exp\u00e9riment\u00e9s<\/li>\n<li data-start=\"2049\" data-end=\"2099\">Construction fiable avec une excellente jouabilit\u00e9<\/li>\n<\/ul>\n","protected":false},"excerpt":{"rendered":"<p>La guitare acoustique-\u00e9lectrique Cort L60MCE OP poss\u00e8de un corps Orchestra compact offrant un excellent confort de jeu et un son pr\u00e9cis et expressif. Sa table en acajou massif produit une tonalit\u00e9 chaleureuse, riche et complexe, id\u00e9ale pour le jeu en accords ou en fingerstyle.<\/p>\n","protected":false},"featured_media":11428,"comment_status":"open","ping_status":"closed","template":"","meta":{"jetpack_publicize_message":"","jetpack_publicize_feature_enabled":true,"jetpack_social_post_already_shared":true,"jetpack_social_options":{"image_generator_settings":{"template":"highway","default_image_id":0,"font":"","enabled":false},"version":2}},"product_brand":[],"product_cat":[61,62],"product_tag":[1028],"class_list":{"0":"post-11449","1":"product","2":"type-product","3":"status-publish","4":"has-post-thumbnail","6":"product_cat-guitares","7":"product_cat-guitares-acoustiques","8":"product_tag-cort","10":"first","11":"instock","12":"taxable","13":"shipping-taxable","14":"purchasable","15":"product-type-simple"},"jetpack_publicize_connections":[],"jetpack_sharing_enabled":true,"_links":{"self":[{"href":"https:\/\/www.pianoheritage.com\/fr\/wp-json\/wp\/v2\/product\/11449","targetHints":{"allow":["GET"]}}],"collection":[{"href":"https:\/\/www.pianoheritage.com\/fr\/wp-json\/wp\/v2\/product"}],"about":[{"href":"https:\/\/www.pianoheritage.com\/fr\/wp-json\/wp\/v2\/types\/product"}],"replies":[{"embeddable":true,"href":"https:\/\/www.pianoheritage.com\/fr\/wp-json\/wp\/v2\/comments?post=11449"}],"wp:featuredmedia":[{"embeddable":true,"href":"https:\/\/www.pianoheritage.com\/fr\/wp-json\/wp\/v2\/media\/11428"}],"wp:attachment":[{"href":"https:\/\/www.pianoheritage.com\/fr\/wp-json\/wp\/v2\/media?parent=11449"}],"wp:term":[{"taxonomy":"product_brand","embeddable":true,"href":"https:\/\/www.pianoheritage.com\/fr\/wp-json\/wp\/v2\/product_brand?post=11449"},{"taxonomy":"product_cat","embeddable":true,"href":"https:\/\/www.pianoheritage.com\/fr\/wp-json\/wp\/v2\/product_cat?post=11449"},{"taxonomy":"product_tag","embeddable":true,"href":"https:\/\/www.pianoheritage.com\/fr\/wp-json\/wp\/v2\/product_tag?post=11449"}],"curies":[{"name":"wp","href":"https:\/\/api.w.org\/{rel}","templated":true}]}}