{"id":11425,"date":"2026-03-11T02:05:19","date_gmt":"2026-03-11T06:05:19","guid":{"rendered":"https:\/\/www.pianoheritage.com\/?post_type=product&#038;p=11425"},"modified":"2026-03-11T02:07:58","modified_gmt":"2026-03-11T06:07:58","slug":"guitare-acoustique-cort-l60cenat","status":"publish","type":"product","link":"https:\/\/www.pianoheritage.com\/fr\/shop\/guitares\/guitare-acoustique-cort-l60cenat\/","title":{"rendered":"Guitare Acoustique Cort L60CENAT"},"content":{"rendered":"<p data-start=\"1174\" data-end=\"1655\">La guitare acoustique-\u00e9lectrique Cort L60CENAT poss\u00e8de un corps de type Orchestra plus compact qui offre un excellent confort de jeu et un son pr\u00e9cis et \u00e9quilibr\u00e9. Gr\u00e2ce \u00e0 sa table en \u00e9pic\u00e9a massif pour une projection claire et \u00e0 son syst\u00e8me \u00e9lectronique int\u00e9gr\u00e9 pour les performances amplifi\u00e9es, cette guitare est parfaite pour le jeu en accords comme pour le fingerstyle. Elle repr\u00e9sente un excellent choix pour les musiciens de tous niveaux.<\/p>\n<ul>\n<li data-start=\"1680\" data-end=\"1741\">Corps de type Orchestra pour un confort et un son \u00e9quilibr\u00e9<\/li>\n<li data-start=\"1744\" data-end=\"1809\">Table en \u00e9pic\u00e9a massif offrant une tonalit\u00e9 claire et articul\u00e9e<\/li>\n<li data-start=\"1812\" data-end=\"1876\">\u00c9lectronique int\u00e9gr\u00e9e pour une utilisation amplifi\u00e9e sur sc\u00e8ne<\/li>\n<li data-start=\"1879\" data-end=\"1928\">Id\u00e9ale pour le jeu en accords et le fingerstyle<\/li>\n<li data-start=\"1931\" data-end=\"2004\">Guitare acoustique-\u00e9lectrique offrant un excellent rapport qualit\u00e9-prix<\/li>\n<li data-start=\"2007\" data-end=\"2070\">Confort de jeu adapt\u00e9 aux musiciens d\u00e9butants et exp\u00e9riment\u00e9s<\/li>\n<\/ul>\n","protected":false},"excerpt":{"rendered":"<p>La guitare acoustique-\u00e9lectrique Cort L60CENAT poss\u00e8de un corps de type Orchestra plus compact qui offre un excellent confort de jeu et un son pr\u00e9cis et \u00e9quilibr\u00e9. Gr\u00e2ce \u00e0 sa table en \u00e9pic\u00e9a massif pour une projection claire et \u00e0 son syst\u00e8me \u00e9lectronique int\u00e9gr\u00e9 pour les performances amplifi\u00e9es, cette guitare est parfaite pour le jeu en accords comme pour le fingerstyle<\/p>\n","protected":false},"featured_media":11402,"comment_status":"open","ping_status":"closed","template":"","meta":{"jetpack_publicize_message":"","jetpack_publicize_feature_enabled":true,"jetpack_social_post_already_shared":true,"jetpack_social_options":{"image_generator_settings":{"template":"highway","default_image_id":0,"font":"","enabled":false},"version":2}},"product_brand":[],"product_cat":[61,62],"product_tag":[1028],"class_list":{"0":"post-11425","1":"product","2":"type-product","3":"status-publish","4":"has-post-thumbnail","6":"product_cat-guitares","7":"product_cat-guitares-acoustiques","8":"product_tag-cort","10":"first","11":"instock","12":"taxable","13":"shipping-taxable","14":"purchasable","15":"product-type-simple"},"jetpack_publicize_connections":[],"jetpack_sharing_enabled":true,"_links":{"self":[{"href":"https:\/\/www.pianoheritage.com\/fr\/wp-json\/wp\/v2\/product\/11425","targetHints":{"allow":["GET"]}}],"collection":[{"href":"https:\/\/www.pianoheritage.com\/fr\/wp-json\/wp\/v2\/product"}],"about":[{"href":"https:\/\/www.pianoheritage.com\/fr\/wp-json\/wp\/v2\/types\/product"}],"replies":[{"embeddable":true,"href":"https:\/\/www.pianoheritage.com\/fr\/wp-json\/wp\/v2\/comments?post=11425"}],"wp:featuredmedia":[{"embeddable":true,"href":"https:\/\/www.pianoheritage.com\/fr\/wp-json\/wp\/v2\/media\/11402"}],"wp:attachment":[{"href":"https:\/\/www.pianoheritage.com\/fr\/wp-json\/wp\/v2\/media?parent=11425"}],"wp:term":[{"taxonomy":"product_brand","embeddable":true,"href":"https:\/\/www.pianoheritage.com\/fr\/wp-json\/wp\/v2\/product_brand?post=11425"},{"taxonomy":"product_cat","embeddable":true,"href":"https:\/\/www.pianoheritage.com\/fr\/wp-json\/wp\/v2\/product_cat?post=11425"},{"taxonomy":"product_tag","embeddable":true,"href":"https:\/\/www.pianoheritage.com\/fr\/wp-json\/wp\/v2\/product_tag?post=11425"}],"curies":[{"name":"wp","href":"https:\/\/api.w.org\/{rel}","templated":true}]}}