{"id":11399,"date":"2026-03-11T01:59:47","date_gmt":"2026-03-11T05:59:47","guid":{"rendered":"https:\/\/www.pianoheritage.com\/?post_type=product&#038;p=11399"},"modified":"2026-03-11T02:01:02","modified_gmt":"2026-03-11T06:01:02","slug":"guitare-electrique-cort-g110opbc","status":"publish","type":"product","link":"https:\/\/www.pianoheritage.com\/fr\/shop\/guitares\/guitares-electriques\/guitare-electrique-cort-g110opbc\/","title":{"rendered":"Guitare \u00c9lectrique Cort G110OPBC"},"content":{"rendered":"<p data-start=\"1240\" data-end=\"1716\">La guitare \u00e9lectrique Cort G110OPBC associe performance moderne et design classique double cutaway. Faisant partie de la s\u00e9rie polyvalente G de Cort, elle est \u00e9quip\u00e9e d\u2019une configuration de micros HSS (Humbucker \u2013 Simple \u2013 Simple) offrant une grande vari\u00e9t\u00e9 de sons adapt\u00e9s \u00e0 presque tous les styles musicaux. Con\u00e7ue pour offrir confort, polyvalence et fiabilit\u00e9, la G110OPBC est id\u00e9ale pour les d\u00e9butants et les guitaristes en progression.<\/p>\n<ul>\n<li data-start=\"1741\" data-end=\"1835\">Configuration de micros HSS (Humbucker \/ Simple \/ Simple) pour une grande polyvalence sonore<\/li>\n<li data-start=\"1838\" data-end=\"1904\">Design classique double cutaway pour un acc\u00e8s facile aux frettes<\/li>\n<li data-start=\"1907\" data-end=\"1968\">Large palette de sons adapt\u00e9e \u00e0 de nombreux styles musicaux<\/li>\n<li data-start=\"1971\" data-end=\"2029\">Issue de la s\u00e9rie G de Cort reconnue pour sa performance<\/li>\n<li data-start=\"2032\" data-end=\"2095\">Confort de jeu id\u00e9al pour les d\u00e9butants et musiciens amateurs<\/li>\n<li data-start=\"2098\" data-end=\"2161\">Construction fiable adapt\u00e9e \u00e0 la pratique et aux performances<\/li>\n<\/ul>\n","protected":false},"excerpt":{"rendered":"<p>La guitare \u00e9lectrique Cort G110OPBC associe performance moderne et design classique double cutaway. Faisant partie de la s\u00e9rie polyvalente G de Cort, elle est \u00e9quip\u00e9e d\u2019une configuration de micros HSS (Humbucker \u2013 Simple \u2013 Simple) offrant une grande vari\u00e9t\u00e9 de sons adapt\u00e9s \u00e0 presque tous les styles musicaux.<\/p>\n","protected":false},"featured_media":11381,"comment_status":"open","ping_status":"closed","template":"","meta":{"jetpack_publicize_message":"","jetpack_publicize_feature_enabled":true,"jetpack_social_post_already_shared":true,"jetpack_social_options":{"image_generator_settings":{"template":"highway","default_image_id":0,"font":"","enabled":false},"version":2}},"product_brand":[],"product_cat":[61,62,55],"product_tag":[1028],"class_list":{"0":"post-11399","1":"product","2":"type-product","3":"status-publish","4":"has-post-thumbnail","6":"product_cat-guitares","7":"product_cat-guitares-acoustiques","8":"product_cat-guitares-electriques","9":"product_tag-cort","11":"first","12":"instock","13":"taxable","14":"shipping-taxable","15":"purchasable","16":"product-type-variable"},"jetpack_publicize_connections":[],"jetpack_sharing_enabled":true,"_links":{"self":[{"href":"https:\/\/www.pianoheritage.com\/fr\/wp-json\/wp\/v2\/product\/11399","targetHints":{"allow":["GET"]}}],"collection":[{"href":"https:\/\/www.pianoheritage.com\/fr\/wp-json\/wp\/v2\/product"}],"about":[{"href":"https:\/\/www.pianoheritage.com\/fr\/wp-json\/wp\/v2\/types\/product"}],"replies":[{"embeddable":true,"href":"https:\/\/www.pianoheritage.com\/fr\/wp-json\/wp\/v2\/comments?post=11399"}],"wp:featuredmedia":[{"embeddable":true,"href":"https:\/\/www.pianoheritage.com\/fr\/wp-json\/wp\/v2\/media\/11381"}],"wp:attachment":[{"href":"https:\/\/www.pianoheritage.com\/fr\/wp-json\/wp\/v2\/media?parent=11399"}],"wp:term":[{"taxonomy":"product_brand","embeddable":true,"href":"https:\/\/www.pianoheritage.com\/fr\/wp-json\/wp\/v2\/product_brand?post=11399"},{"taxonomy":"product_cat","embeddable":true,"href":"https:\/\/www.pianoheritage.com\/fr\/wp-json\/wp\/v2\/product_cat?post=11399"},{"taxonomy":"product_tag","embeddable":true,"href":"https:\/\/www.pianoheritage.com\/fr\/wp-json\/wp\/v2\/product_tag?post=11399"}],"curies":[{"name":"wp","href":"https:\/\/api.w.org\/{rel}","templated":true}]}}