{"id":11378,"date":"2026-03-11T01:54:20","date_gmt":"2026-03-11T05:54:20","guid":{"rendered":"https:\/\/www.pianoheritage.com\/?post_type=product&#038;p=11378"},"modified":"2026-03-11T01:56:03","modified_gmt":"2026-03-11T05:56:03","slug":"guitare-acoustique-cort-standard-ad810op","status":"publish","type":"product","link":"https:\/\/www.pianoheritage.com\/fr\/shop\/guitares\/guitare-acoustique-cort-standard-ad810op\/","title":{"rendered":"Guitare Acoustique Cort Standard AD810OP"},"content":{"rendered":"<p data-start=\"1141\" data-end=\"1681\">La guitare acoustique Cort Standard AD810OP offre une excellente qualit\u00e9 sonore et un tr\u00e8s bon rapport qualit\u00e9-prix, id\u00e9ale pour les d\u00e9butants et les amateurs. Dot\u00e9e d\u2019une table en \u00e9pic\u00e9a associ\u00e9e \u00e0 un dos et des \u00e9clisses en acajou, elle produit un son \u00e9quilibr\u00e9 avec des aigus clairs et des basses chaleureuses. Faisant partie de la c\u00e9l\u00e8bre s\u00e9rie Standard de Cort, l\u2019AD810OP garantit une performance fiable et un grand confort de jeu pour l\u2019apprentissage, la pratique et les performances occasionnelles.<\/p>\n<ul>\n<li data-start=\"1706\" data-end=\"1764\">Table en \u00e9pic\u00e9a pour un son clair, brillant et \u00e9quilibr\u00e9<\/li>\n<li data-start=\"1767\" data-end=\"1825\">Dos et \u00e9clisses en acajou pour une r\u00e9sonance chaleureuse<\/li>\n<li data-start=\"1828\" data-end=\"1879\">Touche en Merbau offrant durabilit\u00e9 et jeu fluide<\/li>\n<li data-start=\"1882\" data-end=\"1967\">Issue de la s\u00e9rie Standard de Cort reconnue pour son excellent rapport qualit\u00e9-prix<\/li>\n<li data-start=\"1970\" data-end=\"2034\">Guitare acoustique id\u00e9ale pour d\u00e9butants et musiciens amateurs<\/li>\n<li data-start=\"2037\" data-end=\"2113\">Construction fiable adapt\u00e9e \u00e0 la pratique quotidienne et \u00e0 l\u2019apprentissage<\/li>\n<\/ul>\n","protected":false},"excerpt":{"rendered":"<p>La guitare acoustique Cort Standard AD810OP offre une excellente qualit\u00e9 sonore et un tr\u00e8s bon rapport qualit\u00e9-prix, id\u00e9ale pour les d\u00e9butants et les amateurs. Dot\u00e9e d\u2019une table en \u00e9pic\u00e9a associ\u00e9e \u00e0 un dos et des \u00e9clisses en acajou, elle produit un son \u00e9quilibr\u00e9 avec des aigus clairs et des basses chaleureuses.<\/p>\n","protected":false},"featured_media":11361,"comment_status":"open","ping_status":"closed","template":"","meta":{"jetpack_publicize_message":"","jetpack_publicize_feature_enabled":true,"jetpack_social_post_already_shared":true,"jetpack_social_options":{"image_generator_settings":{"template":"highway","default_image_id":0,"font":"","enabled":false},"version":2}},"product_brand":[],"product_cat":[61,62],"product_tag":[1028],"class_list":{"0":"post-11378","1":"product","2":"type-product","3":"status-publish","4":"has-post-thumbnail","6":"product_cat-guitares","7":"product_cat-guitares-acoustiques","8":"product_tag-cort","10":"first","11":"instock","12":"taxable","13":"shipping-taxable","14":"purchasable","15":"product-type-simple"},"jetpack_publicize_connections":[],"jetpack_sharing_enabled":true,"_links":{"self":[{"href":"https:\/\/www.pianoheritage.com\/fr\/wp-json\/wp\/v2\/product\/11378","targetHints":{"allow":["GET"]}}],"collection":[{"href":"https:\/\/www.pianoheritage.com\/fr\/wp-json\/wp\/v2\/product"}],"about":[{"href":"https:\/\/www.pianoheritage.com\/fr\/wp-json\/wp\/v2\/types\/product"}],"replies":[{"embeddable":true,"href":"https:\/\/www.pianoheritage.com\/fr\/wp-json\/wp\/v2\/comments?post=11378"}],"wp:featuredmedia":[{"embeddable":true,"href":"https:\/\/www.pianoheritage.com\/fr\/wp-json\/wp\/v2\/media\/11361"}],"wp:attachment":[{"href":"https:\/\/www.pianoheritage.com\/fr\/wp-json\/wp\/v2\/media?parent=11378"}],"wp:term":[{"taxonomy":"product_brand","embeddable":true,"href":"https:\/\/www.pianoheritage.com\/fr\/wp-json\/wp\/v2\/product_brand?post=11378"},{"taxonomy":"product_cat","embeddable":true,"href":"https:\/\/www.pianoheritage.com\/fr\/wp-json\/wp\/v2\/product_cat?post=11378"},{"taxonomy":"product_tag","embeddable":true,"href":"https:\/\/www.pianoheritage.com\/fr\/wp-json\/wp\/v2\/product_tag?post=11378"}],"curies":[{"name":"wp","href":"https:\/\/api.w.org\/{rel}","templated":true}]}}