{"id":11354,"date":"2026-03-10T06:10:37","date_gmt":"2026-03-10T10:10:37","guid":{"rendered":"https:\/\/www.pianoheritage.com\/?post_type=product&#038;p=11354"},"modified":"2026-03-10T06:11:55","modified_gmt":"2026-03-10T10:11:55","slug":"guitare-acoustique-electrique-yamaha-a3r-are-2","status":"publish","type":"product","link":"https:\/\/www.pianoheritage.com\/fr\/shop\/guitares\/guitares-electriques\/guitare-acoustique-electrique-yamaha-a3r-are-2\/","title":{"rendered":"Guitare Acoustique-\u00c9lectrique Yamaha A3R ARE"},"content":{"rendered":"<p data-start=\"1849\" data-end=\"2434\">La <strong data-start=\"1852\" data-end=\"1886\">Yamaha A3R ARE Vintage Natural<\/strong> est une <strong data-start=\"1895\" data-end=\"1969\">guitare acoustique-\u00e9lectrique haut de gamme enti\u00e8rement en bois massif<\/strong>, con\u00e7ue pour les musiciens exigeants. Son <strong data-start=\"2012\" data-end=\"2057\">corps western traditionnel avec pan coup\u00e9<\/strong>, sa <strong data-start=\"2062\" data-end=\"2118\">table en \u00e9pic\u00e9a Sitka massif avec technologie A.R.E.<\/strong>, et son <strong data-start=\"2127\" data-end=\"2168\">dos et \u00e9clisses en palissandre massif<\/strong> produisent un son riche, puissant et parfaitement \u00e9quilibr\u00e9. Le <strong data-start=\"2233\" data-end=\"2258\">syst\u00e8me de micro SRT2<\/strong> garantit une reproduction fid\u00e8le du son acoustique lorsqu\u2019elle est amplifi\u00e9e, ce qui en fait un instrument id\u00e9al pour la sc\u00e8ne, le studio et les performances professionnelles.<\/p>\n<ul>\n<li data-start=\"2459\" data-end=\"2564\"><strong data-start=\"2459\" data-end=\"2504\">Corps Western Traditionnel avec Pan Coup\u00e9<\/strong> \u2013 Projection puissante et acc\u00e8s facile aux frettes aigu\u00ebs<\/li>\n<li data-start=\"2567\" data-end=\"2669\"><strong data-start=\"2567\" data-end=\"2623\">Table en \u00c9pic\u00e9a Sitka Massif avec Technologie A.R.E.<\/strong> \u2013 Son vintage riche et excellente r\u00e9sonance<\/li>\n<li data-start=\"2672\" data-end=\"2756\"><strong data-start=\"2672\" data-end=\"2713\">Dos et \u00c9clisses en Palissandre Massif<\/strong> \u2013 Basses profondes et harmoniques riches<\/li>\n<li data-start=\"2759\" data-end=\"2837\"><strong data-start=\"2759\" data-end=\"2786\">Barrage Scallop\u00e9 Avanc\u00e9<\/strong> \u2013 Son acoustique plus puissant et plus dynamique<\/li>\n<li data-start=\"2840\" data-end=\"2914\"><strong data-start=\"2840\" data-end=\"2865\">Syst\u00e8me de Micro SRT2<\/strong> \u2013 Son amplifi\u00e9 naturel et pr\u00e9cis pour la sc\u00e8ne<\/li>\n<li data-start=\"2917\" data-end=\"2983\"><strong data-start=\"2917\" data-end=\"2949\">Profil de Manche Confortable<\/strong> \u2013 Jouabilit\u00e9 fluide et agr\u00e9able<\/li>\n<li data-start=\"2986\" data-end=\"3046\"><strong data-start=\"2986\" data-end=\"3014\">Finition Vintage Natural<\/strong> \u2013 Design classique et \u00e9l\u00e9gant<\/li>\n<li data-start=\"3049\" data-end=\"3117\"><strong data-start=\"3049\" data-end=\"3077\">Cordes Elixir Install\u00e9es<\/strong> \u2013 Son brillant et longue dur\u00e9e de vie<\/li>\n<li data-start=\"3120\" data-end=\"3210\"><strong data-start=\"3120\" data-end=\"3146\">Qualit\u00e9 Yamaha Premium<\/strong> \u2013 Construction fiable pour les performances professionnelles<\/li>\n<\/ul>\n","protected":false},"excerpt":{"rendered":"<p>La Yamaha A3R ARE Vintage Natural est une guitare acoustique-\u00e9lectrique haut de gamme enti\u00e8rement en bois massif, con\u00e7ue pour les musiciens exigeants. Son corps western traditionnel avec pan coup\u00e9, sa table en \u00e9pic\u00e9a Sitka massif avec technologie A.R.E., et son dos et \u00e9clisses en palissandre massif produisent un son riche, puissant et parfaitement \u00e9quilibr\u00e9.<\/p>\n","protected":false},"featured_media":11349,"comment_status":"open","ping_status":"closed","template":"","meta":{"jetpack_publicize_message":"","jetpack_publicize_feature_enabled":true,"jetpack_social_post_already_shared":true,"jetpack_social_options":{"image_generator_settings":{"template":"highway","default_image_id":0,"font":"","enabled":false},"version":2}},"product_brand":[],"product_cat":[61,62,55],"product_tag":[1016],"class_list":{"0":"post-11354","1":"product","2":"type-product","3":"status-publish","4":"has-post-thumbnail","6":"product_cat-guitares","7":"product_cat-guitares-acoustiques","8":"product_cat-guitares-electriques","9":"product_tag-yamaha","11":"first","12":"instock","13":"taxable","14":"shipping-taxable","15":"purchasable","16":"product-type-simple"},"jetpack_publicize_connections":[],"jetpack_sharing_enabled":true,"_links":{"self":[{"href":"https:\/\/www.pianoheritage.com\/fr\/wp-json\/wp\/v2\/product\/11354","targetHints":{"allow":["GET"]}}],"collection":[{"href":"https:\/\/www.pianoheritage.com\/fr\/wp-json\/wp\/v2\/product"}],"about":[{"href":"https:\/\/www.pianoheritage.com\/fr\/wp-json\/wp\/v2\/types\/product"}],"replies":[{"embeddable":true,"href":"https:\/\/www.pianoheritage.com\/fr\/wp-json\/wp\/v2\/comments?post=11354"}],"wp:featuredmedia":[{"embeddable":true,"href":"https:\/\/www.pianoheritage.com\/fr\/wp-json\/wp\/v2\/media\/11349"}],"wp:attachment":[{"href":"https:\/\/www.pianoheritage.com\/fr\/wp-json\/wp\/v2\/media?parent=11354"}],"wp:term":[{"taxonomy":"product_brand","embeddable":true,"href":"https:\/\/www.pianoheritage.com\/fr\/wp-json\/wp\/v2\/product_brand?post=11354"},{"taxonomy":"product_cat","embeddable":true,"href":"https:\/\/www.pianoheritage.com\/fr\/wp-json\/wp\/v2\/product_cat?post=11354"},{"taxonomy":"product_tag","embeddable":true,"href":"https:\/\/www.pianoheritage.com\/fr\/wp-json\/wp\/v2\/product_tag?post=11354"}],"curies":[{"name":"wp","href":"https:\/\/api.w.org\/{rel}","templated":true}]}}