{"id":11346,"date":"2026-03-10T06:07:51","date_gmt":"2026-03-10T10:07:51","guid":{"rendered":"https:\/\/www.pianoheritage.com\/?post_type=product&#038;p=11346"},"modified":"2026-03-10T06:08:38","modified_gmt":"2026-03-10T10:08:38","slug":"guitare-acoustique-electrique-yamaha-a3r-are","status":"publish","type":"product","link":"https:\/\/www.pianoheritage.com\/fr\/shop\/guitares\/guitares-electriques\/guitare-acoustique-electrique-yamaha-a3r-are\/","title":{"rendered":"Guitare Acoustique-\u00c9lectrique Yamaha A3R ARE"},"content":{"rendered":"<p data-start=\"1880\" data-end=\"2447\">La <strong data-start=\"1883\" data-end=\"1901\">Yamaha A3R ARE<\/strong> est une guitare acoustique-\u00e9lectrique haut de gamme con\u00e7ue pour les performances professionnelles. Son <strong data-start=\"2005\" data-end=\"2050\">corps western traditionnel avec pan coup\u00e9<\/strong>, sa <strong data-start=\"2055\" data-end=\"2111\">table en \u00e9pic\u00e9a Sitka massif avec technologie A.R.E.<\/strong>, et son <strong data-start=\"2120\" data-end=\"2161\">dos et \u00e9clisses en palissandre massif<\/strong> offrent un son puissant, riche et \u00e9quilibr\u00e9. Le <strong data-start=\"2210\" data-end=\"2235\">syst\u00e8me de micro SRT2<\/strong> reproduit fid\u00e8lement la tonalit\u00e9 acoustique naturelle lors de l\u2019amplification, ce qui la rend id\u00e9ale pour la sc\u00e8ne et le studio. Sa finition <strong data-start=\"2377\" data-end=\"2403\">Tobacco Brown Sunburst<\/strong> lui conf\u00e8re un style \u00e9l\u00e9gant et intemporel.<\/p>\n<ul>\n<li data-start=\"2472\" data-end=\"2577\"><strong data-start=\"2472\" data-end=\"2517\">Corps Western Traditionnel avec Pan Coup\u00e9<\/strong> \u2013 Projection puissante et acc\u00e8s facile aux frettes aigu\u00ebs<\/li>\n<li data-start=\"2580\" data-end=\"2682\"><strong data-start=\"2580\" data-end=\"2636\">Table en \u00c9pic\u00e9a Sitka Massif avec Technologie A.R.E.<\/strong> \u2013 Son vintage riche et excellente r\u00e9sonance<\/li>\n<li data-start=\"2685\" data-end=\"2769\"><strong data-start=\"2685\" data-end=\"2726\">Dos et \u00c9clisses en Palissandre Massif<\/strong> \u2013 Basses profondes et harmoniques riches<\/li>\n<li data-start=\"2772\" data-end=\"2847\"><strong data-start=\"2772\" data-end=\"2800\">Nouveau Barrage Scallop\u00e9<\/strong> \u2013 Son acoustique plus puissant et plus riche<\/li>\n<li data-start=\"2850\" data-end=\"2927\"><strong data-start=\"2850\" data-end=\"2875\">Syst\u00e8me de Micro SRT2<\/strong> \u2013 Son amplifi\u00e9 naturel et dynamique pour la sc\u00e8ne<\/li>\n<li data-start=\"2930\" data-end=\"2996\"><strong data-start=\"2930\" data-end=\"2962\">Profil de Manche Confortable<\/strong> \u2013 Jouabilit\u00e9 fluide et agr\u00e9able<\/li>\n<li data-start=\"2999\" data-end=\"3066\"><strong data-start=\"2999\" data-end=\"3034\">Finition Tobacco Brown Sunburst<\/strong> \u2013 Design classique et \u00e9l\u00e9gant<\/li>\n<li data-start=\"3069\" data-end=\"3137\"><strong data-start=\"3069\" data-end=\"3097\">Cordes Elixir Install\u00e9es<\/strong> \u2013 Son brillant et longue dur\u00e9e de vie<\/li>\n<li data-start=\"3140\" data-end=\"3217\"><strong data-start=\"3140\" data-end=\"3166\">Qualit\u00e9 Yamaha Premium<\/strong> \u2013 Construction durable pour musiciens exigeants<\/li>\n<\/ul>\n","protected":false},"excerpt":{"rendered":"<p>La Yamaha A3R ARE est une guitare acoustique-\u00e9lectrique haut de gamme con\u00e7ue pour les performances professionnelles. Son corps western traditionnel avec pan coup\u00e9, sa table en \u00e9pic\u00e9a Sitka massif avec technologie A.R.E., et son dos et \u00e9clisses en palissandre massif offrent un son puissant, riche et \u00e9quilibr\u00e9.<\/p>\n","protected":false},"featured_media":11345,"comment_status":"open","ping_status":"closed","template":"","meta":{"jetpack_publicize_message":"","jetpack_publicize_feature_enabled":true,"jetpack_social_post_already_shared":true,"jetpack_social_options":{"image_generator_settings":{"template":"highway","default_image_id":0,"font":"","enabled":false},"version":2}},"product_brand":[],"product_cat":[61,62,55],"product_tag":[1016],"class_list":{"0":"post-11346","1":"product","2":"type-product","3":"status-publish","4":"has-post-thumbnail","6":"product_cat-guitares","7":"product_cat-guitares-acoustiques","8":"product_cat-guitares-electriques","9":"product_tag-yamaha","11":"first","12":"instock","13":"taxable","14":"shipping-taxable","15":"purchasable","16":"product-type-simple"},"jetpack_publicize_connections":[],"jetpack_sharing_enabled":true,"_links":{"self":[{"href":"https:\/\/www.pianoheritage.com\/fr\/wp-json\/wp\/v2\/product\/11346","targetHints":{"allow":["GET"]}}],"collection":[{"href":"https:\/\/www.pianoheritage.com\/fr\/wp-json\/wp\/v2\/product"}],"about":[{"href":"https:\/\/www.pianoheritage.com\/fr\/wp-json\/wp\/v2\/types\/product"}],"replies":[{"embeddable":true,"href":"https:\/\/www.pianoheritage.com\/fr\/wp-json\/wp\/v2\/comments?post=11346"}],"wp:featuredmedia":[{"embeddable":true,"href":"https:\/\/www.pianoheritage.com\/fr\/wp-json\/wp\/v2\/media\/11345"}],"wp:attachment":[{"href":"https:\/\/www.pianoheritage.com\/fr\/wp-json\/wp\/v2\/media?parent=11346"}],"wp:term":[{"taxonomy":"product_brand","embeddable":true,"href":"https:\/\/www.pianoheritage.com\/fr\/wp-json\/wp\/v2\/product_brand?post=11346"},{"taxonomy":"product_cat","embeddable":true,"href":"https:\/\/www.pianoheritage.com\/fr\/wp-json\/wp\/v2\/product_cat?post=11346"},{"taxonomy":"product_tag","embeddable":true,"href":"https:\/\/www.pianoheritage.com\/fr\/wp-json\/wp\/v2\/product_tag?post=11346"}],"curies":[{"name":"wp","href":"https:\/\/api.w.org\/{rel}","templated":true}]}}