{"id":11342,"date":"2026-03-10T05:56:40","date_gmt":"2026-03-10T09:56:40","guid":{"rendered":"https:\/\/www.pianoheritage.com\/?post_type=product&#038;p=11342"},"modified":"2026-03-10T05:59:30","modified_gmt":"2026-03-10T09:59:30","slug":"guitare-yamaha-csf-ta-vn-trans-acoustic","status":"publish","type":"product","link":"https:\/\/www.pianoheritage.com\/fr\/shop\/guitares\/guitare-yamaha-csf-ta-vn-trans-acoustic\/","title":{"rendered":"Guitare Yamaha CSF-TA VN Trans Acoustic"},"content":{"rendered":"<p data-start=\"1816\" data-end=\"2377\">La <strong data-start=\"1819\" data-end=\"1853\">Yamaha CSF-TA VN TransAcoustic<\/strong> est une guitare acoustique-\u00e9lectrique compacte qui combine <strong data-start=\"1913\" data-end=\"1971\">portabilit\u00e9, son riche et technologie innovante Yamaha<\/strong>. Dot\u00e9e d\u2019une <strong data-start=\"1985\" data-end=\"2051\">table en \u00e9pic\u00e9a Sitka massif et d\u2019un dos et \u00e9clisses en acajou<\/strong>, elle offre un son chaleureux et \u00e9quilibr\u00e9 avec une excellente r\u00e9sonance. Gr\u00e2ce \u00e0 la <strong data-start=\"2137\" data-end=\"2193\">technologie TransAcoustic et au syst\u00e8me de micro ART<\/strong>, elle produit un son amplifi\u00e9 naturel avec des effets int\u00e9gr\u00e9s pour une exp\u00e9rience de jeu immersive. Sa finition <strong data-start=\"2307\" data-end=\"2333\">Vintage Tint brillante<\/strong> lui conf\u00e8re un style \u00e9l\u00e9gant et intemporel.<\/p>\n<ul>\n<li data-start=\"2402\" data-end=\"2483\"><strong data-start=\"2402\" data-end=\"2424\">Design Compact CSF<\/strong> \u2013 Format confortable id\u00e9al pour le voyage et la pratique<\/li>\n<li data-start=\"2486\" data-end=\"2572\"><strong data-start=\"2486\" data-end=\"2518\">Table en \u00c9pic\u00e9a Sitka Massif<\/strong> \u2013 Son clair et \u00e9quilibr\u00e9 avec excellente projection<\/li>\n<li data-start=\"2575\" data-end=\"2652\"><strong data-start=\"2575\" data-end=\"2604\">Dos et \u00c9clisses en Acajou<\/strong> \u2013 R\u00e9sonance chaleureuse et riches harmoniques<\/li>\n<li data-start=\"2655\" data-end=\"2738\"><strong data-start=\"2655\" data-end=\"2675\">Barrage Scallop\u00e9<\/strong> \u2013 Am\u00e9liore la projection, la sustain et la profondeur sonore<\/li>\n<li data-start=\"2741\" data-end=\"2801\"><strong data-start=\"2741\" data-end=\"2765\">Corps avec Pan Coup\u00e9<\/strong> \u2013 Acc\u00e8s facile aux frettes aigu\u00ebs<\/li>\n<li data-start=\"2804\" data-end=\"2862\"><strong data-start=\"2804\" data-end=\"2828\">Syst\u00e8me de Micro ART<\/strong> \u2013 Son amplifi\u00e9 naturel et clair<\/li>\n<li data-start=\"2865\" data-end=\"2917\"><strong data-start=\"2865\" data-end=\"2886\">Accordeur Int\u00e9gr\u00e9<\/strong> \u2013 Accordage rapide et pr\u00e9cis<\/li>\n<li data-start=\"2920\" data-end=\"3006\"><strong data-start=\"2920\" data-end=\"2949\">Technologie TransAcoustic<\/strong> \u2013 Effets int\u00e9gr\u00e9s pour une exp\u00e9rience sonore immersive<\/li>\n<li data-start=\"3009\" data-end=\"3080\"><strong data-start=\"3009\" data-end=\"3044\">Finition Vintage Tint Brillante<\/strong> \u2013 Apparence \u00e9l\u00e9gante et classique<\/li>\n<li data-start=\"3083\" data-end=\"3173\"><strong data-start=\"3083\" data-end=\"3106\">Guitare Polyvalente<\/strong> \u2013 Id\u00e9ale pour folk, blues, fingerstyle et performances acoustiques<\/li>\n<\/ul>\n","protected":false},"excerpt":{"rendered":"<p>La Yamaha CSF-TA VN TransAcoustic est une guitare acoustique-\u00e9lectrique compacte qui combine portabilit\u00e9, son riche et technologie innovante Yamaha. Dot\u00e9e d\u2019une table en \u00e9pic\u00e9a Sitka massif et d\u2019un dos et \u00e9clisses en acajou, elle offre un son chaleureux et \u00e9quilibr\u00e9 avec une excellente r\u00e9sonance.<\/p>\n","protected":false},"featured_media":11341,"comment_status":"open","ping_status":"closed","template":"","meta":{"jetpack_publicize_message":"","jetpack_publicize_feature_enabled":true,"jetpack_social_post_already_shared":true,"jetpack_social_options":{"image_generator_settings":{"template":"highway","default_image_id":0,"font":"","enabled":false},"version":2}},"product_brand":[],"product_cat":[61,62],"product_tag":[1016],"class_list":{"0":"post-11342","1":"product","2":"type-product","3":"status-publish","4":"has-post-thumbnail","6":"product_cat-guitares","7":"product_cat-guitares-acoustiques","8":"product_tag-yamaha","10":"first","11":"instock","12":"taxable","13":"shipping-taxable","14":"purchasable","15":"product-type-simple"},"jetpack_publicize_connections":[],"jetpack_sharing_enabled":true,"_links":{"self":[{"href":"https:\/\/www.pianoheritage.com\/fr\/wp-json\/wp\/v2\/product\/11342","targetHints":{"allow":["GET"]}}],"collection":[{"href":"https:\/\/www.pianoheritage.com\/fr\/wp-json\/wp\/v2\/product"}],"about":[{"href":"https:\/\/www.pianoheritage.com\/fr\/wp-json\/wp\/v2\/types\/product"}],"replies":[{"embeddable":true,"href":"https:\/\/www.pianoheritage.com\/fr\/wp-json\/wp\/v2\/comments?post=11342"}],"wp:featuredmedia":[{"embeddable":true,"href":"https:\/\/www.pianoheritage.com\/fr\/wp-json\/wp\/v2\/media\/11341"}],"wp:attachment":[{"href":"https:\/\/www.pianoheritage.com\/fr\/wp-json\/wp\/v2\/media?parent=11342"}],"wp:term":[{"taxonomy":"product_brand","embeddable":true,"href":"https:\/\/www.pianoheritage.com\/fr\/wp-json\/wp\/v2\/product_brand?post=11342"},{"taxonomy":"product_cat","embeddable":true,"href":"https:\/\/www.pianoheritage.com\/fr\/wp-json\/wp\/v2\/product_cat?post=11342"},{"taxonomy":"product_tag","embeddable":true,"href":"https:\/\/www.pianoheritage.com\/fr\/wp-json\/wp\/v2\/product_tag?post=11342"}],"curies":[{"name":"wp","href":"https:\/\/api.w.org\/{rel}","templated":true}]}}