{"id":11336,"date":"2026-03-10T05:49:05","date_gmt":"2026-03-10T09:49:05","guid":{"rendered":"https:\/\/www.pianoheritage.com\/?post_type=product&#038;p=11336"},"modified":"2026-03-10T05:49:48","modified_gmt":"2026-03-10T09:49:48","slug":"guitare-acoustique-yamaha-f400","status":"publish","type":"product","link":"https:\/\/www.pianoheritage.com\/fr\/shop\/guitares\/guitare-acoustique-yamaha-f400\/","title":{"rendered":"Guitare Acoustique Yamaha F400"},"content":{"rendered":"<p data-start=\"1637\" data-end=\"2206\">La <strong data-start=\"1640\" data-end=\"1655\">Yamaha F400<\/strong> offre la qualit\u00e9 sonore et la fiabilit\u00e9 reconnues des guitares Yamaha dans un <strong data-start=\"1734\" data-end=\"1767\">design moderne et minimaliste<\/strong>. Son <strong data-start=\"1773\" data-end=\"1803\">corps western traditionnel<\/strong> produit un son acoustique riche et puissant, id\u00e9al pour accompagner le chant ou jouer des accords. La <strong data-start=\"1906\" data-end=\"1950\">finition mate ultra-fine en polyur\u00e9thane<\/strong> am\u00e9liore la r\u00e9sonance tout en mettant en valeur la texture naturelle du bois. Gr\u00e2ce \u00e0 un <strong data-start=\"2040\" data-end=\"2098\">diapason de 25&Prime; et un espacement de cordes plus \u00e9troit<\/strong>, cette guitare garantit un grand confort de jeu pour les d\u00e9butants comme pour les guitaristes exp\u00e9riment\u00e9s.<\/p>\n<ul>\n<li data-start=\"2231\" data-end=\"2298\"><strong data-start=\"2231\" data-end=\"2261\">Corps Western Traditionnel<\/strong> \u2013 Son riche, puissant et \u00e9quilibr\u00e9<\/li>\n<li data-start=\"2301\" data-end=\"2378\"><strong data-start=\"2301\" data-end=\"2326\">Finition Mate Moderne<\/strong> \u2013 Design simple mettant en valeur le bois naturel<\/li>\n<li data-start=\"2381\" data-end=\"2466\"><strong data-start=\"2381\" data-end=\"2409\">Construction Minimaliste<\/strong> \u2013 Sans pickguard ni filets de corps pour un look \u00e9pur\u00e9<\/li>\n<li data-start=\"2469\" data-end=\"2555\"><strong data-start=\"2469\" data-end=\"2505\">Finition Polyur\u00e9thane Ultra-Fine<\/strong> \u2013 Am\u00e9liore la r\u00e9sonance et la projection sonore<\/li>\n<li data-start=\"2558\" data-end=\"2622\"><strong data-start=\"2558\" data-end=\"2578\">Barrage Optimis\u00e9<\/strong> \u2013 \u00c9quilibre tonal et meilleure projection<\/li>\n<li data-start=\"2625\" data-end=\"2680\"><strong data-start=\"2625\" data-end=\"2644\">Diapason de 25&Prime;<\/strong> \u2013 Confort et jouabilit\u00e9 am\u00e9lior\u00e9s<\/li>\n<li data-start=\"2683\" data-end=\"2759\"><strong data-start=\"2683\" data-end=\"2719\">Espacement de Cordes Plus \u00c9troit<\/strong> \u2013 Id\u00e9al pour une prise en main facile<\/li>\n<li data-start=\"2762\" data-end=\"2824\"><strong data-start=\"2762\" data-end=\"2791\">Deux Couleurs Disponibles<\/strong> \u2013 Natural Satin et Smoky Black<\/li>\n<li data-start=\"2827\" data-end=\"2905\"><strong data-start=\"2827\" data-end=\"2845\">Qualit\u00e9 Yamaha<\/strong> \u2013 Construction durable et fiable selon les standards Yamaha<\/li>\n<\/ul>\n","protected":false},"excerpt":{"rendered":"<p>La Yamaha F400 offre la qualit\u00e9 sonore et la fiabilit\u00e9 reconnues des guitares Yamaha dans un design moderne et minimaliste. Son corps western traditionnel produit un son acoustique riche et puissant, id\u00e9al pour accompagner le chant ou jouer des accords.<\/p>\n","protected":false},"featured_media":11331,"comment_status":"open","ping_status":"closed","template":"","meta":{"jetpack_publicize_message":"","jetpack_publicize_feature_enabled":true,"jetpack_social_post_already_shared":true,"jetpack_social_options":{"image_generator_settings":{"template":"highway","default_image_id":0,"font":"","enabled":false},"version":2}},"product_brand":[],"product_cat":[61,62],"product_tag":[1016],"class_list":{"0":"post-11336","1":"product","2":"type-product","3":"status-publish","4":"has-post-thumbnail","6":"product_cat-guitares","7":"product_cat-guitares-acoustiques","8":"product_tag-yamaha","10":"first","11":"instock","12":"taxable","13":"shipping-taxable","14":"purchasable","15":"product-type-variable"},"jetpack_publicize_connections":[],"jetpack_sharing_enabled":true,"_links":{"self":[{"href":"https:\/\/www.pianoheritage.com\/fr\/wp-json\/wp\/v2\/product\/11336","targetHints":{"allow":["GET"]}}],"collection":[{"href":"https:\/\/www.pianoheritage.com\/fr\/wp-json\/wp\/v2\/product"}],"about":[{"href":"https:\/\/www.pianoheritage.com\/fr\/wp-json\/wp\/v2\/types\/product"}],"replies":[{"embeddable":true,"href":"https:\/\/www.pianoheritage.com\/fr\/wp-json\/wp\/v2\/comments?post=11336"}],"wp:featuredmedia":[{"embeddable":true,"href":"https:\/\/www.pianoheritage.com\/fr\/wp-json\/wp\/v2\/media\/11331"}],"wp:attachment":[{"href":"https:\/\/www.pianoheritage.com\/fr\/wp-json\/wp\/v2\/media?parent=11336"}],"wp:term":[{"taxonomy":"product_brand","embeddable":true,"href":"https:\/\/www.pianoheritage.com\/fr\/wp-json\/wp\/v2\/product_brand?post=11336"},{"taxonomy":"product_cat","embeddable":true,"href":"https:\/\/www.pianoheritage.com\/fr\/wp-json\/wp\/v2\/product_cat?post=11336"},{"taxonomy":"product_tag","embeddable":true,"href":"https:\/\/www.pianoheritage.com\/fr\/wp-json\/wp\/v2\/product_tag?post=11336"}],"curies":[{"name":"wp","href":"https:\/\/api.w.org\/{rel}","templated":true}]}}