{"id":11326,"date":"2026-03-10T05:29:47","date_gmt":"2026-03-10T09:29:47","guid":{"rendered":"https:\/\/www.pianoheritage.com\/?post_type=product&#038;p=11326"},"modified":"2026-03-10T05:44:21","modified_gmt":"2026-03-10T09:44:21","slug":"guitare-acoustique-electrique-yamaha-csf3m-compact-folk","status":"publish","type":"product","link":"https:\/\/www.pianoheritage.com\/fr\/shop\/guitares\/guitares-electriques\/guitare-acoustique-electrique-yamaha-csf3m-compact-folk\/","title":{"rendered":"Guitare Acoustique-\u00c9lectrique Yamaha CSF3M Compact Folk"},"content":{"rendered":"<p data-start=\"1716\" data-end=\"2374\">La <strong data-start=\"1719\" data-end=\"1748\">Yamaha CSF3M Compact Folk<\/strong> combine la <strong data-start=\"1760\" data-end=\"1799\">portabilit\u00e9 d\u2019une guitare de voyage<\/strong> avec la <strong data-start=\"1808\" data-end=\"1856\">richesse sonore d\u2019une guitare de type parlor<\/strong>. Elle est dot\u00e9e d\u2019une <strong data-start=\"1879\" data-end=\"1952\">table en \u00e9pic\u00e9a Sitka massif et d\u2019un dos et \u00e9clisses en acajou massif<\/strong>, offrant un son chaleureux, clair et bien \u00e9quilibr\u00e9. Le <strong data-start=\"2009\" data-end=\"2048\">barrage scallop\u00e9 nouvellement con\u00e7u<\/strong> am\u00e9liore la r\u00e9sonance et la profondeur sonore, tandis que le <strong data-start=\"2110\" data-end=\"2142\">micro piezo sous le chevalet<\/strong> garantit une amplification naturelle et fiable. Avec un <strong data-start=\"2199\" data-end=\"2269\">diapason de 600 mm, des cordes Elixir et une housse deluxe incluse<\/strong>, la CSF3M est id\u00e9ale pour les musiciens en d\u00e9placement, l\u2019enregistrement et les performances intimistes.<\/p>\n<ul>\n<li data-start=\"2399\" data-end=\"2479\"><strong data-start=\"2399\" data-end=\"2431\">Design Compact Folk \/ Parlor<\/strong> \u2013 Format portable avec un son riche et pr\u00e9cis<\/li>\n<li data-start=\"2482\" data-end=\"2553\"><strong data-start=\"2482\" data-end=\"2514\">Table en \u00c9pic\u00e9a Sitka Massif<\/strong> \u2013 Son clair et projection excellente<\/li>\n<li data-start=\"2556\" data-end=\"2633\"><strong data-start=\"2556\" data-end=\"2592\">Dos et \u00c9clisses en Acajou Massif<\/strong> \u2013 R\u00e9sonance chaude et harmonique riche<\/li>\n<li data-start=\"2636\" data-end=\"2705\"><strong data-start=\"2636\" data-end=\"2656\">Barrage Scallop\u00e9<\/strong> \u2013 Am\u00e9liore la profondeur et l\u2019\u00e9quilibre sonore<\/li>\n<li data-start=\"2708\" data-end=\"2787\"><strong data-start=\"2708\" data-end=\"2737\">Diapason 600 mm (23 5\/8&Prime;)<\/strong> \u2013 Jouabilit\u00e9 confortable dans un format compact<\/li>\n<li data-start=\"2790\" data-end=\"2874\"><strong data-start=\"2790\" data-end=\"2819\">Micro Piezo Sous Chevalet<\/strong> \u2013 Amplification naturelle pour la sc\u00e8ne ou le studio<\/li>\n<li data-start=\"2877\" data-end=\"2948\"><strong data-start=\"2877\" data-end=\"2905\">Cordes Elixir Install\u00e9es<\/strong> \u2013 Long\u00e9vit\u00e9 et qualit\u00e9 sonore sup\u00e9rieure<\/li>\n<li data-start=\"2951\" data-end=\"3032\"><strong data-start=\"2951\" data-end=\"2976\">Housse Deluxe Incluse<\/strong> \u2013 Protection pratique pour le transport et le rangement<\/li>\n<\/ul>\n","protected":false},"excerpt":{"rendered":"<p>La Yamaha CSF3M Compact Folk combine la portabilit\u00e9 d\u2019une guitare de voyage avec la richesse sonore d\u2019une guitare de type parlor. Elle est dot\u00e9e d\u2019une table en \u00e9pic\u00e9a Sitka massif et d\u2019un dos et \u00e9clisses en acajou massif, offrant un son chaleureux, clair et bien \u00e9quilibr\u00e9.<\/p>\n","protected":false},"featured_media":11317,"comment_status":"open","ping_status":"closed","template":"","meta":{"jetpack_publicize_message":"","jetpack_publicize_feature_enabled":true,"jetpack_social_post_already_shared":true,"jetpack_social_options":{"image_generator_settings":{"template":"highway","default_image_id":0,"font":"","enabled":false},"version":2}},"product_brand":[],"product_cat":[61,62,55],"product_tag":[1016],"class_list":{"0":"post-11326","1":"product","2":"type-product","3":"status-publish","4":"has-post-thumbnail","6":"product_cat-guitares","7":"product_cat-guitares-acoustiques","8":"product_cat-guitares-electriques","9":"product_tag-yamaha","11":"first","12":"outofstock","13":"taxable","14":"shipping-taxable","15":"purchasable","16":"product-type-variable"},"jetpack_publicize_connections":[],"jetpack_sharing_enabled":true,"_links":{"self":[{"href":"https:\/\/www.pianoheritage.com\/fr\/wp-json\/wp\/v2\/product\/11326","targetHints":{"allow":["GET"]}}],"collection":[{"href":"https:\/\/www.pianoheritage.com\/fr\/wp-json\/wp\/v2\/product"}],"about":[{"href":"https:\/\/www.pianoheritage.com\/fr\/wp-json\/wp\/v2\/types\/product"}],"replies":[{"embeddable":true,"href":"https:\/\/www.pianoheritage.com\/fr\/wp-json\/wp\/v2\/comments?post=11326"}],"wp:featuredmedia":[{"embeddable":true,"href":"https:\/\/www.pianoheritage.com\/fr\/wp-json\/wp\/v2\/media\/11317"}],"wp:attachment":[{"href":"https:\/\/www.pianoheritage.com\/fr\/wp-json\/wp\/v2\/media?parent=11326"}],"wp:term":[{"taxonomy":"product_brand","embeddable":true,"href":"https:\/\/www.pianoheritage.com\/fr\/wp-json\/wp\/v2\/product_brand?post=11326"},{"taxonomy":"product_cat","embeddable":true,"href":"https:\/\/www.pianoheritage.com\/fr\/wp-json\/wp\/v2\/product_cat?post=11326"},{"taxonomy":"product_tag","embeddable":true,"href":"https:\/\/www.pianoheritage.com\/fr\/wp-json\/wp\/v2\/product_tag?post=11326"}],"curies":[{"name":"wp","href":"https:\/\/api.w.org\/{rel}","templated":true}]}}