{"id":11289,"date":"2026-03-10T04:59:57","date_gmt":"2026-03-10T08:59:57","guid":{"rendered":"https:\/\/www.pianoheritage.com\/?post_type=product&#038;p=11289"},"modified":"2026-03-10T05:01:09","modified_gmt":"2026-03-10T09:01:09","slug":"guitare-classique-yamaha-cgtant-transacoustic","status":"publish","type":"product","link":"https:\/\/www.pianoheritage.com\/fr\/shop\/guitares\/guitare-classique-yamaha-cgtant-transacoustic\/","title":{"rendered":"Guitare Classique Yamaha CGTANT TransAcoustic"},"content":{"rendered":"<p data-start=\"2151\" data-end=\"2734\">La <strong data-start=\"2154\" data-end=\"2187\">Yamaha CG-TA NT TransAcoustic<\/strong> est une guitare classique innovante qui int\u00e8gre <strong data-start=\"2236\" data-end=\"2310\">des effets de r\u00e9verb\u00e9ration et de chorus directement dans l\u2019instrument<\/strong>, sans amplificateur ni p\u00e9dales externes. Dot\u00e9e d\u2019une <strong data-start=\"2364\" data-end=\"2436\">table en \u00e9pic\u00e9a Engelmann massif et d\u2019un dos et \u00e9clisses en ovangkol<\/strong>, elle offre un son chaleureux et \u00e9quilibr\u00e9 avec une excellente projection. Gr\u00e2ce au <strong data-start=\"2521\" data-end=\"2577\">pr\u00e9ampli System70 TransAcoustic avec micro SRT piezo<\/strong>, la guitare peut \u00e9galement \u00eatre amplifi\u00e9e tout en conservant un son naturel. Un m\u00e9lange parfait entre <strong data-start=\"2680\" data-end=\"2733\">tradition classique et technologie Yamaha moderne<\/strong>.<\/p>\n<ul>\n<li data-start=\"2759\" data-end=\"2839\"><strong data-start=\"2759\" data-end=\"2791\">Guitare Classique Taille 4\/4<\/strong> \u2013 Id\u00e9ale pour le jeu classique et fingerstyle<\/li>\n<li data-start=\"2842\" data-end=\"2925\"><strong data-start=\"2842\" data-end=\"2878\">Table en \u00c9pic\u00e9a Engelmann Massif<\/strong> \u2013 Son clair et r\u00e9actif avec bonne projection<\/li>\n<li data-start=\"2928\" data-end=\"2999\"><strong data-start=\"2928\" data-end=\"2959\">Dos et \u00c9clisses en Ovangkol<\/strong> \u2013 R\u00e9sonance chaleureuse et \u00e9quilibr\u00e9e<\/li>\n<li data-start=\"3002\" data-end=\"3102\"><strong data-start=\"3002\" data-end=\"3031\">Technologie TransAcoustic<\/strong> \u2013 Effets de r\u00e9verb\u00e9ration et chorus int\u00e9gr\u00e9s sans \u00e9quipement externe<\/li>\n<li data-start=\"3105\" data-end=\"3189\"><strong data-start=\"3105\" data-end=\"3147\">Pr\u00e9ampli System70 avec Micro SRT Piezo<\/strong> \u2013 Son naturel lorsqu\u2019elle est amplifi\u00e9e<\/li>\n<li data-start=\"3192\" data-end=\"3250\"><strong data-start=\"3192\" data-end=\"3217\">Touche en Palissandre<\/strong> \u2013 Confort de jeu et durabilit\u00e9<\/li>\n<li data-start=\"3253\" data-end=\"3310\"><strong data-start=\"3253\" data-end=\"3271\">Manche en Nato<\/strong> \u2013 Construction stable et confortable<\/li>\n<li data-start=\"3313\" data-end=\"3374\"><strong data-start=\"3313\" data-end=\"3334\">M\u00e9caniques Dor\u00e9es<\/strong> \u2013 Style \u00e9l\u00e9gant avec accordage pr\u00e9cis<\/li>\n<li data-start=\"3377\" data-end=\"3438\"><strong data-start=\"3377\" data-end=\"3399\">Finition Naturelle<\/strong> \u2013 Esth\u00e9tique classique et intemporelle<\/li>\n<\/ul>\n","protected":false},"excerpt":{"rendered":"<p>La Yamaha CG-TA NT TransAcoustic est une guitare classique innovante qui int\u00e8gre des effets de r\u00e9verb\u00e9ration et de chorus directement dans l\u2019instrument, sans amplificateur ni p\u00e9dales externes. Dot\u00e9e d\u2019une table en \u00e9pic\u00e9a Engelmann massif et d\u2019un dos et \u00e9clisses en ovangkol, elle offre un son chaleureux et \u00e9quilibr\u00e9 avec une excellente projection.<\/p>\n","protected":false},"featured_media":11288,"comment_status":"open","ping_status":"closed","template":"","meta":{"jetpack_publicize_message":"","jetpack_publicize_feature_enabled":true,"jetpack_social_post_already_shared":true,"jetpack_social_options":{"image_generator_settings":{"template":"highway","default_image_id":0,"font":"","enabled":false},"version":2}},"product_brand":[],"product_cat":[61,62],"product_tag":[1016],"class_list":{"0":"post-11289","1":"product","2":"type-product","3":"status-publish","4":"has-post-thumbnail","6":"product_cat-guitares","7":"product_cat-guitares-acoustiques","8":"product_tag-yamaha","10":"first","11":"instock","12":"taxable","13":"shipping-taxable","14":"purchasable","15":"product-type-simple"},"jetpack_publicize_connections":[],"jetpack_sharing_enabled":true,"_links":{"self":[{"href":"https:\/\/www.pianoheritage.com\/fr\/wp-json\/wp\/v2\/product\/11289","targetHints":{"allow":["GET"]}}],"collection":[{"href":"https:\/\/www.pianoheritage.com\/fr\/wp-json\/wp\/v2\/product"}],"about":[{"href":"https:\/\/www.pianoheritage.com\/fr\/wp-json\/wp\/v2\/types\/product"}],"replies":[{"embeddable":true,"href":"https:\/\/www.pianoheritage.com\/fr\/wp-json\/wp\/v2\/comments?post=11289"}],"wp:featuredmedia":[{"embeddable":true,"href":"https:\/\/www.pianoheritage.com\/fr\/wp-json\/wp\/v2\/media\/11288"}],"wp:attachment":[{"href":"https:\/\/www.pianoheritage.com\/fr\/wp-json\/wp\/v2\/media?parent=11289"}],"wp:term":[{"taxonomy":"product_brand","embeddable":true,"href":"https:\/\/www.pianoheritage.com\/fr\/wp-json\/wp\/v2\/product_brand?post=11289"},{"taxonomy":"product_cat","embeddable":true,"href":"https:\/\/www.pianoheritage.com\/fr\/wp-json\/wp\/v2\/product_cat?post=11289"},{"taxonomy":"product_tag","embeddable":true,"href":"https:\/\/www.pianoheritage.com\/fr\/wp-json\/wp\/v2\/product_tag?post=11289"}],"curies":[{"name":"wp","href":"https:\/\/api.w.org\/{rel}","templated":true}]}}