{"id":11271,"date":"2026-03-10T04:43:59","date_gmt":"2026-03-10T08:43:59","guid":{"rendered":"https:\/\/www.pianoheritage.com\/?post_type=product&#038;p=11271"},"modified":"2026-03-10T06:13:33","modified_gmt":"2026-03-10T10:13:33","slug":"guitare-acoustique-electrique-yamaha-apx700ii12bl-cordes","status":"publish","type":"product","link":"https:\/\/www.pianoheritage.com\/fr\/shop\/guitares\/guitares-electriques\/guitare-acoustique-electrique-yamaha-apx700ii12bl-cordes\/","title":{"rendered":"Guitare Acoustique-\u00c9lectrique Yamaha APX700II12BL Cordes"},"content":{"rendered":"<p data-start=\"1556\" data-end=\"2026\">La <strong data-start=\"1559\" data-end=\"1588\">Yamaha APX700II 12 cordes<\/strong> offre un <strong data-start=\"1598\" data-end=\"1644\">son riche, brillant et plein d\u2019harmoniques<\/strong>, parfait pour la sc\u00e8ne et l\u2019enregistrement. Son <strong data-start=\"1693\" data-end=\"1742\">corps mince avec pan coup\u00e9 (thinline cutaway)<\/strong> assure un excellent confort de jeu et un acc\u00e8s facile aux frettes aigu\u00ebs. La <strong data-start=\"1820\" data-end=\"1846\">table en \u00e9pic\u00e9a massif<\/strong> garantit une projection claire et \u00e9quilibr\u00e9e, tandis que le <strong data-start=\"1907\" data-end=\"1934\">syst\u00e8me de micro A.R.T.<\/strong> capture la r\u00e9sonance naturelle de la guitare pour un son amplifi\u00e9 dynamique et authentique.<\/p>\n<ul>\n<li data-start=\"2051\" data-end=\"2128\"><strong data-start=\"2051\" data-end=\"2078\">Configuration 12 Cordes<\/strong> \u2013 Son large et brillant avec riches harmoniques<\/li>\n<li data-start=\"2131\" data-end=\"2216\"><strong data-start=\"2131\" data-end=\"2161\">Corps Mince avec Pan Coup\u00e9<\/strong> \u2013 Confort optimal et acc\u00e8s facile aux frettes aigu\u00ebs<\/li>\n<li data-start=\"2219\" data-end=\"2282\"><strong data-start=\"2219\" data-end=\"2245\">Table en \u00c9pic\u00e9a Massif<\/strong> \u2013 Son clair, puissant et \u00e9quilibr\u00e9<\/li>\n<li data-start=\"2285\" data-end=\"2374\"><strong data-start=\"2285\" data-end=\"2312\">Syst\u00e8me de Micro A.R.T.<\/strong> \u2013 Reproduit fid\u00e8lement la r\u00e9sonance naturelle de la guitare<\/li>\n<li data-start=\"2377\" data-end=\"2459\"><strong data-start=\"2377\" data-end=\"2405\">Design APX pour la Sc\u00e8ne<\/strong> \u2013 Con\u00e7u pour la performance live et l\u2019amplification<\/li>\n<li data-start=\"2462\" data-end=\"2554\"><strong data-start=\"2462\" data-end=\"2487\">Excellente Jouabilit\u00e9<\/strong> \u2013 Manche et corps confortables malgr\u00e9 la configuration 12 cordes<\/li>\n<li data-start=\"2557\" data-end=\"2629\"><strong data-start=\"2557\" data-end=\"2575\">Qualit\u00e9 Yamaha<\/strong> \u2013 Construction durable et performance professionnelle<\/li>\n<\/ul>\n","protected":false},"excerpt":{"rendered":"<p>La Yamaha APX700II 12 cordes offre un son riche, brillant et plein d\u2019harmoniques, parfait pour la sc\u00e8ne et l\u2019enregistrement. Son corps mince avec pan coup\u00e9 (thinline cutaway) assure un excellent confort de jeu et un acc\u00e8s facile aux frettes aigu\u00ebs.<\/p>\n","protected":false},"featured_media":11270,"comment_status":"open","ping_status":"closed","template":"","meta":{"jetpack_publicize_message":"","jetpack_publicize_feature_enabled":true,"jetpack_social_post_already_shared":true,"jetpack_social_options":{"image_generator_settings":{"template":"highway","default_image_id":0,"font":"","enabled":false},"version":2}},"product_brand":[],"product_cat":[61,62,55],"product_tag":[1016],"class_list":{"0":"post-11271","1":"product","2":"type-product","3":"status-publish","4":"has-post-thumbnail","6":"product_cat-guitares","7":"product_cat-guitares-acoustiques","8":"product_cat-guitares-electriques","9":"product_tag-yamaha","11":"first","12":"instock","13":"taxable","14":"shipping-taxable","15":"purchasable","16":"product-type-simple"},"jetpack_publicize_connections":[],"jetpack_sharing_enabled":true,"_links":{"self":[{"href":"https:\/\/www.pianoheritage.com\/fr\/wp-json\/wp\/v2\/product\/11271","targetHints":{"allow":["GET"]}}],"collection":[{"href":"https:\/\/www.pianoheritage.com\/fr\/wp-json\/wp\/v2\/product"}],"about":[{"href":"https:\/\/www.pianoheritage.com\/fr\/wp-json\/wp\/v2\/types\/product"}],"replies":[{"embeddable":true,"href":"https:\/\/www.pianoheritage.com\/fr\/wp-json\/wp\/v2\/comments?post=11271"}],"wp:featuredmedia":[{"embeddable":true,"href":"https:\/\/www.pianoheritage.com\/fr\/wp-json\/wp\/v2\/media\/11270"}],"wp:attachment":[{"href":"https:\/\/www.pianoheritage.com\/fr\/wp-json\/wp\/v2\/media?parent=11271"}],"wp:term":[{"taxonomy":"product_brand","embeddable":true,"href":"https:\/\/www.pianoheritage.com\/fr\/wp-json\/wp\/v2\/product_brand?post=11271"},{"taxonomy":"product_cat","embeddable":true,"href":"https:\/\/www.pianoheritage.com\/fr\/wp-json\/wp\/v2\/product_cat?post=11271"},{"taxonomy":"product_tag","embeddable":true,"href":"https:\/\/www.pianoheritage.com\/fr\/wp-json\/wp\/v2\/product_tag?post=11271"}],"curies":[{"name":"wp","href":"https:\/\/api.w.org\/{rel}","templated":true}]}}