{"id":11259,"date":"2026-03-10T04:29:52","date_gmt":"2026-03-10T08:29:52","guid":{"rendered":"https:\/\/www.pianoheritage.com\/?post_type=product&#038;p=11259"},"modified":"2026-03-10T04:32:05","modified_gmt":"2026-03-10T08:32:05","slug":"guitare-acoustique-electrique-yamaha-apxt2-3-4","status":"publish","type":"product","link":"https:\/\/www.pianoheritage.com\/fr\/shop\/guitares\/guitares-electriques\/guitare-acoustique-electrique-yamaha-apxt2-3-4\/","title":{"rendered":"Guitare Acoustique-\u00c9lectrique Yamaha APXT2 3\/4"},"content":{"rendered":"<p data-start=\"1739\" data-end=\"2219\">La <strong data-start=\"1742\" data-end=\"1758\">Yamaha APXT2<\/strong> est une <strong data-start=\"1767\" data-end=\"1815\">version compacte 3\/4 de la c\u00e9l\u00e8bre s\u00e9rie APX<\/strong>, id\u00e9ale pour les musiciens en d\u00e9placement. Gr\u00e2ce \u00e0 sa <strong data-start=\"1870\" data-end=\"1913\">table en \u00e9pic\u00e9a et son corps APX r\u00e9duit<\/strong>, elle offre un son clair et naturel dans un format facile \u00e0 transporter. \u00c9quip\u00e9e du <strong data-start=\"1998\" data-end=\"2055\">syst\u00e8me de micro ART et d\u2019un accordeur int\u00e9gr\u00e9 Yamaha<\/strong>, cette guitare est parfaite pour la pratique, les voyages et les petites performances. Une <strong data-start=\"2147\" data-end=\"2177\">housse de transport Yamaha<\/strong> est incluse pour une protection pratique.<\/p>\n<ul>\n<li data-start=\"2244\" data-end=\"2359\"><strong data-start=\"2244\" data-end=\"2266\">Format Compact 3\/4<\/strong> \u2013 Id\u00e9al pour les voyages, les d\u00e9butants et les joueurs recherchant une guitare plus petite<\/li>\n<li data-start=\"2362\" data-end=\"2427\"><strong data-start=\"2362\" data-end=\"2382\">Corps APX R\u00e9duit<\/strong> \u2013 Confort de jeu et excellente maniabilit\u00e9<\/li>\n<li data-start=\"2430\" data-end=\"2486\"><strong data-start=\"2430\" data-end=\"2449\">Table en \u00c9pic\u00e9a<\/strong> \u2013 Son clair, brillant et \u00e9quilibr\u00e9<\/li>\n<li data-start=\"2489\" data-end=\"2590\"><strong data-start=\"2489\" data-end=\"2513\">Syst\u00e8me de Micro ART<\/strong> \u2013 Reproduit fid\u00e8lement le son acoustique naturel lorsqu\u2019elle est amplifi\u00e9e<\/li>\n<li data-start=\"2593\" data-end=\"2652\"><strong data-start=\"2593\" data-end=\"2621\">Accordeur Yamaha Int\u00e9gr\u00e9<\/strong> \u2013 Accordage pr\u00e9cis et rapide<\/li>\n<li data-start=\"2655\" data-end=\"2751\"><strong data-start=\"2655\" data-end=\"2689\">Fonction Acoustique-\u00c9lectrique<\/strong> \u2013 Peut \u00eatre branch\u00e9e \u00e0 un amplificateur ou un syst\u00e8me audio<\/li>\n<li data-start=\"2754\" data-end=\"2847\"><strong data-start=\"2754\" data-end=\"2776\">L\u00e9g\u00e8re et Portable<\/strong> \u2013 Parfaite pour la pratique, les voyages ou les sessions informelles<\/li>\n<li data-start=\"2850\" data-end=\"2930\"><strong data-start=\"2850\" data-end=\"2888\">Housse de Transport Yamaha Incluse<\/strong> \u2013 Protection pratique et transport facile<\/li>\n<\/ul>\n","protected":false},"excerpt":{"rendered":"<p>La Yamaha APXT2 est une version compacte 3\/4 de la c\u00e9l\u00e8bre s\u00e9rie APX, id\u00e9ale pour les musiciens en d\u00e9placement. Gr\u00e2ce \u00e0 sa table en \u00e9pic\u00e9a et son corps APX r\u00e9duit, elle offre un son clair et naturel dans un format facile \u00e0 transporter. \u00c9quip\u00e9e du syst\u00e8me de micro ART et d\u2019un accordeur int\u00e9gr\u00e9 Yamaha, cette guitare est parfaite pour la pratique, les voyages et les petites performances.<\/p>\n","protected":false},"featured_media":11251,"comment_status":"open","ping_status":"closed","template":"","meta":{"jetpack_publicize_message":"","jetpack_publicize_feature_enabled":true,"jetpack_social_post_already_shared":true,"jetpack_social_options":{"image_generator_settings":{"template":"highway","default_image_id":0,"font":"","enabled":false},"version":2}},"product_brand":[],"product_cat":[61,62,55],"product_tag":[1016],"class_list":{"0":"post-11259","1":"product","2":"type-product","3":"status-publish","4":"has-post-thumbnail","6":"product_cat-guitares","7":"product_cat-guitares-acoustiques","8":"product_cat-guitares-electriques","9":"product_tag-yamaha","11":"first","12":"outofstock","13":"taxable","14":"shipping-taxable","15":"purchasable","16":"product-type-variable"},"jetpack_publicize_connections":[],"jetpack_sharing_enabled":true,"_links":{"self":[{"href":"https:\/\/www.pianoheritage.com\/fr\/wp-json\/wp\/v2\/product\/11259","targetHints":{"allow":["GET"]}}],"collection":[{"href":"https:\/\/www.pianoheritage.com\/fr\/wp-json\/wp\/v2\/product"}],"about":[{"href":"https:\/\/www.pianoheritage.com\/fr\/wp-json\/wp\/v2\/types\/product"}],"replies":[{"embeddable":true,"href":"https:\/\/www.pianoheritage.com\/fr\/wp-json\/wp\/v2\/comments?post=11259"}],"wp:featuredmedia":[{"embeddable":true,"href":"https:\/\/www.pianoheritage.com\/fr\/wp-json\/wp\/v2\/media\/11251"}],"wp:attachment":[{"href":"https:\/\/www.pianoheritage.com\/fr\/wp-json\/wp\/v2\/media?parent=11259"}],"wp:term":[{"taxonomy":"product_brand","embeddable":true,"href":"https:\/\/www.pianoheritage.com\/fr\/wp-json\/wp\/v2\/product_brand?post=11259"},{"taxonomy":"product_cat","embeddable":true,"href":"https:\/\/www.pianoheritage.com\/fr\/wp-json\/wp\/v2\/product_cat?post=11259"},{"taxonomy":"product_tag","embeddable":true,"href":"https:\/\/www.pianoheritage.com\/fr\/wp-json\/wp\/v2\/product_tag?post=11259"}],"curies":[{"name":"wp","href":"https:\/\/api.w.org\/{rel}","templated":true}]}}