{"id":11224,"date":"2026-03-10T03:57:54","date_gmt":"2026-03-10T07:57:54","guid":{"rendered":"https:\/\/www.pianoheritage.com\/?post_type=product&#038;p=11224"},"modified":"2026-03-10T03:59:00","modified_gmt":"2026-03-10T07:59:00","slug":"guitare-acoustique-fg800j-yamaha-dreadnought-a-table-en-epicea-massif","status":"publish","type":"product","link":"https:\/\/www.pianoheritage.com\/fr\/shop\/guitares\/guitare-acoustique-fg800j-yamaha-dreadnought-a-table-en-epicea-massif\/","title":{"rendered":"Guitare Acoustique FG800J Yamaha Dreadnought \u00e0 Table en \u00c9pic\u00e9a Massif"},"content":{"rendered":"<p data-start=\"1359\" data-end=\"1736\">La guitare acoustique dreadnought Yamaha offre un son riche, \u00e9quilibr\u00e9 et une grande durabilit\u00e9 avec un design classique. Dot\u00e9e d\u2019une <strong data-start=\"1493\" data-end=\"1544\">table en \u00e9pic\u00e9a massif et d\u2019un barrage scallop\u00e9<\/strong>, elle produit une tonalit\u00e9 authentique et puissante. Gr\u00e2ce au savoir-faire reconnu de Yamaha, cette guitare est un choix fiable et abordable pour les guitaristes d\u00e9butants comme exp\u00e9riment\u00e9s.<\/p>\n<ul>\n<li data-start=\"1763\" data-end=\"1832\"><strong data-start=\"1763\" data-end=\"1793\">Corps de Style Dreadnought<\/strong> \u2013 Son acoustique puissant et profond<\/li>\n<li data-start=\"1835\" data-end=\"1907\"><strong data-start=\"1835\" data-end=\"1861\">Table en \u00c9pic\u00e9a Massif<\/strong> \u2013 Am\u00e9liore la clart\u00e9 et la r\u00e9sonance du son<\/li>\n<li data-start=\"1910\" data-end=\"1978\"><strong data-start=\"1910\" data-end=\"1946\">Dos et \u00c9clisses en Nato\/Mahogany<\/strong> \u2013 Offre chaleur et robustesse<\/li>\n<li data-start=\"1981\" data-end=\"2048\"><strong data-start=\"1981\" data-end=\"2001\">Barrage Scallop\u00e9<\/strong> \u2013 Optimise la vibration et l\u2019\u00e9quilibre tonal<\/li>\n<li data-start=\"2051\" data-end=\"2127\"><strong data-start=\"2051\" data-end=\"2088\">Touche et Chevalet en Palissandre<\/strong> \u2013 Confort de jeu et finition premium<\/li>\n<li data-start=\"2130\" data-end=\"2196\"><strong data-start=\"2130\" data-end=\"2153\">Design Traditionnel<\/strong> \u2013 Style classique avec la qualit\u00e9 Yamaha<\/li>\n<li data-start=\"2199\" data-end=\"2273\"><strong data-start=\"2199\" data-end=\"2224\">Id\u00e9ale pour D\u00e9butants<\/strong> \u2013 Parfaite pour les guitaristes qui commencent<\/li>\n<\/ul>\n","protected":false},"excerpt":{"rendered":"<p>La guitare acoustique dreadnought Yamaha offre un son riche, \u00e9quilibr\u00e9 et une grande durabilit\u00e9 avec un design classique. Dot\u00e9e d\u2019une table en \u00e9pic\u00e9a massif et d\u2019un barrage scallop\u00e9, elle produit une tonalit\u00e9 authentique et puissante. Gr\u00e2ce au savoir-faire reconnu de Yamaha, cette guitare est un choix fiable et abordable pour les guitaristes d\u00e9butants comme exp\u00e9riment\u00e9s.<\/p>\n","protected":false},"featured_media":11197,"comment_status":"open","ping_status":"closed","template":"","meta":{"jetpack_publicize_message":"","jetpack_publicize_feature_enabled":true,"jetpack_social_post_already_shared":true,"jetpack_social_options":{"image_generator_settings":{"template":"highway","default_image_id":0,"font":"","enabled":false},"version":2}},"product_brand":[],"product_cat":[61,62],"product_tag":[1016],"class_list":{"0":"post-11224","1":"product","2":"type-product","3":"status-publish","4":"has-post-thumbnail","6":"product_cat-guitares","7":"product_cat-guitares-acoustiques","8":"product_tag-yamaha","10":"first","11":"outofstock","12":"taxable","13":"shipping-taxable","14":"purchasable","15":"product-type-variable"},"jetpack_publicize_connections":[],"jetpack_sharing_enabled":true,"_links":{"self":[{"href":"https:\/\/www.pianoheritage.com\/fr\/wp-json\/wp\/v2\/product\/11224","targetHints":{"allow":["GET"]}}],"collection":[{"href":"https:\/\/www.pianoheritage.com\/fr\/wp-json\/wp\/v2\/product"}],"about":[{"href":"https:\/\/www.pianoheritage.com\/fr\/wp-json\/wp\/v2\/types\/product"}],"replies":[{"embeddable":true,"href":"https:\/\/www.pianoheritage.com\/fr\/wp-json\/wp\/v2\/comments?post=11224"}],"wp:featuredmedia":[{"embeddable":true,"href":"https:\/\/www.pianoheritage.com\/fr\/wp-json\/wp\/v2\/media\/11197"}],"wp:attachment":[{"href":"https:\/\/www.pianoheritage.com\/fr\/wp-json\/wp\/v2\/media?parent=11224"}],"wp:term":[{"taxonomy":"product_brand","embeddable":true,"href":"https:\/\/www.pianoheritage.com\/fr\/wp-json\/wp\/v2\/product_brand?post=11224"},{"taxonomy":"product_cat","embeddable":true,"href":"https:\/\/www.pianoheritage.com\/fr\/wp-json\/wp\/v2\/product_cat?post=11224"},{"taxonomy":"product_tag","embeddable":true,"href":"https:\/\/www.pianoheritage.com\/fr\/wp-json\/wp\/v2\/product_tag?post=11224"}],"curies":[{"name":"wp","href":"https:\/\/api.w.org\/{rel}","templated":true}]}}